{"id":748797,"date":"2025-08-28T03:39:32","date_gmt":"2025-08-28T00:39:32","guid":{"rendered":"https:\/\/roveyayinevi.com.tr\/index.php\/urun\/sinemasal-05-brecht\/"},"modified":"2026-04-16T03:01:36","modified_gmt":"2026-04-16T00:01:36","slug":"sinemasal-05-brecht","status":"publish","type":"product","link":"https:\/\/roveyayinevi.com.tr\/index.php\/urun\/sinemasal-05-brecht\/","title":{"rendered":"Sinemasal-05 \u201cBrecht\u201d"},"content":{"rendered":"<p>\u00dcmit \u00dcnal Hocam Mutlu Parkan Dilara Balc\u0131 G\u00fclp\u0131nar Sinemada \u201cG\u00f6sterme\u201dye Rakip Olarak \u201cAnlatma\u201d: Ye\u015fil\u00e7am Filmlerinde Diegetik Anlat\u0131m, Anlat\u0131c\u0131 T\u00fcrleri ve \u0130\u015flevleri Utku \u00c7\u0131rak Brecht Esteti\u011fi ve Cafer Penahi Sinemas\u0131: Ayna (1997) Sabire Soytok G\u00f6r\u00fcnenin Ard\u0131ndaki Ger\u00e7e\u011fe Bakma Denemesi: G\u00f6lgeler \u0130\u00e7inde Zahid \u00c7etinkaya Sinir Krizinin E\u015fi\u011findeki Kad\u0131nlar Filminin Brecht\u2019in \u201cYabanc\u0131la\u015ft\u0131rma\u201d ve \u201cGestus\u201d Kavramlar\u0131 \u00dczerinden \u0130ncelenmesi Ya\u011fmur T\u00fcrkan Caner Brechtyen Bak\u0131\u015f A\u00e7\u0131s\u0131 \u00dczerinden Abbas Kiyar\u00fcstemi Sinemas\u0131n\u0131n Estetik Unsurlar\u0131 Hamdi Murat Karak\u00fct\u00fck Epik, Melodramatik ve Diyalektik In Einem Jahr Mit 13 Monden (13 Ayl\u0131 Bir Y\u0131lda) Filminde Brechtyen Esteti\u011fin Sinemasal Etkileri Selda Kulluk Yerdelen Bertolt Brecht\u2019in Tasar\u0131mc\u0131lar\u0131ndan Biri ve Modern Fotomontaj\u0131n Yarat\u0131c\u0131s\u0131: John Heartfield Atay Gergin Sinematografik ve Teatral Anlat\u0131m \u0130li\u015fkisi Ba\u011flam\u0131nda Bir Tasar\u0131m S\u00fcreci: Bertolt Brecht &amp; Elisabeth Hauptmann\u2019\u0131n \u201cMutlu Son\u201d Oyunu Z\u00fchal \u00c7etin \u00d6zkan \u2018Gen\u00e7 Sinema\u2019 Dergisi \u00dczerine\u2026 Sabire Soytok &amp; Enis R\u0131za Enis R\u0131za ile Mutlu Parkan ve Gen\u00e7 Sinemac\u0131lar \u00dczerine Bir S\u00f6yle\u015f<\/p>\n","protected":false},"excerpt":{"rendered":"<p>\u00dcmit \u00dcnal Hocam Mutlu Parkan Dilara Balc\u0131 G\u00fclp\u0131nar Sinemada \u201cG\u00f6sterme\u201dye Rakip Olarak \u201cAnlatma\u201d: Ye\u015fil\u00e7am Filmlerinde Diegetik Anlat\u0131m, Anlat\u0131c\u0131 T\u00fcrleri ve \u0130\u015flevleri Utku \u00c7\u0131rak Brecht Esteti\u011fi ve<span class=\"excerpt-hellip\"> [\u2026]<\/span><\/p>\n","protected":false},"featured_media":0,"template":"","meta":{"_monsterinsights_skip_tracking":false,"_monsterinsights_sitenote_active":false,"_monsterinsights_sitenote_note":"","_monsterinsights_sitenote_category":0},"product_brand":[],"product_cat":[12409,12408],"product_tag":[],"class_list":{"0":"post-748797","1":"product","2":"type-product","3":"status-publish","5":"product_cat-fotograf-sinema-tiyatro","6":"product_cat-sanat","7":"pa_cilt-ciltsiz","8":"pa_tur-kitap","9":"pa_yayinevi-dogu-bati-yayinlari","10":"pa_yazar-kolektif","12":"first","13":"instock","14":"sale","15":"shipping-taxable","16":"purchasable","17":"product-type-simple"},"_links":{"self":[{"href":"https:\/\/roveyayinevi.com.tr\/index.php\/wp-json\/wp\/v2\/product\/748797","targetHints":{"allow":["GET"]}}],"collection":[{"href":"https:\/\/roveyayinevi.com.tr\/index.php\/wp-json\/wp\/v2\/product"}],"about":[{"href":"https:\/\/roveyayinevi.com.tr\/index.php\/wp-json\/wp\/v2\/types\/product"}],"wp:attachment":[{"href":"https:\/\/roveyayinevi.com.tr\/index.php\/wp-json\/wp\/v2\/media?parent=748797"}],"wp:term":[{"taxonomy":"product_brand","embeddable":true,"href":"https:\/\/roveyayinevi.com.tr\/index.php\/wp-json\/wp\/v2\/product_brand?post=748797"},{"taxonomy":"product_cat","embeddable":true,"href":"https:\/\/roveyayinevi.com.tr\/index.php\/wp-json\/wp\/v2\/product_cat?post=748797"},{"taxonomy":"product_tag","embeddable":true,"href":"https:\/\/roveyayinevi.com.tr\/index.php\/wp-json\/wp\/v2\/product_tag?post=748797"}],"curies":[{"name":"wp","href":"https:\/\/api.w.org\/{rel}","templated":true}]}}