{"id":748795,"date":"2025-08-28T03:39:30","date_gmt":"2025-08-28T00:39:30","guid":{"rendered":"https:\/\/roveyayinevi.com.tr\/index.php\/urun\/zihin-tasarimi-psikomimarinin-temel-ilkeleri\/"},"modified":"2026-04-16T03:01:36","modified_gmt":"2026-04-16T00:01:36","slug":"zihin-tasarimi-psikomimarinin-temel-ilkeleri","status":"publish","type":"product","link":"https:\/\/roveyayinevi.com.tr\/index.php\/urun\/zihin-tasarimi-psikomimarinin-temel-ilkeleri\/","title":{"rendered":"Zihin Tasar\u0131m\u0131: Psikomimarinin Temel \u0130lkeleri"},"content":{"rendered":"<p>Zihin Tasar\u0131m\u0131: Psikomimarinin Temel \u0130lkeleriRyan A Bush \u0130steyen ve karar veren herkes  kendi beyninin heykelt\u0131ra\u015f\u0131 olabilir. Kendinizde de\u011fi\u015fmez g\u00f6rd\u00fc\u011f\u00fcn\u00fcz zorlay\u0131c\u0131 par\u00e7alar\u0131n \u00fcstesinden gelebilece\u011finizi d\u00fc\u015f\u00fcn\u00fcyor musunuz? Zihninizdeki varsay\u0131lan ayarlar\u0131 d\u00f6n\u00fc\u015ft\u00fcrmek i\u00e7in kar\u015f\u0131 konulmaz bir iste\u011finiz mi var? \u00c7izginin \u00f6tesine ge\u00e7mek, s\u0131n\u0131rlar\u0131 y\u0131kmak ve ger\u00e7ekli\u011fin do\u011frudan g\u00f6z\u00fcn\u00fcn i\u00e7ine bakmak i\u00e7in \u00e7\u0131k\u0131\u015f yollar\u0131 m\u0131 ar\u0131yorsunuz? Psikomimari, kendi kendini y\u00f6neten psikolojik bir evrim ve  kendi i\u015fletim sisteminizi yeniden programlaman\u0131z\u0131 sa\u011flayan eylemler b\u00fct\u00fcn\u00fcd\u00fcr. Bu zihin tasar\u0131m\u0131 modeli, kendi zihninizin fi\u015fini \u00e7ekmenizi, tekrarlayan deneyimlerin alt\u0131nda yatan \u00f6r\u00fcnt\u00fcleri tespit etmenizi ve kendi ayd\u0131nlanman\u0131z\u0131n mimar\u0131 olman\u0131z\u0131 sa\u011flar.D\u00fc\u015f\u00fcn\u00fcr ve tasar\u0131mc\u0131 Ryan A Bush t\u00fcm d\u00fcnyada geni\u015f yank\u0131 uyand\u0131ran Zihin Tasar\u0131m\u0131 kitab\u0131yla , psikolojik evrimin en ince ayr\u0131nt\u0131lar\u0131na dek inerek, cesur ve \u00e7arp\u0131c\u0131 bak\u0131\u015f a\u00e7\u0131s\u0131yla Marcus Aurelius, Lao Tzu, Friedrich Nietzsche ve Abraham Maslow gibi efsanevi d\u00fc\u015f\u00fcn\u00fcrlerden faydalan\u0131yor. Fark\u0131ndal\u0131kla transh\u00fcmanizmi, evrimci psikolojiyle Stoac\u0131l\u0131\u011f\u0131 ve n\u00f6robilimle Budizmi ustal\u0131kla bir araya getiren bu kitap hem  felsefi  bir manifesto hem de pratik bir rehberi olarak kendinizde in\u015fa edece\u011finiz  devrimc d\u00f6n\u00fc\u015f\u00fcm\u00fcn kap\u0131lar\u0131n\u0131 aral\u0131yor. <\/p>\n","protected":false},"excerpt":{"rendered":"<p>Zihin Tasar\u0131m\u0131: Psikomimarinin Temel \u0130lkeleriRyan A Bush \u0130steyen ve karar veren herkes kendi beyninin heykelt\u0131ra\u015f\u0131 olabilir. Kendinizde de\u011fi\u015fmez g\u00f6rd\u00fc\u011f\u00fcn\u00fcz zorlay\u0131c\u0131 par\u00e7alar\u0131n \u00fcstesinden gelebilece\u011finizi d\u00fc\u015f\u00fcn\u00fcyor musunuz? Zihninizdeki<span class=\"excerpt-hellip\"> [\u2026]<\/span><\/p>\n","protected":false},"featured_media":0,"template":"","meta":{"_monsterinsights_skip_tracking":false,"_monsterinsights_sitenote_active":false,"_monsterinsights_sitenote_note":"","_monsterinsights_sitenote_category":0},"product_brand":[],"product_cat":[12364,12376],"product_tag":[],"class_list":{"0":"post-748795","1":"product","2":"type-product","3":"status-publish","5":"product_cat-genel-konular","6":"product_cat-kisisel-gelisim","7":"pa_cilt-ciltsiz","8":"pa_tur-kitap","9":"pa_yayinevi-serenad-yayinevi","10":"pa_yazar-ryan-a-bush","12":"first","13":"instock","14":"sale","15":"shipping-taxable","16":"purchasable","17":"product-type-simple"},"_links":{"self":[{"href":"https:\/\/roveyayinevi.com.tr\/index.php\/wp-json\/wp\/v2\/product\/748795","targetHints":{"allow":["GET"]}}],"collection":[{"href":"https:\/\/roveyayinevi.com.tr\/index.php\/wp-json\/wp\/v2\/product"}],"about":[{"href":"https:\/\/roveyayinevi.com.tr\/index.php\/wp-json\/wp\/v2\/types\/product"}],"wp:attachment":[{"href":"https:\/\/roveyayinevi.com.tr\/index.php\/wp-json\/wp\/v2\/media?parent=748795"}],"wp:term":[{"taxonomy":"product_brand","embeddable":true,"href":"https:\/\/roveyayinevi.com.tr\/index.php\/wp-json\/wp\/v2\/product_brand?post=748795"},{"taxonomy":"product_cat","embeddable":true,"href":"https:\/\/roveyayinevi.com.tr\/index.php\/wp-json\/wp\/v2\/product_cat?post=748795"},{"taxonomy":"product_tag","embeddable":true,"href":"https:\/\/roveyayinevi.com.tr\/index.php\/wp-json\/wp\/v2\/product_tag?post=748795"}],"curies":[{"name":"wp","href":"https:\/\/api.w.org\/{rel}","templated":true}]}}