{"id":748794,"date":"2025-08-28T03:39:28","date_gmt":"2025-08-28T00:39:28","guid":{"rendered":"https:\/\/roveyayinevi.com.tr\/index.php\/urun\/steelstriker-celik-savasci-ciltli\/"},"modified":"2026-04-16T03:01:36","modified_gmt":"2026-04-16T00:01:36","slug":"steelstriker-celik-savasci-ciltli","status":"publish","type":"product","link":"https:\/\/roveyayinevi.com.tr\/index.php\/urun\/steelstriker-celik-savasci-ciltli\/","title":{"rendered":"Steelstriker: \u00c7elik Sava\u015f\u00e7\u0131 (Ciltli)"},"content":{"rendered":"<p>NEW YORK TIMES\u2019IN \u00c7OKSATAN YAZARI MARIE LU, SKYHUNTER\u0130LE BA\u015eLADI\u011eI MACERA SER\u0130S\u0130NE, STEELSTRIKER: \u00c7EL\u0130K SAVA\u015e\u00c7I K\u0130TABIYLA HEYECAN DOLU B\u0130R SON VER\u0130YOR.  Karensa Birli\u011fi\u2019nin zul\u00fcmlerine direnen tek ulus olan Mara d\u00fc\u015fm\u00fc\u015f ve t\u00fcm bu felaketin ard\u0131ndan Talin bir ba\u015f\u0131na kalm\u0131\u015ft\u0131r. Sava\u015f nedeniyle arkada\u015flar\u0131ndan ayr\u0131 d\u00fc\u015fen ve Ba\u015fkan taraf\u0131ndan annesi esir al\u0131nan Talin, onu hayatta tutmak i\u00e7in Sava\u015f\u00e7\u0131 arkada\u015flar\u0131na ve ikinci vatan\u0131 Mara\u2019ya ihanet etmek zorunda kal\u0131r. Art\u0131k Birlik\u2019in yeni Steelstriker\u2019\u0131, yeni sava\u015f makinesi odur. T\u00fcm ya\u015fananlara ra\u011fmen Red, Talin\u2019den vazge\u00e7memi\u015ftir. Aralar\u0131ndaki zay\u0131f ba\u011f, Talin\u2019i, Mara\u2019y\u0131 ve geleceklerini kurtarmak i\u00e7in tek umududur. Talin ve Red, Sava\u015f\u00e7\u0131lar\u0131 yeniden bir araya getirmeli, Birlik\u2019e kar\u015f\u0131 sava\u015fmal\u0131 ve eve geri d\u00f6nmenin bir yolunu bulmal\u0131d\u0131r! \u201cHeyecan verici, ince d\u00fc\u015f\u00fcn\u00fclm\u00fc\u015f, bol aksiyon ve sempatik karakterlerle dolu bir hik\u00e2ye.\u201d-  Kirkus Reviews \u201cDistopik bir hik\u00e2yenin ac\u0131mas\u0131z ama bir o kadar da tatmin edici sonu.\u201d-  School Library Journal<\/p>\n","protected":false},"excerpt":{"rendered":"<p>NEW YORK TIMES\u2019IN \u00c7OKSATAN YAZARI MARIE LU, SKYHUNTER\u0130LE BA\u015eLADI\u011eI MACERA SER\u0130S\u0130NE, STEELSTRIKER: \u00c7EL\u0130K SAVA\u015e\u00c7I K\u0130TABIYLA HEYECAN DOLU B\u0130R SON VER\u0130YOR. Karensa Birli\u011fi\u2019nin zul\u00fcmlerine direnen tek ulus<span class=\"excerpt-hellip\"> [\u2026]<\/span><\/p>\n","protected":false},"featured_media":0,"template":"","meta":{"_monsterinsights_skip_tracking":false,"_monsterinsights_sitenote_active":false,"_monsterinsights_sitenote_note":"","_monsterinsights_sitenote_category":0},"product_brand":[],"product_cat":[12291,50487],"product_tag":[],"class_list":{"0":"post-748794","1":"product","2":"type-product","3":"status-publish","5":"product_cat-edebiyat","6":"product_cat-kurgu","7":"pa_cilt-ciltli","8":"pa_tur-kitap","9":"pa_yayinevi-epsilon-yayinlari","10":"pa_yazar-marie-lu","12":"first","13":"instock","14":"sale","15":"shipping-taxable","16":"purchasable","17":"product-type-simple"},"_links":{"self":[{"href":"https:\/\/roveyayinevi.com.tr\/index.php\/wp-json\/wp\/v2\/product\/748794","targetHints":{"allow":["GET"]}}],"collection":[{"href":"https:\/\/roveyayinevi.com.tr\/index.php\/wp-json\/wp\/v2\/product"}],"about":[{"href":"https:\/\/roveyayinevi.com.tr\/index.php\/wp-json\/wp\/v2\/types\/product"}],"wp:attachment":[{"href":"https:\/\/roveyayinevi.com.tr\/index.php\/wp-json\/wp\/v2\/media?parent=748794"}],"wp:term":[{"taxonomy":"product_brand","embeddable":true,"href":"https:\/\/roveyayinevi.com.tr\/index.php\/wp-json\/wp\/v2\/product_brand?post=748794"},{"taxonomy":"product_cat","embeddable":true,"href":"https:\/\/roveyayinevi.com.tr\/index.php\/wp-json\/wp\/v2\/product_cat?post=748794"},{"taxonomy":"product_tag","embeddable":true,"href":"https:\/\/roveyayinevi.com.tr\/index.php\/wp-json\/wp\/v2\/product_tag?post=748794"}],"curies":[{"name":"wp","href":"https:\/\/api.w.org\/{rel}","templated":true}]}}