{"id":748784,"date":"2025-08-28T03:39:14","date_gmt":"2025-08-28T00:39:14","guid":{"rendered":"https:\/\/roveyayinevi.com.tr\/index.php\/urun\/en-uzun-uyku\/"},"modified":"2026-04-16T03:01:36","modified_gmt":"2026-04-16T00:01:36","slug":"en-uzun-uyku","status":"publish","type":"product","link":"https:\/\/roveyayinevi.com.tr\/index.php\/urun\/en-uzun-uyku\/","title":{"rendered":"En Uzun Uyku"},"content":{"rendered":"<p>Sab\u0131rs\u0131zlar \u0130\u00e7in K\u0131ymetli Hik\u00e2yelere Ula\u015fma Rehberi\u2019ni hi\u00e7 duydunuz mu? Peki y\u00fcz y\u0131llar s\u00fcren Ashab-\u0131 Kehf &#8216;in uykusunu&#8230; Ben de yeni duydum. Ama kafam biraz kar\u0131\u015f\u0131k. Bir dakikada bin soru sormay\u0131 severim de cevaplar\u0131n hepsini dinlemeye vaktim yok. \u015eimdi bu hik\u00e2yeyi ad\u0131m ad\u0131m \u00f6\u011frenmeye nas\u0131l sabredece\u011fim?<\/p>\n","protected":false},"excerpt":{"rendered":"<p>Sab\u0131rs\u0131zlar \u0130\u00e7in K\u0131ymetli Hik\u00e2yelere Ula\u015fma Rehberi\u2019ni hi\u00e7 duydunuz mu? Peki y\u00fcz y\u0131llar s\u00fcren Ashab-\u0131 Kehf &#8216;in uykusunu&#8230; Ben de yeni duydum. Ama kafam biraz kar\u0131\u015f\u0131k. Bir<span class=\"excerpt-hellip\"> [\u2026]<\/span><\/p>\n","protected":false},"featured_media":0,"template":"","meta":{"_monsterinsights_skip_tracking":false,"_monsterinsights_sitenote_active":false,"_monsterinsights_sitenote_note":"","_monsterinsights_sitenote_category":0},"product_brand":[],"product_cat":[12274,12284],"product_tag":[],"class_list":{"0":"post-748784","1":"product","2":"type-product","3":"status-publish","5":"product_cat-cocuk-ve-genclik-kitaplari","6":"product_cat-hikayeler","7":"pa_cilt-ciltsiz","8":"pa_tur-kitap","9":"pa_yayinevi-gulce-kitap","10":"pa_yazar-merve-ozcan","12":"first","13":"instock","14":"sale","15":"shipping-taxable","16":"purchasable","17":"product-type-simple"},"_links":{"self":[{"href":"https:\/\/roveyayinevi.com.tr\/index.php\/wp-json\/wp\/v2\/product\/748784","targetHints":{"allow":["GET"]}}],"collection":[{"href":"https:\/\/roveyayinevi.com.tr\/index.php\/wp-json\/wp\/v2\/product"}],"about":[{"href":"https:\/\/roveyayinevi.com.tr\/index.php\/wp-json\/wp\/v2\/types\/product"}],"wp:attachment":[{"href":"https:\/\/roveyayinevi.com.tr\/index.php\/wp-json\/wp\/v2\/media?parent=748784"}],"wp:term":[{"taxonomy":"product_brand","embeddable":true,"href":"https:\/\/roveyayinevi.com.tr\/index.php\/wp-json\/wp\/v2\/product_brand?post=748784"},{"taxonomy":"product_cat","embeddable":true,"href":"https:\/\/roveyayinevi.com.tr\/index.php\/wp-json\/wp\/v2\/product_cat?post=748784"},{"taxonomy":"product_tag","embeddable":true,"href":"https:\/\/roveyayinevi.com.tr\/index.php\/wp-json\/wp\/v2\/product_tag?post=748784"}],"curies":[{"name":"wp","href":"https:\/\/api.w.org\/{rel}","templated":true}]}}