{"id":748783,"date":"2025-08-28T03:39:12","date_gmt":"2025-08-28T00:39:12","guid":{"rendered":"https:\/\/roveyayinevi.com.tr\/index.php\/urun\/selamin-gucu-guzel-dinim-tatli-degerlerim\/"},"modified":"2026-04-16T03:01:36","modified_gmt":"2026-04-16T00:01:36","slug":"selamin-gucu-guzel-dinim-tatli-degerlerim","status":"publish","type":"product","link":"https:\/\/roveyayinevi.com.tr\/index.php\/urun\/selamin-gucu-guzel-dinim-tatli-degerlerim\/","title":{"rendered":"Selam\u0131n G\u00fcc\u00fc &#8211; G\u00fczel Dinim Tatl\u0131 De\u011ferlerim"},"content":{"rendered":"<p>&#8220;G\u00fczel Dinim Tatl\u0131 De\u011ferlerim&#8221; serisiyle \u00e7ocuklar\u0131n g\u00fczel bir hik\u00e2ye okumas\u0131n\u0131n yan\u0131nda \u201cahlaki de\u011ferleri\u201d \u00f6\u011frenmeleri de ama\u00e7lanmaktad\u0131r.Serinin bu kitab\u0131nda dinimizin \u00e7ok \u00f6nemli de\u011ferlerinden biri olan &#8220;selamla\u015fma&#8221; anlat\u0131l\u0131yor.Kitab\u0131n sonuna konulan etkinliklerle de bu anlat\u0131m peki\u015ftiriliyor. Haydi durma selam ver \u00e7i\u00e7eklere, ku\u015flara ve a\u011fa\u00e7lara&#8230;Selam ver anne, baba, karde\u015f ve arkada\u015f\u0131na&#8230;Bil ki selam verip ald\u0131k\u00e7a kalbindeki sevgi, g\u00fcl\u00fcc\u00fck olacak ve artarak \u00e7o\u011falacak&#8230;   <\/p>\n","protected":false},"excerpt":{"rendered":"<p>&#8220;G\u00fczel Dinim Tatl\u0131 De\u011ferlerim&#8221; serisiyle \u00e7ocuklar\u0131n g\u00fczel bir hik\u00e2ye okumas\u0131n\u0131n yan\u0131nda \u201cahlaki de\u011ferleri\u201d \u00f6\u011frenmeleri de ama\u00e7lanmaktad\u0131r.Serinin bu kitab\u0131nda dinimizin \u00e7ok \u00f6nemli de\u011ferlerinden biri olan &#8220;selamla\u015fma&#8221; anlat\u0131l\u0131yor.Kitab\u0131n<span class=\"excerpt-hellip\"> [\u2026]<\/span><\/p>\n","protected":false},"featured_media":0,"template":"","meta":{"_monsterinsights_skip_tracking":false,"_monsterinsights_sitenote_active":false,"_monsterinsights_sitenote_note":"","_monsterinsights_sitenote_category":0},"product_brand":[],"product_cat":[12274,18802],"product_tag":[],"class_list":{"0":"post-748783","1":"product","2":"type-product","3":"status-publish","5":"product_cat-cocuk-ve-genclik-kitaplari","6":"product_cat-din-egitimi","7":"pa_cilt-ciltsiz","8":"pa_tur-kitap","9":"pa_yayinevi-gulce-kitap","10":"pa_yazar-arzu-aydos-demir","12":"first","13":"instock","14":"sale","15":"shipping-taxable","16":"purchasable","17":"product-type-simple"},"_links":{"self":[{"href":"https:\/\/roveyayinevi.com.tr\/index.php\/wp-json\/wp\/v2\/product\/748783","targetHints":{"allow":["GET"]}}],"collection":[{"href":"https:\/\/roveyayinevi.com.tr\/index.php\/wp-json\/wp\/v2\/product"}],"about":[{"href":"https:\/\/roveyayinevi.com.tr\/index.php\/wp-json\/wp\/v2\/types\/product"}],"wp:attachment":[{"href":"https:\/\/roveyayinevi.com.tr\/index.php\/wp-json\/wp\/v2\/media?parent=748783"}],"wp:term":[{"taxonomy":"product_brand","embeddable":true,"href":"https:\/\/roveyayinevi.com.tr\/index.php\/wp-json\/wp\/v2\/product_brand?post=748783"},{"taxonomy":"product_cat","embeddable":true,"href":"https:\/\/roveyayinevi.com.tr\/index.php\/wp-json\/wp\/v2\/product_cat?post=748783"},{"taxonomy":"product_tag","embeddable":true,"href":"https:\/\/roveyayinevi.com.tr\/index.php\/wp-json\/wp\/v2\/product_tag?post=748783"}],"curies":[{"name":"wp","href":"https:\/\/api.w.org\/{rel}","templated":true}]}}