{"id":748782,"date":"2025-08-28T03:39:11","date_gmt":"2025-08-28T00:39:11","guid":{"rendered":"https:\/\/roveyayinevi.com.tr\/index.php\/urun\/senbahar-2\/"},"modified":"2026-04-16T03:01:36","modified_gmt":"2026-04-16T00:01:36","slug":"senbahar-2","status":"publish","type":"product","link":"https:\/\/roveyayinevi.com.tr\/index.php\/urun\/senbahar-2\/","title":{"rendered":"Senbahar"},"content":{"rendered":"<p>Kendi dilini arayan, s\u00f6zc\u00fcklerini zaman zaman d\u00fc\u015flerde, zaman zaman ger\u00e7eklerde gezdiren M. Faik G\u00fcneysu\u2019nun ilk \u015fiir kitab\u0131 Senbahar.  \u0130\u00e7inden geldi\u011fi \u00e7evrenin ruh halini, ya\u015fam bi\u00e7imini, kendi isyan\u0131 ile harmanlay\u0131p \u015fiire d\u00f6km\u00fc\u015f yazar. \u2026 Bakarken bay\u0131ltt\u0131\u011f\u0131m\u0131z g\u00fcnlere G\u00f6zlerimiz D\u00fc\u015f de pe\u015fime Gel der gibi G\u00f6vermi\u015f uykular\u0131m\u0131z Sal\u0131nmakta \u00c7ama\u015f\u0131r iplerinde\u2026 Sevdas\u0131n\u0131, d\u00fc\u015flerini dizmi\u015f s\u00f6zc\u00fcklere bazen de. \u2026 Benim bekleyecek sabr\u0131m yok Yar\u0131n g\u00fcne\u015fli olabilir ama Sen olmayabilirsin \u2026 Ekonomik, sosyal \u00e7arp\u0131kl\u0131\u011f\u0131 i\u015flemi\u015f baz\u0131 \u015fiirlerinde. Yobazlara, cahillere dokundurmu\u015f arada. \u2026 Sen nere cennet nere \u015e\u0131h\u0131n gider senin yerine \u2026 Yeni \u015fiirlerle gelecek M. Faik G\u00fcneysu. \u015eiirin kuca\u011f\u0131na d\u00fc\u015ft\u00fc, s\u00f6zc\u00fcklerin kabu\u011funu k\u0131rd\u0131 bir defa. Yolu a\u00e7\u0131k olsun. Veli Erdem <\/p>\n","protected":false},"excerpt":{"rendered":"<p>Kendi dilini arayan, s\u00f6zc\u00fcklerini zaman zaman d\u00fc\u015flerde, zaman zaman ger\u00e7eklerde gezdiren M. Faik G\u00fcneysu\u2019nun ilk \u015fiir kitab\u0131 Senbahar. \u0130\u00e7inden geldi\u011fi \u00e7evrenin ruh halini, ya\u015fam bi\u00e7imini, kendi<span class=\"excerpt-hellip\"> [\u2026]<\/span><\/p>\n","protected":false},"featured_media":0,"template":"","meta":{"_monsterinsights_skip_tracking":false,"_monsterinsights_sitenote_active":false,"_monsterinsights_sitenote_note":"","_monsterinsights_sitenote_category":0},"product_brand":[],"product_cat":[12291,12509],"product_tag":[],"class_list":{"0":"post-748782","1":"product","2":"type-product","3":"status-publish","5":"product_cat-edebiyat","6":"product_cat-siir","7":"pa_cilt-ciltsiz","8":"pa_tur-kitap","9":"pa_yayinevi-gulnar-yayinlari","10":"pa_yazar-m-faik-guneysu","12":"first","13":"instock","14":"sale","15":"shipping-taxable","16":"purchasable","17":"product-type-simple"},"_links":{"self":[{"href":"https:\/\/roveyayinevi.com.tr\/index.php\/wp-json\/wp\/v2\/product\/748782","targetHints":{"allow":["GET"]}}],"collection":[{"href":"https:\/\/roveyayinevi.com.tr\/index.php\/wp-json\/wp\/v2\/product"}],"about":[{"href":"https:\/\/roveyayinevi.com.tr\/index.php\/wp-json\/wp\/v2\/types\/product"}],"wp:attachment":[{"href":"https:\/\/roveyayinevi.com.tr\/index.php\/wp-json\/wp\/v2\/media?parent=748782"}],"wp:term":[{"taxonomy":"product_brand","embeddable":true,"href":"https:\/\/roveyayinevi.com.tr\/index.php\/wp-json\/wp\/v2\/product_brand?post=748782"},{"taxonomy":"product_cat","embeddable":true,"href":"https:\/\/roveyayinevi.com.tr\/index.php\/wp-json\/wp\/v2\/product_cat?post=748782"},{"taxonomy":"product_tag","embeddable":true,"href":"https:\/\/roveyayinevi.com.tr\/index.php\/wp-json\/wp\/v2\/product_tag?post=748782"}],"curies":[{"name":"wp","href":"https:\/\/api.w.org\/{rel}","templated":true}]}}