{"id":748781,"date":"2025-08-28T03:39:09","date_gmt":"2025-08-28T00:39:09","guid":{"rendered":"https:\/\/roveyayinevi.com.tr\/index.php\/urun\/ramazan-surprizleri-ara-bul\/"},"modified":"2026-04-16T03:01:35","modified_gmt":"2026-04-16T00:01:35","slug":"ramazan-surprizleri-ara-bul","status":"publish","type":"product","link":"https:\/\/roveyayinevi.com.tr\/index.php\/urun\/ramazan-surprizleri-ara-bul\/","title":{"rendered":"Ramazan S\u00fcrprizleri &#8211; Ara Bul"},"content":{"rendered":"<p>Ramazan Ay\u0131\u2019na \u00f6zg\u00fc kavramlar\u0131 e\u011flenerek \u00f6\u011frenmeyi kim istemez ki!\u0130ftar, sahur, mukabele, teravih, sadaka, zek\u00e2t\u2026 Sevgi, iyilik, yard\u0131mla\u015fma, kom\u015fuluk, cami ne\u015fesi, hediyele\u015fme, g\u00fclla\u00e7lar, \u015ferbetler\u2026 Say say bitmez.Ara bul etkinlikleri, birbirinden de\u011ferli sorular\u0131 ve hik\u00e2yesiyle Ramazan S\u00fcrprizleri kitab\u0131 sizi sayfalar\u0131na davet ediyor. S\u00fcrprizleri bulmaya haz\u0131rsan\u0131z ba\u015flayal\u0131m.<\/p>\n","protected":false},"excerpt":{"rendered":"<p>Ramazan Ay\u0131\u2019na \u00f6zg\u00fc kavramlar\u0131 e\u011flenerek \u00f6\u011frenmeyi kim istemez ki!\u0130ftar, sahur, mukabele, teravih, sadaka, zek\u00e2t\u2026 Sevgi, iyilik, yard\u0131mla\u015fma, kom\u015fuluk, cami ne\u015fesi, hediyele\u015fme, g\u00fclla\u00e7lar, \u015ferbetler\u2026 Say say bitmez.Ara<span class=\"excerpt-hellip\"> [\u2026]<\/span><\/p>\n","protected":false},"featured_media":0,"template":"","meta":{"_monsterinsights_skip_tracking":false,"_monsterinsights_sitenote_active":false,"_monsterinsights_sitenote_note":"","_monsterinsights_sitenote_category":0},"product_brand":[],"product_cat":[12274,18802],"product_tag":[],"class_list":{"0":"post-748781","1":"product","2":"type-product","3":"status-publish","5":"product_cat-cocuk-ve-genclik-kitaplari","6":"product_cat-din-egitimi","7":"pa_cilt-ciltsiz","8":"pa_tur-kitap","9":"pa_yayinevi-gulce-kitap","10":"pa_yazar-seyda-apaydin","12":"first","13":"instock","14":"sale","15":"shipping-taxable","16":"purchasable","17":"product-type-simple"},"_links":{"self":[{"href":"https:\/\/roveyayinevi.com.tr\/index.php\/wp-json\/wp\/v2\/product\/748781","targetHints":{"allow":["GET"]}}],"collection":[{"href":"https:\/\/roveyayinevi.com.tr\/index.php\/wp-json\/wp\/v2\/product"}],"about":[{"href":"https:\/\/roveyayinevi.com.tr\/index.php\/wp-json\/wp\/v2\/types\/product"}],"wp:attachment":[{"href":"https:\/\/roveyayinevi.com.tr\/index.php\/wp-json\/wp\/v2\/media?parent=748781"}],"wp:term":[{"taxonomy":"product_brand","embeddable":true,"href":"https:\/\/roveyayinevi.com.tr\/index.php\/wp-json\/wp\/v2\/product_brand?post=748781"},{"taxonomy":"product_cat","embeddable":true,"href":"https:\/\/roveyayinevi.com.tr\/index.php\/wp-json\/wp\/v2\/product_cat?post=748781"},{"taxonomy":"product_tag","embeddable":true,"href":"https:\/\/roveyayinevi.com.tr\/index.php\/wp-json\/wp\/v2\/product_tag?post=748781"}],"curies":[{"name":"wp","href":"https:\/\/api.w.org\/{rel}","templated":true}]}}