{"id":748778,"date":"2025-08-28T03:39:05","date_gmt":"2025-08-28T00:39:05","guid":{"rendered":"https:\/\/roveyayinevi.com.tr\/index.php\/urun\/sevdamiz-eskipazar-2\/"},"modified":"2026-04-16T03:01:35","modified_gmt":"2026-04-16T00:01:35","slug":"sevdamiz-eskipazar-2","status":"publish","type":"product","link":"https:\/\/roveyayinevi.com.tr\/index.php\/urun\/sevdamiz-eskipazar-2\/","title":{"rendered":"Sevdam\u0131z Eskipazar &#8211; 2"},"content":{"rendered":"<p>Sizlere sunmaktan bahtiyar oldu\u011fum \u201cSevdam\u0131z Eskipazar \u015eiirlerle Y\u00f6relerimiz\u201d kitab\u0131n\u0131n ecdad\u0131m\u0131z\u0131n \u015f\u00fck\u00fcr ve kanaat ikliminden g\u00fcn\u00fcm\u00fcze a\u00e7\u0131lan d\u00fcnyas\u0131na bir k\u00f6pr\u00fc olaca\u011f\u0131n\u0131, her \u015feyden \u00f6te de\u011ferli gen\u00e7 neslimizin ve onlara ait olacak bu topraklara ait isimler, k\u00f6yler, mahalleler ile co\u011frafya ya ait t\u00fcm envanterlerin bir manzumesini sizlere sunmaktan onur duyuyorum. Y\u0131llard\u0131r bu \u00e7al\u0131\u015fmay\u0131 kendime bir bor\u00e7 bilerek hareket etmi\u015ftim.   YAZILMADIK DAHA NEN KALDI Da\u011flar\u0131n\u0131 yazd\u0131k ta\u015f\u0131n\u0131 yazd\u0131k Yazlar\u0131n\u0131 yazd\u0131k k\u0131\u015f\u0131n\u0131 yazd\u0131k Ba\u011flar\u0131n\u0131 yazd\u0131k a\u015f\u0131n\u0131 yazd\u0131k S\u00f6yle yaz\u0131lacak daha nen kald\u0131.   Her k\u00f6y\u00fcnde bir mola verdik Her mahallesine ayr\u0131ca girdik Evliyalar\u0131nla ayr\u0131 gurur duyduk Eskipazar\u2019\u0131m unutulan nen kald\u0131.   Ya\u015fl\u0131 dede ninelerimizi dinledik Y\u00f6remizin gelene\u011fini \u00f6\u011frendik \u00c7izlemelerini g\u00f6zlemelerini yedik Eskipazar\u2019\u0131m tatmad\u0131\u011f\u0131m\u0131z nen kald\u0131.   Yaylalar\u0131n\u0131 dola\u015farak haz ald\u0131k S\u00fcmb\u00fclleri gelincikleri sevdik \u00c7ocuk\u00e7a oyunlar\u0131m\u0131z\u0131 oynad\u0131k Eskipazar\u2019\u0131m daha gayr\u0131 nen kald\u0131.   O y\u00fcksek da\u011flar\u0131nda iz s\u00fcrd\u00fck Ovadaki ba\u011flar\u0131na dem koyduk Sundu\u011fun her ikram\u0131nla doyduk Eskipazar\u2019\u0131m daha daha nen kald\u0131. <\/p>\n","protected":false},"excerpt":{"rendered":"<p>Sizlere sunmaktan bahtiyar oldu\u011fum \u201cSevdam\u0131z Eskipazar \u015eiirlerle Y\u00f6relerimiz\u201d kitab\u0131n\u0131n ecdad\u0131m\u0131z\u0131n \u015f\u00fck\u00fcr ve kanaat ikliminden g\u00fcn\u00fcm\u00fcze a\u00e7\u0131lan d\u00fcnyas\u0131na bir k\u00f6pr\u00fc olaca\u011f\u0131n\u0131, her \u015feyden \u00f6te de\u011ferli gen\u00e7 neslimizin<span class=\"excerpt-hellip\"> [\u2026]<\/span><\/p>\n","protected":false},"featured_media":0,"template":"","meta":{"_monsterinsights_skip_tracking":false,"_monsterinsights_sitenote_active":false,"_monsterinsights_sitenote_note":"","_monsterinsights_sitenote_category":0},"product_brand":[],"product_cat":[12291,12509],"product_tag":[],"class_list":{"0":"post-748778","1":"product","2":"type-product","3":"status-publish","5":"product_cat-edebiyat","6":"product_cat-siir","7":"pa_cilt-ciltsiz","8":"pa_tur-kitap","9":"pa_yayinevi-gulnar-yayinlari","10":"pa_yazar-cahit-dagcioglu","12":"first","13":"instock","14":"sale","15":"shipping-taxable","16":"purchasable","17":"product-type-simple"},"_links":{"self":[{"href":"https:\/\/roveyayinevi.com.tr\/index.php\/wp-json\/wp\/v2\/product\/748778","targetHints":{"allow":["GET"]}}],"collection":[{"href":"https:\/\/roveyayinevi.com.tr\/index.php\/wp-json\/wp\/v2\/product"}],"about":[{"href":"https:\/\/roveyayinevi.com.tr\/index.php\/wp-json\/wp\/v2\/types\/product"}],"wp:attachment":[{"href":"https:\/\/roveyayinevi.com.tr\/index.php\/wp-json\/wp\/v2\/media?parent=748778"}],"wp:term":[{"taxonomy":"product_brand","embeddable":true,"href":"https:\/\/roveyayinevi.com.tr\/index.php\/wp-json\/wp\/v2\/product_brand?post=748778"},{"taxonomy":"product_cat","embeddable":true,"href":"https:\/\/roveyayinevi.com.tr\/index.php\/wp-json\/wp\/v2\/product_cat?post=748778"},{"taxonomy":"product_tag","embeddable":true,"href":"https:\/\/roveyayinevi.com.tr\/index.php\/wp-json\/wp\/v2\/product_tag?post=748778"}],"curies":[{"name":"wp","href":"https:\/\/api.w.org\/{rel}","templated":true}]}}