{"id":748775,"date":"2025-08-28T03:39:01","date_gmt":"2025-08-28T00:39:01","guid":{"rendered":"https:\/\/roveyayinevi.com.tr\/index.php\/urun\/gecenin-efendisi\/"},"modified":"2026-04-16T03:01:35","modified_gmt":"2026-04-16T00:01:35","slug":"gecenin-efendisi","status":"publish","type":"product","link":"https:\/\/roveyayinevi.com.tr\/index.php\/urun\/gecenin-efendisi\/","title":{"rendered":"Gecenin Efendisi"},"content":{"rendered":"<p>T\u00fcm bunlar ne kadar da tan\u0131d\u0131kt\u0131. Bir o kadar da yabanc\u0131&#8230; Bir daha asla d\u00fc\u015fmek istemeyece\u011fim karanl\u0131k bir kuyunun tam ortas\u0131ndayd\u0131m. Zihnimde \u00e7aresizlik naralar\u0131, bileklerimde so\u011fuk bir kelep\u00e7enin so\u011fuk yank\u0131s\u0131, iyi ki yapt\u0131n diyen \u015feytan\u0131n tiz kahkahas\u0131 h\u0131rpal\u0131yordu susturmaya \u00e7al\u0131\u015ft\u0131\u011f\u0131m vicdan\u0131m\u0131n hayk\u0131r\u0131\u015f\u0131n\u0131.   Kimine g\u00f6re imkans\u0131z olan bir durum.  Kimine g\u00f6re ihtimal olabilir mi? Belki ilahi bir g\u00fc\u00e7&#8230; Belki kader&#8230; Belki de bir tesad\u00fcf&#8230; Sevilmek i\u00e7in yalvaran dilsiz kalpler, affedilmeyi bekliyordu en \u00e7ok yara alm\u0131\u015f g\u00f6n\u00fcller&#8230;   Beni sevme&#8230; Ho\u015f\u00e7a kal sevmemi\u015fken gidenim&#8230; Sevmese bile sevgisini hissettirenim&#8230; Uykusuz gecelerim&#8230;   Bir ad\u0131m kadar yak\u0131n, as\u0131rlarca uzaks\u0131n. <\/p>\n","protected":false},"excerpt":{"rendered":"<p>T\u00fcm bunlar ne kadar da tan\u0131d\u0131kt\u0131. Bir o kadar da yabanc\u0131&#8230; Bir daha asla d\u00fc\u015fmek istemeyece\u011fim karanl\u0131k bir kuyunun tam ortas\u0131ndayd\u0131m. Zihnimde \u00e7aresizlik naralar\u0131, bileklerimde so\u011fuk<span class=\"excerpt-hellip\"> [\u2026]<\/span><\/p>\n","protected":false},"featured_media":0,"template":"","meta":{"_monsterinsights_skip_tracking":false,"_monsterinsights_sitenote_active":false,"_monsterinsights_sitenote_note":"","_monsterinsights_sitenote_category":0},"product_brand":[],"product_cat":[12291,12711],"product_tag":[],"class_list":{"0":"post-748775","1":"product","2":"type-product","3":"status-publish","5":"product_cat-edebiyat","6":"product_cat-roman-oyku","7":"pa_cilt-ciltsiz","8":"pa_tur-kitap","9":"pa_yayinevi-gulnar-yayinlari","10":"pa_yazar-fatma-eslem-sahin","12":"first","13":"instock","14":"sale","15":"shipping-taxable","16":"purchasable","17":"product-type-simple"},"_links":{"self":[{"href":"https:\/\/roveyayinevi.com.tr\/index.php\/wp-json\/wp\/v2\/product\/748775","targetHints":{"allow":["GET"]}}],"collection":[{"href":"https:\/\/roveyayinevi.com.tr\/index.php\/wp-json\/wp\/v2\/product"}],"about":[{"href":"https:\/\/roveyayinevi.com.tr\/index.php\/wp-json\/wp\/v2\/types\/product"}],"wp:attachment":[{"href":"https:\/\/roveyayinevi.com.tr\/index.php\/wp-json\/wp\/v2\/media?parent=748775"}],"wp:term":[{"taxonomy":"product_brand","embeddable":true,"href":"https:\/\/roveyayinevi.com.tr\/index.php\/wp-json\/wp\/v2\/product_brand?post=748775"},{"taxonomy":"product_cat","embeddable":true,"href":"https:\/\/roveyayinevi.com.tr\/index.php\/wp-json\/wp\/v2\/product_cat?post=748775"},{"taxonomy":"product_tag","embeddable":true,"href":"https:\/\/roveyayinevi.com.tr\/index.php\/wp-json\/wp\/v2\/product_tag?post=748775"}],"curies":[{"name":"wp","href":"https:\/\/api.w.org\/{rel}","templated":true}]}}