{"id":748766,"date":"2025-08-28T03:38:47","date_gmt":"2025-08-28T00:38:47","guid":{"rendered":"https:\/\/roveyayinevi.com.tr\/index.php\/urun\/bir-varmis-bir-yokmus-masal-parki-fleksi-cilt\/"},"modified":"2026-04-16T03:01:35","modified_gmt":"2026-04-16T00:01:35","slug":"bir-varmis-bir-yokmus-masal-parki-fleksi-cilt","status":"publish","type":"product","link":"https:\/\/roveyayinevi.com.tr\/index.php\/urun\/bir-varmis-bir-yokmus-masal-parki-fleksi-cilt\/","title":{"rendered":"Bir Varm\u0131\u015f Bir Yokmu\u015f Masal Park\u0131 (Fleksi Cilt)"},"content":{"rendered":"<p>&#8220;\u00c7ocuklar model alarak, \u00f6rnekleme ile \u00f6\u011frenirler. Masal i\u00e7indeki fig\u00fcrler, mesajlar, \u00e7ocu\u011fun \u00f6\u011frenme s\u00fcrecinde \u00f6nemlidir. \u00d6zellikle mesaj i\u00e7eren-e\u011fitici de\u011fer ta\u015f\u0131yan masallar, geli\u015fimi olumlu y\u00f6nde destekler. Aile-\u00e7ocuk ileti\u015fimini g\u00fc\u00e7lendirmeyi kolayla\u015ft\u0131r\u0131r. Masallar; dil geli\u015fimini, bili\u015fsel, duygusal ve sosyal geli\u015fimi destekledi\u011fi gibi \u00e7ocu\u011fun hayal g\u00fcc\u00fcn\u00fc ve \u00fcretkenli\u011fini de geli\u015ftirir. Masallar; evrensel de\u011ferlerin ku\u015faklara ta\u015f\u0131nmas\u0131, \u00e7ocu\u011fun iyi-k\u00f6t\u00fc, do\u011fru-yanl\u0131\u015f kavram alg\u0131s\u0131n\u0131n geli\u015fmesi a\u00e7\u0131s\u0131ndan faydal\u0131d\u0131r. Tima\u015f \u00c7ocuk&#8217;u bu ama\u00e7lara uygun bir eser haz\u0131rlad\u0131\u011f\u0131 i\u00e7in kutlar\u0131m.&#8221; Uzman Psikolog Aynur Say\u0131m<\/p>\n","protected":false},"excerpt":{"rendered":"<p>&#8220;\u00c7ocuklar model alarak, \u00f6rnekleme ile \u00f6\u011frenirler. Masal i\u00e7indeki fig\u00fcrler, mesajlar, \u00e7ocu\u011fun \u00f6\u011frenme s\u00fcrecinde \u00f6nemlidir. \u00d6zellikle mesaj i\u00e7eren-e\u011fitici de\u011fer ta\u015f\u0131yan masallar, geli\u015fimi olumlu y\u00f6nde destekler. Aile-\u00e7ocuk ileti\u015fimini<span class=\"excerpt-hellip\"> [\u2026]<\/span><\/p>\n","protected":false},"featured_media":0,"template":"","meta":{"_monsterinsights_skip_tracking":false,"_monsterinsights_sitenote_active":false,"_monsterinsights_sitenote_note":"","_monsterinsights_sitenote_category":0},"product_brand":[],"product_cat":[12274,12523],"product_tag":[],"class_list":{"0":"post-748766","1":"product","2":"type-product","3":"status-publish","5":"product_cat-cocuk-ve-genclik-kitaplari","6":"product_cat-masallar","7":"pa_cilt-ciltsiz","8":"pa_tur-kitap","9":"pa_yayinevi-timas-cocuk","10":"pa_yazar-nefise-atcakarlar","12":"first","13":"instock","14":"sale","15":"shipping-taxable","16":"purchasable","17":"product-type-simple"},"_links":{"self":[{"href":"https:\/\/roveyayinevi.com.tr\/index.php\/wp-json\/wp\/v2\/product\/748766","targetHints":{"allow":["GET"]}}],"collection":[{"href":"https:\/\/roveyayinevi.com.tr\/index.php\/wp-json\/wp\/v2\/product"}],"about":[{"href":"https:\/\/roveyayinevi.com.tr\/index.php\/wp-json\/wp\/v2\/types\/product"}],"wp:attachment":[{"href":"https:\/\/roveyayinevi.com.tr\/index.php\/wp-json\/wp\/v2\/media?parent=748766"}],"wp:term":[{"taxonomy":"product_brand","embeddable":true,"href":"https:\/\/roveyayinevi.com.tr\/index.php\/wp-json\/wp\/v2\/product_brand?post=748766"},{"taxonomy":"product_cat","embeddable":true,"href":"https:\/\/roveyayinevi.com.tr\/index.php\/wp-json\/wp\/v2\/product_cat?post=748766"},{"taxonomy":"product_tag","embeddable":true,"href":"https:\/\/roveyayinevi.com.tr\/index.php\/wp-json\/wp\/v2\/product_tag?post=748766"}],"curies":[{"name":"wp","href":"https:\/\/api.w.org\/{rel}","templated":true}]}}