{"id":748765,"date":"2025-08-28T03:38:46","date_gmt":"2025-08-28T00:38:46","guid":{"rendered":"https:\/\/roveyayinevi.com.tr\/index.php\/urun\/bir-varmis-bir-yokmus-cikolatali-masallar-fleksi-cilt\/"},"modified":"2026-04-16T03:01:35","modified_gmt":"2026-04-16T00:01:35","slug":"bir-varmis-bir-yokmus-cikolatali-masallar-fleksi-cilt","status":"publish","type":"product","link":"https:\/\/roveyayinevi.com.tr\/index.php\/urun\/bir-varmis-bir-yokmus-cikolatali-masallar-fleksi-cilt\/","title":{"rendered":"Bir Varm\u0131\u015f Bir Yokmu\u015f \u00c7ikolatal\u0131 Masallar (Fleksi Cilt)"},"content":{"rendered":"<p>\u00c7ocuklar anne babalar\u0131yla birlikte kitap okumaktan b\u00fcy\u00fck keyif al\u0131rlar. &#8220;Bir Varm\u0131\u015f Bir Yokmu\u015f &#8211; \u00c7ikolatal\u0131 Masallar&#8221; kitab\u0131n\u0131 anne babalar, keyifle okuyacaklar \u00e7ocuklar\u0131na&#8230; B\u00f6ylece \u00e7ocuklar\u0131na keyifle masal okuyan anne babalar ile \u00e7ocuklar\u0131 aras\u0131nda g\u00fc\u00e7l\u00fc bir ba\u011f olu\u015facak. Ayr\u0131ca kitaptaki fabl tarz\u0131ndaki masallar ile \u00e7ocu\u011fun hayal d\u00fcnyas\u0131 zenginle\u015fecek ve masallardaki kahramanlar\u0131n ger\u00e7ek ya\u015famdan al\u0131nmas\u0131yla da \u00e7ocu\u011fa do\u011fru davran\u0131\u015f modelleri sunulmu\u015f olacakt\u0131r. \u00c7ocuklara \u00e7ikolata tad\u0131nda masallar ile keyifli okumalar&#8230;<\/p>\n","protected":false},"excerpt":{"rendered":"<p>\u00c7ocuklar anne babalar\u0131yla birlikte kitap okumaktan b\u00fcy\u00fck keyif al\u0131rlar. &#8220;Bir Varm\u0131\u015f Bir Yokmu\u015f &#8211; \u00c7ikolatal\u0131 Masallar&#8221; kitab\u0131n\u0131 anne babalar, keyifle okuyacaklar \u00e7ocuklar\u0131na&#8230; B\u00f6ylece \u00e7ocuklar\u0131na keyifle masal<span class=\"excerpt-hellip\"> [\u2026]<\/span><\/p>\n","protected":false},"featured_media":0,"template":"","meta":{"_monsterinsights_skip_tracking":false,"_monsterinsights_sitenote_active":false,"_monsterinsights_sitenote_note":"","_monsterinsights_sitenote_category":0},"product_brand":[],"product_cat":[12274,12523],"product_tag":[],"class_list":{"0":"post-748765","1":"product","2":"type-product","3":"status-publish","5":"product_cat-cocuk-ve-genclik-kitaplari","6":"product_cat-masallar","7":"pa_cilt-ciltsiz","8":"pa_tur-kitap","9":"pa_yayinevi-timas-cocuk","10":"pa_yazar-nehir-aydin-gokduman","12":"first","13":"instock","14":"sale","15":"shipping-taxable","16":"purchasable","17":"product-type-simple"},"_links":{"self":[{"href":"https:\/\/roveyayinevi.com.tr\/index.php\/wp-json\/wp\/v2\/product\/748765","targetHints":{"allow":["GET"]}}],"collection":[{"href":"https:\/\/roveyayinevi.com.tr\/index.php\/wp-json\/wp\/v2\/product"}],"about":[{"href":"https:\/\/roveyayinevi.com.tr\/index.php\/wp-json\/wp\/v2\/types\/product"}],"wp:attachment":[{"href":"https:\/\/roveyayinevi.com.tr\/index.php\/wp-json\/wp\/v2\/media?parent=748765"}],"wp:term":[{"taxonomy":"product_brand","embeddable":true,"href":"https:\/\/roveyayinevi.com.tr\/index.php\/wp-json\/wp\/v2\/product_brand?post=748765"},{"taxonomy":"product_cat","embeddable":true,"href":"https:\/\/roveyayinevi.com.tr\/index.php\/wp-json\/wp\/v2\/product_cat?post=748765"},{"taxonomy":"product_tag","embeddable":true,"href":"https:\/\/roveyayinevi.com.tr\/index.php\/wp-json\/wp\/v2\/product_tag?post=748765"}],"curies":[{"name":"wp","href":"https:\/\/api.w.org\/{rel}","templated":true}]}}