{"id":748763,"date":"2025-08-28T03:38:43","date_gmt":"2025-08-28T00:38:43","guid":{"rendered":"https:\/\/roveyayinevi.com.tr\/index.php\/urun\/ay-tohumu\/"},"modified":"2026-04-16T03:01:35","modified_gmt":"2026-04-16T00:01:35","slug":"ay-tohumu","status":"publish","type":"product","link":"https:\/\/roveyayinevi.com.tr\/index.php\/urun\/ay-tohumu\/","title":{"rendered":"Ay Tohumu"},"content":{"rendered":"<p>Nola ve Tula ad\u0131nda iki k\u0131z karde\u015f, Sepet\u00e7iler Evreni\u2018nde ya\u015far. Nola hayattaki en bu\u0308yu\u0308k hayalini Tula\u2018ya s\u00f6yler ve bu hayalin ger\u00e7ekle\u015fmesi i\u00e7in ellerinden geleni yaparlar. B\u00f6ylece bir ru\u0308yan\u0131n pe\u015finden gitmenin bu\u0308yu\u0308su\u0308yle ilgili lirik ve e\u011flenceli bir hik\u00e2ye ba\u015flar. Gu\u0308\u00e7lerini sevgiden alan bu iki sevimli karde\u015f, inan\u0131lmaz bir yolculu\u011fa \u00e7\u0131karlar. Ger\u00e7ekle\u015fmesi en gu\u0308\u00e7 hayallere tutunman\u0131n \u00f6nemini bize hat\u0131rlat\u0131rlar.<\/p>\n","protected":false},"excerpt":{"rendered":"<p>Nola ve Tula ad\u0131nda iki k\u0131z karde\u015f, Sepet\u00e7iler Evreni\u2018nde ya\u015far. Nola hayattaki en bu\u0308yu\u0308k hayalini Tula\u2018ya s\u00f6yler ve bu hayalin ger\u00e7ekle\u015fmesi i\u00e7in ellerinden geleni yaparlar. B\u00f6ylece<span class=\"excerpt-hellip\"> [\u2026]<\/span><\/p>\n","protected":false},"featured_media":0,"template":"","meta":{"_monsterinsights_skip_tracking":false,"_monsterinsights_sitenote_active":false,"_monsterinsights_sitenote_note":"","_monsterinsights_sitenote_category":0},"product_brand":[],"product_cat":[12274,12284],"product_tag":[],"class_list":{"0":"post-748763","1":"product","2":"type-product","3":"status-publish","5":"product_cat-cocuk-ve-genclik-kitaplari","6":"product_cat-hikayeler","7":"pa_cilt-ciltsiz","8":"pa_tur-kitap","9":"pa_yayinevi-timas-cocuk","10":"pa_yazar-katarina-macurova","12":"first","13":"instock","14":"sale","15":"shipping-taxable","16":"purchasable","17":"product-type-simple"},"_links":{"self":[{"href":"https:\/\/roveyayinevi.com.tr\/index.php\/wp-json\/wp\/v2\/product\/748763","targetHints":{"allow":["GET"]}}],"collection":[{"href":"https:\/\/roveyayinevi.com.tr\/index.php\/wp-json\/wp\/v2\/product"}],"about":[{"href":"https:\/\/roveyayinevi.com.tr\/index.php\/wp-json\/wp\/v2\/types\/product"}],"wp:attachment":[{"href":"https:\/\/roveyayinevi.com.tr\/index.php\/wp-json\/wp\/v2\/media?parent=748763"}],"wp:term":[{"taxonomy":"product_brand","embeddable":true,"href":"https:\/\/roveyayinevi.com.tr\/index.php\/wp-json\/wp\/v2\/product_brand?post=748763"},{"taxonomy":"product_cat","embeddable":true,"href":"https:\/\/roveyayinevi.com.tr\/index.php\/wp-json\/wp\/v2\/product_cat?post=748763"},{"taxonomy":"product_tag","embeddable":true,"href":"https:\/\/roveyayinevi.com.tr\/index.php\/wp-json\/wp\/v2\/product_tag?post=748763"}],"curies":[{"name":"wp","href":"https:\/\/api.w.org\/{rel}","templated":true}]}}