{"id":748760,"date":"2025-08-28T03:38:38","date_gmt":"2025-08-28T00:38:38","guid":{"rendered":"https:\/\/roveyayinevi.com.tr\/index.php\/urun\/tarihe-damga-vuran-olaylar\/"},"modified":"2026-04-16T03:01:35","modified_gmt":"2026-04-16T00:01:35","slug":"tarihe-damga-vuran-olaylar","status":"publish","type":"product","link":"https:\/\/roveyayinevi.com.tr\/index.php\/urun\/tarihe-damga-vuran-olaylar\/","title":{"rendered":"Tarihe Damga Vuran Olaylar"},"content":{"rendered":"<p>BU K\u0130TAPTAK\u0130 T\u00dcM OLAYLAR, \u0130NSANLIK TAR\u0130H\u0130NE Y\u00d6N VERD\u0130\u2026Tarihin s\u0131k\u0131c\u0131 oldu\u011funu mu d\u00fc\u015f\u00fcn\u00fcyorsunuz? \u015eimdiye kadar b\u00f6yle d\u00fc\u015f\u00fcnm\u00fc\u015f olabilirsiniz. Fakat biliyoruz ki, i\u00e7inde b\u00fcy\u00fck adamlar, b\u00fcy\u00fck bulu\u015flar, b\u00fcy\u00fck olaylar ta\u015f\u0131yan bir hazine, bulanlar\u0131 bu kadar mutsuz edemez.Tarihe Damga Vuran Olaylar\u2019da kar\u015f\u0131n\u0131za \u00e7\u0131kan tarih, i\u00e7inden \u00e7\u0131k\u0131lamaz ve sayfalar\u0131n\u0131 \u00e7evirmekten bile korkulan anlay\u0131\u015f\u0131, tabiri caizse, tarihin karanl\u0131klar\u0131na g\u00f6m\u00fcyor.Tarihe Damga Vuran Olaylar\u2019da, bilinen tarihin ilk zamanlar\u0131ndan g\u00fcn\u00fcm\u00fcze kadar d\u00fcnyay\u0131 derinden etkileyen olaylar\u0131 ana ba\u015fl\u0131klar\u0131yla bulacaks\u0131n\u0131z.\u0130nsanl\u0131k tarihine y\u00f6n veren bu olaylar\u0131 okurken hem \u00e7ok \u015fa\u015f\u0131racak hem de \u00e7ok keyif alacaks\u0131n\u0131z.<\/p>\n","protected":false},"excerpt":{"rendered":"<p>BU K\u0130TAPTAK\u0130 T\u00dcM OLAYLAR, \u0130NSANLIK TAR\u0130H\u0130NE Y\u00d6N VERD\u0130\u2026Tarihin s\u0131k\u0131c\u0131 oldu\u011funu mu d\u00fc\u015f\u00fcn\u00fcyorsunuz? \u015eimdiye kadar b\u00f6yle d\u00fc\u015f\u00fcnm\u00fc\u015f olabilirsiniz. Fakat biliyoruz ki, i\u00e7inde b\u00fcy\u00fck adamlar, b\u00fcy\u00fck bulu\u015flar, b\u00fcy\u00fck<span class=\"excerpt-hellip\"> [\u2026]<\/span><\/p>\n","protected":false},"featured_media":0,"template":"","meta":{"_monsterinsights_skip_tracking":false,"_monsterinsights_sitenote_active":false,"_monsterinsights_sitenote_note":"","_monsterinsights_sitenote_category":0},"product_brand":[],"product_cat":[12274,15842],"product_tag":[],"class_list":{"0":"post-748760","1":"product","2":"type-product","3":"status-publish","5":"product_cat-cocuk-ve-genclik-kitaplari","6":"product_cat-egitici-kitaplar","7":"pa_cilt-ciltsiz","8":"pa_tur-kitap","9":"pa_yayinevi-timas-yayinlari","10":"pa_yazar-irfan-gurkan-celebi","12":"first","13":"instock","14":"sale","15":"shipping-taxable","16":"purchasable","17":"product-type-simple"},"_links":{"self":[{"href":"https:\/\/roveyayinevi.com.tr\/index.php\/wp-json\/wp\/v2\/product\/748760","targetHints":{"allow":["GET"]}}],"collection":[{"href":"https:\/\/roveyayinevi.com.tr\/index.php\/wp-json\/wp\/v2\/product"}],"about":[{"href":"https:\/\/roveyayinevi.com.tr\/index.php\/wp-json\/wp\/v2\/types\/product"}],"wp:attachment":[{"href":"https:\/\/roveyayinevi.com.tr\/index.php\/wp-json\/wp\/v2\/media?parent=748760"}],"wp:term":[{"taxonomy":"product_brand","embeddable":true,"href":"https:\/\/roveyayinevi.com.tr\/index.php\/wp-json\/wp\/v2\/product_brand?post=748760"},{"taxonomy":"product_cat","embeddable":true,"href":"https:\/\/roveyayinevi.com.tr\/index.php\/wp-json\/wp\/v2\/product_cat?post=748760"},{"taxonomy":"product_tag","embeddable":true,"href":"https:\/\/roveyayinevi.com.tr\/index.php\/wp-json\/wp\/v2\/product_tag?post=748760"}],"curies":[{"name":"wp","href":"https:\/\/api.w.org\/{rel}","templated":true}]}}