{"id":748757,"date":"2025-08-28T03:38:34","date_gmt":"2025-08-28T00:38:34","guid":{"rendered":"https:\/\/roveyayinevi.com.tr\/index.php\/urun\/abbas-dayi-hadisesi\/"},"modified":"2026-04-16T03:01:35","modified_gmt":"2026-04-16T00:01:35","slug":"abbas-dayi-hadisesi","status":"publish","type":"product","link":"https:\/\/roveyayinevi.com.tr\/index.php\/urun\/abbas-dayi-hadisesi\/","title":{"rendered":"Abbas Day\u0131 Hadisesi"},"content":{"rendered":"<p>Bir pastanede \u00e7al\u0131\u015fan Servet, ve arkada\u015flar\u0131 bo\u015f zamanlar\u0131nda bir kul\u00fcbede toplan\u0131p birbirlerine korku hik\u00e2yeleri okumaya bay\u0131l\u0131rlar. Her \u015fey yolunda giderken bir g\u00fcn mahallede kimseyle konu\u015fmayan ama bir zarar\u0131 da olmayan Abbas Day\u0131 vefat eder. Mahalle sakinleri ailesi olmayan bu adam\u0131n cenazesini d\u00fczenlerken hiddetli bir f\u0131rt\u0131na kopar. \u0130nsanlar cenazeyi ortada b\u0131rakarak evlerine s\u0131\u011f\u0131n\u0131rlar. Ertesi g\u00fcn mezarl\u0131\u011fa geldiklerinde ise cenaze b\u0131rakt\u0131klar\u0131 yerde yoktur.Mahalleli kendini k\u00f6t\u00fc hissedip bu konuyu bir daha konu\u015fmaz fakat bir ak\u015fam tam da Abbas Day\u0131 gibi giyinmi\u015f bir sil\u00fcet sokakta g\u00f6r\u00fcn\u00fcr. Bu sil\u00fcet yaklar\u0131na kadar uzanan kal\u0131n paltosu ve f\u00f6tr \u015fapkas\u0131 ile Abbas Day\u0131\u2019dan ba\u015fkas\u0131 de\u011fildir.   Servet ve arkada\u015flar\u0131, korku hik\u00e2yelerine ara verip bu gizemin pe\u015fine d\u00fc\u015fer. Gen\u00e7ler hortla\u011f\u0131n s\u0131rr\u0131n\u0131 \u00e7\u00f6zmeye \u00e7al\u0131\u015f\u0131rken, kasaba sakinleri aras\u0131nda bir dedikodu dolan\u0131r: Abbas, ayn\u0131 anda bir de\u011fil, iki de\u011fil, \u00fc\u00e7 de\u011fil, d\u00f6rt farkl\u0131 yerde g\u00f6r\u00fcn\u00fcr ve i\u015fler sarpa sarar. Bu gizemi \u00e7\u00f6zmek Servet ve arkada\u015flar\u0131ndan ba\u015fkas\u0131n\u0131n g\u00f6revi de\u011fildir.<\/p>\n","protected":false},"excerpt":{"rendered":"<p>Bir pastanede \u00e7al\u0131\u015fan Servet, ve arkada\u015flar\u0131 bo\u015f zamanlar\u0131nda bir kul\u00fcbede toplan\u0131p birbirlerine korku hik\u00e2yeleri okumaya bay\u0131l\u0131rlar. Her \u015fey yolunda giderken bir g\u00fcn mahallede kimseyle konu\u015fmayan ama<span class=\"excerpt-hellip\"> [\u2026]<\/span><\/p>\n","protected":false},"featured_media":0,"template":"","meta":{"_monsterinsights_skip_tracking":false,"_monsterinsights_sitenote_active":false,"_monsterinsights_sitenote_note":"","_monsterinsights_sitenote_category":0},"product_brand":[],"product_cat":[12274,12284],"product_tag":[],"class_list":{"0":"post-748757","1":"product","2":"type-product","3":"status-publish","5":"product_cat-cocuk-ve-genclik-kitaplari","6":"product_cat-hikayeler","7":"pa_cilt-ciltsiz","8":"pa_tur-kitap","9":"pa_yayinevi-genc-timas","10":"pa_yazar-serdar-uslu","12":"first","13":"instock","14":"sale","15":"shipping-taxable","16":"purchasable","17":"product-type-simple"},"_links":{"self":[{"href":"https:\/\/roveyayinevi.com.tr\/index.php\/wp-json\/wp\/v2\/product\/748757","targetHints":{"allow":["GET"]}}],"collection":[{"href":"https:\/\/roveyayinevi.com.tr\/index.php\/wp-json\/wp\/v2\/product"}],"about":[{"href":"https:\/\/roveyayinevi.com.tr\/index.php\/wp-json\/wp\/v2\/types\/product"}],"wp:attachment":[{"href":"https:\/\/roveyayinevi.com.tr\/index.php\/wp-json\/wp\/v2\/media?parent=748757"}],"wp:term":[{"taxonomy":"product_brand","embeddable":true,"href":"https:\/\/roveyayinevi.com.tr\/index.php\/wp-json\/wp\/v2\/product_brand?post=748757"},{"taxonomy":"product_cat","embeddable":true,"href":"https:\/\/roveyayinevi.com.tr\/index.php\/wp-json\/wp\/v2\/product_cat?post=748757"},{"taxonomy":"product_tag","embeddable":true,"href":"https:\/\/roveyayinevi.com.tr\/index.php\/wp-json\/wp\/v2\/product_tag?post=748757"}],"curies":[{"name":"wp","href":"https:\/\/api.w.org\/{rel}","templated":true}]}}