{"id":748756,"date":"2025-08-28T03:38:32","date_gmt":"2025-08-28T00:38:32","guid":{"rendered":"https:\/\/roveyayinevi.com.tr\/index.php\/urun\/korkusuz-liderler-tarih-yazan-komutanlar\/"},"modified":"2026-04-16T03:01:35","modified_gmt":"2026-04-16T00:01:35","slug":"korkusuz-liderler-tarih-yazan-komutanlar","status":"publish","type":"product","link":"https:\/\/roveyayinevi.com.tr\/index.php\/urun\/korkusuz-liderler-tarih-yazan-komutanlar\/","title":{"rendered":"Korkusuz Liderler &#8211; Tarih Yazan Komutanlar"},"content":{"rendered":"<p>T\u00fcrk topraklar\u0131nda tarih yazan korkusuz liderlerle tan\u0131\u015fmaya haz\u0131r m\u0131s\u0131n\u0131z? \u00c7in saray\u0131na korkusuzca ko\u015fan K\u00fcr\u015fat\u2019\u0131, T\u00fcrk toplumuna yaz\u0131l\u0131 olarak seslenmeyi bilen geni\u015f ufuklu Bilge Ka\u011fan\u2019\u0131, kimsesiz iki \u00e7ocukken tarihin ak\u0131\u015f\u0131n\u0131 beklenmedik bir \u015fekilde de\u011fi\u015ftiren Tu\u011frul ve \u00c7a\u011fr\u0131 Bey\u2019i, Anadolu fatihi Alparslan\u2019\u0131, Fetihlerin Sultan\u0131 Fatih Sultan Mehmet&#8217;i ve d\u00fcnya tarihine damga vuran T\u00fcrklerin daha bir\u00e7ok kahraman liderini tan\u0131yaca\u011f\u0131z.  Haydi, muhte\u015fem tarih yolculu\u011fu ba\u015fl\u0131yor!<\/p>\n","protected":false},"excerpt":{"rendered":"<p>T\u00fcrk topraklar\u0131nda tarih yazan korkusuz liderlerle tan\u0131\u015fmaya haz\u0131r m\u0131s\u0131n\u0131z? \u00c7in saray\u0131na korkusuzca ko\u015fan K\u00fcr\u015fat\u2019\u0131, T\u00fcrk toplumuna yaz\u0131l\u0131 olarak seslenmeyi bilen geni\u015f ufuklu Bilge Ka\u011fan\u2019\u0131, kimsesiz iki<span class=\"excerpt-hellip\"> [\u2026]<\/span><\/p>\n","protected":false},"featured_media":0,"template":"","meta":{"_monsterinsights_skip_tracking":false,"_monsterinsights_sitenote_active":false,"_monsterinsights_sitenote_note":"","_monsterinsights_sitenote_category":0},"product_brand":[],"product_cat":[12274,15842],"product_tag":[],"class_list":{"0":"post-748756","1":"product","2":"type-product","3":"status-publish","5":"product_cat-cocuk-ve-genclik-kitaplari","6":"product_cat-egitici-kitaplar","7":"pa_cilt-ciltsiz","8":"pa_tur-kitap","9":"pa_yayinevi-eglenceli-bilgi-yayinlari","10":"pa_yazar-nurlan-nazli-kaya","12":"first","13":"instock","14":"sale","15":"shipping-taxable","16":"purchasable","17":"product-type-simple"},"_links":{"self":[{"href":"https:\/\/roveyayinevi.com.tr\/index.php\/wp-json\/wp\/v2\/product\/748756","targetHints":{"allow":["GET"]}}],"collection":[{"href":"https:\/\/roveyayinevi.com.tr\/index.php\/wp-json\/wp\/v2\/product"}],"about":[{"href":"https:\/\/roveyayinevi.com.tr\/index.php\/wp-json\/wp\/v2\/types\/product"}],"wp:attachment":[{"href":"https:\/\/roveyayinevi.com.tr\/index.php\/wp-json\/wp\/v2\/media?parent=748756"}],"wp:term":[{"taxonomy":"product_brand","embeddable":true,"href":"https:\/\/roveyayinevi.com.tr\/index.php\/wp-json\/wp\/v2\/product_brand?post=748756"},{"taxonomy":"product_cat","embeddable":true,"href":"https:\/\/roveyayinevi.com.tr\/index.php\/wp-json\/wp\/v2\/product_cat?post=748756"},{"taxonomy":"product_tag","embeddable":true,"href":"https:\/\/roveyayinevi.com.tr\/index.php\/wp-json\/wp\/v2\/product_tag?post=748756"}],"curies":[{"name":"wp","href":"https:\/\/api.w.org\/{rel}","templated":true}]}}