{"id":748755,"date":"2025-08-28T03:38:31","date_gmt":"2025-08-28T00:38:31","guid":{"rendered":"https:\/\/roveyayinevi.com.tr\/index.php\/urun\/emret-komutanim-osmanlinin-muhtesem-askeri-gucu\/"},"modified":"2026-04-16T03:01:35","modified_gmt":"2026-04-16T00:01:35","slug":"emret-komutanim-osmanlinin-muhtesem-askeri-gucu","status":"publish","type":"product","link":"https:\/\/roveyayinevi.com.tr\/index.php\/urun\/emret-komutanim-osmanlinin-muhtesem-askeri-gucu\/","title":{"rendered":"Emret Komutan\u0131m &#8211; Osmanl\u0131&#8217;n\u0131n Muhte\u015fem Askeri G\u00fcc\u00fc"},"content":{"rendered":"<p>Osmanl\u0131 Beyli\u011fi, hi\u00e7 durmadan geli\u015ftirdi\u011fi asker\u00ee g\u00fcc\u00fc sayesinde bir cihan imparatorlu\u011fu h\u00e2line geldi. \u015eimdi Osmanl\u0131 Devleti&#8217;nin d\u00fcnyaya h\u00fckmetmesini sa\u011flayan bu muhte\u015fem asker\u00ee g\u00fcc\u00fcyle tan\u0131\u015fmaya haz\u0131r m\u0131s\u0131n? Bu kitap sana Osmanl\u0131&#8217;n\u0131n b\u00fct\u00fcn ordular\u0131n\u0131 eksiksiz olarak tan\u0131tacak. \u0130mparatorlu\u011fun kara, deniz ve hava kuvvetlerinden olu\u015fan g\u00fcc\u00fcn\u00fc ve bu g\u00fcc\u00fcn zamanla nas\u0131l de\u011fi\u015fip geli\u015fti\u011fini en ince ayr\u0131nt\u0131s\u0131na kadar \u00f6\u011freneceksin. Elbette e\u011flence garantisiyle birlikte!  Haydi, Osmanl\u0131 asker\u00ee g\u00fcc\u00fcyle hi\u00e7 beklemeden tan\u0131\u015fal\u0131m.<\/p>\n","protected":false},"excerpt":{"rendered":"<p>Osmanl\u0131 Beyli\u011fi, hi\u00e7 durmadan geli\u015ftirdi\u011fi asker\u00ee g\u00fcc\u00fc sayesinde bir cihan imparatorlu\u011fu h\u00e2line geldi. \u015eimdi Osmanl\u0131 Devleti&#8217;nin d\u00fcnyaya h\u00fckmetmesini sa\u011flayan bu muhte\u015fem asker\u00ee g\u00fcc\u00fcyle tan\u0131\u015fmaya haz\u0131r m\u0131s\u0131n?<span class=\"excerpt-hellip\"> [\u2026]<\/span><\/p>\n","protected":false},"featured_media":0,"template":"","meta":{"_monsterinsights_skip_tracking":false,"_monsterinsights_sitenote_active":false,"_monsterinsights_sitenote_note":"","_monsterinsights_sitenote_category":0},"product_brand":[],"product_cat":[13829,12274],"product_tag":[],"class_list":{"0":"post-748755","1":"product","2":"type-product","3":"status-publish","5":"product_cat-bilimsel-kitaplar","6":"product_cat-cocuk-ve-genclik-kitaplari","7":"pa_cilt-ciltsiz","8":"pa_tur-kitap","9":"pa_yayinevi-eglenceli-bilgi-yayinlari","10":"pa_yazar-mazlum-akin","12":"first","13":"instock","14":"sale","15":"shipping-taxable","16":"purchasable","17":"product-type-simple"},"_links":{"self":[{"href":"https:\/\/roveyayinevi.com.tr\/index.php\/wp-json\/wp\/v2\/product\/748755","targetHints":{"allow":["GET"]}}],"collection":[{"href":"https:\/\/roveyayinevi.com.tr\/index.php\/wp-json\/wp\/v2\/product"}],"about":[{"href":"https:\/\/roveyayinevi.com.tr\/index.php\/wp-json\/wp\/v2\/types\/product"}],"wp:attachment":[{"href":"https:\/\/roveyayinevi.com.tr\/index.php\/wp-json\/wp\/v2\/media?parent=748755"}],"wp:term":[{"taxonomy":"product_brand","embeddable":true,"href":"https:\/\/roveyayinevi.com.tr\/index.php\/wp-json\/wp\/v2\/product_brand?post=748755"},{"taxonomy":"product_cat","embeddable":true,"href":"https:\/\/roveyayinevi.com.tr\/index.php\/wp-json\/wp\/v2\/product_cat?post=748755"},{"taxonomy":"product_tag","embeddable":true,"href":"https:\/\/roveyayinevi.com.tr\/index.php\/wp-json\/wp\/v2\/product_tag?post=748755"}],"curies":[{"name":"wp","href":"https:\/\/api.w.org\/{rel}","templated":true}]}}