{"id":748753,"date":"2025-08-28T03:38:28","date_gmt":"2025-08-28T00:38:28","guid":{"rendered":"https:\/\/roveyayinevi.com.tr\/index.php\/urun\/dolunaya-esrarengiz-yolculuk\/"},"modified":"2026-04-16T03:01:35","modified_gmt":"2026-04-16T00:01:35","slug":"dolunaya-esrarengiz-yolculuk","status":"publish","type":"product","link":"https:\/\/roveyayinevi.com.tr\/index.php\/urun\/dolunaya-esrarengiz-yolculuk\/","title":{"rendered":"Dolunaya Esrarengiz Yolculuk"},"content":{"rendered":"<p>\u0130ronik\u2026 Sempatik\u2026 B\u00fcy\u00fcleyici\u2026 Fantastik\u2026Efsaneye g\u00f6re uzun zaman \u00f6nce ormanda odun \u00e7alan bir h\u0131rs\u0131z, may\u0131s b\u00f6ce\u011fi olan Sumseman\u2019\u0131n alt\u0131nc\u0131 baca\u011f\u0131n\u0131 yanl\u0131\u015fl\u0131kla kesmi\u015ftir. Gece Perisi taraf\u0131ndan cezaland\u0131r\u0131larak Ay\u2019a g\u00f6nderilen adam, kesik baca\u011f\u0131 da yan\u0131nda g\u00f6t\u00fcr\u00fcr. O zamandan beri, Sumseman Ailesi\u2019nde do\u011fan her b\u00f6ce\u011fin be\u015f baca\u011f\u0131 vard\u0131r. Gece Perisi, sadece hayvanlara hi\u00e7 zarar vermemi\u015f olan iyi kalpli bir \u00e7ocu\u011fun kay\u0131p baca\u011f\u0131 geri getirebilece\u011fini s\u00f6yler.Ailenin hayatta kalan son ferdi olan Bay Sumseman, sonunda Peter ve Anelise karde\u015fleri bulur. \u00dc\u00e7\u00fc birlikte muhte\u015fem kar\u015f\u0131la\u015fmalar, fantastik varl\u0131klar ve heyecan verici olaylarla dolu \u015fa\u015f\u0131rt\u0131c\u0131 bir yolculu\u011fa \u00e7\u0131karlar.Kay\u0131p baca\u011f\u0131 geri almak i\u00e7in sadece g\u00fcn do\u011fumuna kadar vakitleri vard\u0131r. Ay&#8217;a vard\u0131klar\u0131nda ise Vah\u015fi Ay Adam\u0131\u2019na meydan okumalar\u0131 gerekecektir.Karde\u015fli\u011fin ve arkada\u015fl\u0131\u011f\u0131n paha bi\u00e7ilemez de\u011ferini anlayacaklar\u0131 bu b\u00fcy\u00fcl\u00fc maceran\u0131n sonunda, kitab\u0131n sonunu s\u00f6ylemek gibi olmas\u0131n ama elbette iyilik kazanacakt\u0131r.<\/p>\n","protected":false},"excerpt":{"rendered":"<p>\u0130ronik\u2026 Sempatik\u2026 B\u00fcy\u00fcleyici\u2026 Fantastik\u2026Efsaneye g\u00f6re uzun zaman \u00f6nce ormanda odun \u00e7alan bir h\u0131rs\u0131z, may\u0131s b\u00f6ce\u011fi olan Sumseman\u2019\u0131n alt\u0131nc\u0131 baca\u011f\u0131n\u0131 yanl\u0131\u015fl\u0131kla kesmi\u015ftir. Gece Perisi taraf\u0131ndan cezaland\u0131r\u0131larak Ay\u2019a<span class=\"excerpt-hellip\"> [\u2026]<\/span><\/p>\n","protected":false},"featured_media":0,"template":"","meta":{"_monsterinsights_skip_tracking":false,"_monsterinsights_sitenote_active":false,"_monsterinsights_sitenote_note":"","_monsterinsights_sitenote_category":0},"product_brand":[],"product_cat":[12274,12284],"product_tag":[],"class_list":{"0":"post-748753","1":"product","2":"type-product","3":"status-publish","5":"product_cat-cocuk-ve-genclik-kitaplari","6":"product_cat-hikayeler","7":"pa_cilt-ciltsiz","8":"pa_tur-kitap","9":"pa_yayinevi-carpe-diem-kitaplari","10":"pa_yazar-gerdt-von-bassewitz","12":"first","13":"instock","14":"sale","15":"shipping-taxable","16":"purchasable","17":"product-type-simple"},"_links":{"self":[{"href":"https:\/\/roveyayinevi.com.tr\/index.php\/wp-json\/wp\/v2\/product\/748753","targetHints":{"allow":["GET"]}}],"collection":[{"href":"https:\/\/roveyayinevi.com.tr\/index.php\/wp-json\/wp\/v2\/product"}],"about":[{"href":"https:\/\/roveyayinevi.com.tr\/index.php\/wp-json\/wp\/v2\/types\/product"}],"wp:attachment":[{"href":"https:\/\/roveyayinevi.com.tr\/index.php\/wp-json\/wp\/v2\/media?parent=748753"}],"wp:term":[{"taxonomy":"product_brand","embeddable":true,"href":"https:\/\/roveyayinevi.com.tr\/index.php\/wp-json\/wp\/v2\/product_brand?post=748753"},{"taxonomy":"product_cat","embeddable":true,"href":"https:\/\/roveyayinevi.com.tr\/index.php\/wp-json\/wp\/v2\/product_cat?post=748753"},{"taxonomy":"product_tag","embeddable":true,"href":"https:\/\/roveyayinevi.com.tr\/index.php\/wp-json\/wp\/v2\/product_tag?post=748753"}],"curies":[{"name":"wp","href":"https:\/\/api.w.org\/{rel}","templated":true}]}}