{"id":748751,"date":"2025-08-28T03:38:26","date_gmt":"2025-08-28T00:38:26","guid":{"rendered":"https:\/\/roveyayinevi.com.tr\/index.php\/urun\/kadin-ekonomisi\/"},"modified":"2026-04-16T03:01:35","modified_gmt":"2026-04-16T00:01:35","slug":"kadin-ekonomisi","status":"publish","type":"product","link":"https:\/\/roveyayinevi.com.tr\/index.php\/urun\/kadin-ekonomisi\/","title":{"rendered":"Kad\u0131n Ekonomisi"},"content":{"rendered":"<p>\u00b7         T\u00fcrkiye\u2019de Bankac\u0131l\u0131k Sekt\u00f6r\u00fcnde ve Y\u00f6netiminde Cinsiyete Dayal\u0131 \u0130stihdam \u00b7         T\u00fcrkiye\u2019de ve D\u00fcnyada Cinsiyet E\u015fitsizli\u011finin Finansal Kapsay\u0131c\u0131l\u0131k Perspektifinde Analizi \u00b7         Kad\u0131n Yoksullu\u011fu \/ Yoksullu\u011fun Kad\u0131nla\u015fmas\u0131 \u00b7         D\u00fcnyada ve T\u00fcrkiye\u2019de Kad\u0131n Mutlulu\u011fu \u00b7         Kalk\u0131nmada Kad\u0131n Eme\u011fi Ve Finansal Okuryazarl\u0131k \u00b7         T\u00fcrkiye\u2019de Kad\u0131nlarda \u0130\u015fg\u00fcc\u00fcne Kat\u0131l\u0131m ve Kay\u0131t D\u0131\u015f\u0131 \u0130stihdam: \u0130ki De\u011fi\u015fkenli Probit Model Uygulamas\u0131 \u00b7         T\u00fcrkiye\u2019de Kad\u0131nlar\u0131n \u0130\u015fg\u00fcc\u00fcne Kat\u0131l\u0131m\u0131n\u0131n Belirleyicilerinin Nitel Ba\u011f\u0131ml\u0131 De\u011fi\u015fkenli Modeller ile Analizi <\/p>\n","protected":false},"excerpt":{"rendered":"<p>\u00b7 T\u00fcrkiye\u2019de Bankac\u0131l\u0131k Sekt\u00f6r\u00fcnde ve Y\u00f6netiminde Cinsiyete Dayal\u0131 \u0130stihdam \u00b7 T\u00fcrkiye\u2019de ve D\u00fcnyada Cinsiyet E\u015fitsizli\u011finin Finansal Kapsay\u0131c\u0131l\u0131k Perspektifinde Analizi \u00b7 Kad\u0131n Yoksullu\u011fu \/ Yoksullu\u011fun Kad\u0131nla\u015fmas\u0131 \u00b7<span class=\"excerpt-hellip\"> [\u2026]<\/span><\/p>\n","protected":false},"featured_media":0,"template":"","meta":{"_monsterinsights_skip_tracking":false,"_monsterinsights_sitenote_active":false,"_monsterinsights_sitenote_note":"","_monsterinsights_sitenote_category":0},"product_brand":[],"product_cat":[13043],"product_tag":[],"class_list":{"0":"post-748751","1":"product","2":"type-product","3":"status-publish","5":"product_cat-ekonomi","6":"pa_cilt-ciltsiz","7":"pa_tur-kitap","8":"pa_yayinevi-gazi-kitabevi","9":"pa_yazar-kolektif","11":"first","12":"instock","13":"sale","14":"shipping-taxable","15":"purchasable","16":"product-type-simple"},"_links":{"self":[{"href":"https:\/\/roveyayinevi.com.tr\/index.php\/wp-json\/wp\/v2\/product\/748751","targetHints":{"allow":["GET"]}}],"collection":[{"href":"https:\/\/roveyayinevi.com.tr\/index.php\/wp-json\/wp\/v2\/product"}],"about":[{"href":"https:\/\/roveyayinevi.com.tr\/index.php\/wp-json\/wp\/v2\/types\/product"}],"wp:attachment":[{"href":"https:\/\/roveyayinevi.com.tr\/index.php\/wp-json\/wp\/v2\/media?parent=748751"}],"wp:term":[{"taxonomy":"product_brand","embeddable":true,"href":"https:\/\/roveyayinevi.com.tr\/index.php\/wp-json\/wp\/v2\/product_brand?post=748751"},{"taxonomy":"product_cat","embeddable":true,"href":"https:\/\/roveyayinevi.com.tr\/index.php\/wp-json\/wp\/v2\/product_cat?post=748751"},{"taxonomy":"product_tag","embeddable":true,"href":"https:\/\/roveyayinevi.com.tr\/index.php\/wp-json\/wp\/v2\/product_tag?post=748751"}],"curies":[{"name":"wp","href":"https:\/\/api.w.org\/{rel}","templated":true}]}}