{"id":748747,"date":"2025-08-28T03:38:22","date_gmt":"2025-08-28T00:38:22","guid":{"rendered":"https:\/\/roveyayinevi.com.tr\/index.php\/urun\/nefsi-arindirmak\/"},"modified":"2026-04-16T03:01:35","modified_gmt":"2026-04-16T00:01:35","slug":"nefsi-arindirmak","status":"publish","type":"product","link":"https:\/\/roveyayinevi.com.tr\/index.php\/urun\/nefsi-arindirmak\/","title":{"rendered":"Nefsi Ar\u0131nd\u0131rmak"},"content":{"rendered":"<p>Allah, iman\u0131 yaratt\u0131\u011f\u0131nda iman O&#8217;na: &#8216;Y\u00fcce Allah&#8217;\u0131m! Beni g\u00fc\u00e7lendir.&#8217; demi\u015ftir. Allah da onu g\u00fczel ahl\u00e2k ve c\u00f6mertlikle g\u00fc\u00e7lendirir. Yine Allah, k\u00fcfr\u00fc yaratt\u0131\u011f\u0131nda k\u00fcf\u00fcr O&#8217;na: &#8216;Y\u00fcce Allah&#8217;\u0131m! Beni g\u00fc\u00e7lendir.&#8217; demi\u015ftir. Allah da onu k\u00f6t\u00fc ahl\u00e2k ve cimrilikle g\u00fc\u00e7lendirir. Hz. Peygamber Efendimiz (sav): &#8220;Ben, g\u00fczel ahl\u00e2k\u0131 tamamlamak \u00fczere g\u00f6nderildim.&#8221; buyurur. Bir m\u00fcmin, iman eder ve salih amel i\u015fleyerek iman\u0131n\u0131 tahkim ve takviye eder. Ahl\u00e2k\u0131n g\u00fczelle\u015fmesi, bu salih amelleri kapsay\u0131c\u0131 bir hususiyete sahiptir. Fudayl b. \u0130yaz&#8217;\u0131n aktard\u0131\u011f\u0131na g\u00f6re bir g\u00fcn Peygamber Efendimize, geceleri ibadet eden ve g\u00fcnd\u00fczleri oru\u00e7 tutan fakat ahl\u00e2k\u0131 k\u00f6t\u00fc olup, diliyle \u00e7evresindekileri y\u0131ld\u0131ran bir kad\u0131n\u0131n durumu sorulmu\u015f. Peygamber Efendimiz de o kad\u0131n i\u00e7in: &#8220;Onda bir hay\u0131r yoktur, cehennemliklerdendir.&#8221; demi\u015ftir. \u0130\u015fte, g\u00fczel ahl\u00e2k ibadetlerin ve iman\u0131n kemale ermesi i\u00e7in en m\u00fchim r\u00fck\u00fcnd\u00fcr. \u0130mam Gazz\u00e2l\u00ee, \u0130hy\u00e2 eserinin Nefsin Ar\u0131nd\u0131r\u0131lmas\u0131 ba\u015fl\u0131\u011f\u0131n\u0131 verdi\u011fi bu k\u0131s\u0131mda ahl\u00e2k\u0131n tehzibini ve g\u00fczelle\u015ftirilmesini ele almakta; bazen bir m\u00fcr\u015fit gibi hakikat yolunda y\u00fcr\u00fcyen s\u00e2liklere rehberlik etmekte, bazen de bir m\u00fcrebbi gibi \u00e7ocuk ya\u015ftan itibaren terbiyenin nas\u0131l olaca\u011f\u0131n\u0131 g\u00f6stermekte. Abdullah Yasir \u0130slamo\u011flu&#8217;nun latif ve selis terc\u00fcmesiyle Sufi Kitap \u0130mam Gazz\u00e2l\u00ee&#8217;nin \u0130hy\u00e2u Ul\u00fbmiddin kalbi hayata y\u00f6nelik b\u00f6l\u00fcmlerini basmaya devam ediyor. <\/p>\n","protected":false},"excerpt":{"rendered":"<p>Allah, iman\u0131 yaratt\u0131\u011f\u0131nda iman O&#8217;na: &#8216;Y\u00fcce Allah&#8217;\u0131m! Beni g\u00fc\u00e7lendir.&#8217; demi\u015ftir. Allah da onu g\u00fczel ahl\u00e2k ve c\u00f6mertlikle g\u00fc\u00e7lendirir. Yine Allah, k\u00fcfr\u00fc yaratt\u0131\u011f\u0131nda k\u00fcf\u00fcr O&#8217;na: &#8216;Y\u00fcce Allah&#8217;\u0131m!<span class=\"excerpt-hellip\"> [\u2026]<\/span><\/p>\n","protected":false},"featured_media":0,"template":"","meta":{"_monsterinsights_skip_tracking":false,"_monsterinsights_sitenote_active":false,"_monsterinsights_sitenote_note":"","_monsterinsights_sitenote_category":0},"product_brand":[],"product_cat":[12718,12719,15238],"product_tag":[],"class_list":{"0":"post-748747","1":"product","2":"type-product","3":"status-publish","5":"product_cat-din","6":"product_cat-islam","7":"product_cat-tasavvuf","8":"pa_cilt-ciltsiz","9":"pa_tur-kitap","10":"pa_yayinevi-sufi-kitap","11":"pa_yazar-imam-gazali","13":"first","14":"instock","15":"sale","16":"shipping-taxable","17":"purchasable","18":"product-type-simple"},"_links":{"self":[{"href":"https:\/\/roveyayinevi.com.tr\/index.php\/wp-json\/wp\/v2\/product\/748747","targetHints":{"allow":["GET"]}}],"collection":[{"href":"https:\/\/roveyayinevi.com.tr\/index.php\/wp-json\/wp\/v2\/product"}],"about":[{"href":"https:\/\/roveyayinevi.com.tr\/index.php\/wp-json\/wp\/v2\/types\/product"}],"wp:attachment":[{"href":"https:\/\/roveyayinevi.com.tr\/index.php\/wp-json\/wp\/v2\/media?parent=748747"}],"wp:term":[{"taxonomy":"product_brand","embeddable":true,"href":"https:\/\/roveyayinevi.com.tr\/index.php\/wp-json\/wp\/v2\/product_brand?post=748747"},{"taxonomy":"product_cat","embeddable":true,"href":"https:\/\/roveyayinevi.com.tr\/index.php\/wp-json\/wp\/v2\/product_cat?post=748747"},{"taxonomy":"product_tag","embeddable":true,"href":"https:\/\/roveyayinevi.com.tr\/index.php\/wp-json\/wp\/v2\/product_tag?post=748747"}],"curies":[{"name":"wp","href":"https:\/\/api.w.org\/{rel}","templated":true}]}}