{"id":748745,"date":"2025-08-28T03:38:20","date_gmt":"2025-08-28T00:38:20","guid":{"rendered":"https:\/\/roveyayinevi.com.tr\/index.php\/urun\/insan-kaynaklari-acisindan-veri-bilimi-ekibi-yonetim-bilisim-sistemleri-perspektifiyle\/"},"modified":"2026-04-16T03:01:35","modified_gmt":"2026-04-16T00:01:35","slug":"insan-kaynaklari-acisindan-veri-bilimi-ekibi-yonetim-bilisim-sistemleri-perspektifiyle","status":"publish","type":"product","link":"https:\/\/roveyayinevi.com.tr\/index.php\/urun\/insan-kaynaklari-acisindan-veri-bilimi-ekibi-yonetim-bilisim-sistemleri-perspektifiyle\/","title":{"rendered":"\u0130nsan Kaynaklar\u0131 A\u00e7\u0131s\u0131ndan Veri Bilimi Ekibi Y\u00f6netim Bili\u015fim Sistemleri Perspektifiyle"},"content":{"rendered":"<p>\u00d6NS\u00d6Z \u0130\u00c7\u0130NDEK\u0130LER \u015eEK\u0130LLER D\u0130Z\u0130N\u0130 D\u0130Z\u0130N\u0130 G\u0130R\u0130\u015e B\u0130R\u0130NC\u0130 B\u00d6L\u00dcM ALANYAZIN VE KAVRAMSAL \u00c7ER\u00c7EVE 1.1.  VER\u0130, ENFORMASYON, B\u0130LG\u0130, B\u0130LGEL\u0130K 1.2.  VER\u0130 B\u0130L\u0130M EK\u0130B\u0130 1.3.  ORGAN\u0130ZASYONEL D\u00dcZEYLER 1.4.  \u0130NSAN KAYNAKLARI 1.5.  VER\u0130 B\u0130L\u0130M EK\u0130B\u0130 \u0130LE \u0130LG\u0130L\u0130 YAPILMI\u015e \u00c7ALI\u015eMALAR \u0130K\u0130NC\u0130 B\u00d6L\u00dcM Y\u00d6NTEM 2.1. PROBLEM 2.2. ARA\u015eTIRMA SORULARI 2.3. ARA\u015eTIRMANIN MODEL\u0130 2.2. \u00c7ALI\u015eMA GRUBU 2.3. VER\u0130LER\u0130N TOPLANMASI 2.4. VER\u0130 ANAL\u0130Z \u0130\u015eLEMLER\u0130 2.5. GE\u00c7ERL\u0130K VE G\u00dcVEN\u0130RL\u0130K \u00dc\u00c7\u00dcNC\u00dc B\u00d6L\u00dcM BULGULAR 3.1. KATILIMCILARIN ALDIKLARI E\u011e\u0130T\u0130MLERE \u0130L\u0130\u015eK\u0130N BULGULAR 3.2. KATILIMCILARIN VER\u0130 B\u0130L\u0130M EK\u0130B\u0130 HAKKINDAK\u0130 ALGILARINA Y\u00d6NEL\u0130K BULGULAR 3.3. KATILIMCILARIN VER\u0130 B\u0130L\u0130M EK\u0130B\u0130N\u0130 ORGAN\u0130ZASYON \u0130\u00c7ER\u0130S\u0130NDE KONUMLANDIRMASINA Y\u00d6NEL\u0130K BULGULAR SONU\u00c7 VE TARTI\u015eMA KAYNAK\u00c7A <\/p>\n","protected":false},"excerpt":{"rendered":"<p>\u00d6NS\u00d6Z \u0130\u00c7\u0130NDEK\u0130LER \u015eEK\u0130LLER D\u0130Z\u0130N\u0130 D\u0130Z\u0130N\u0130 G\u0130R\u0130\u015e B\u0130R\u0130NC\u0130 B\u00d6L\u00dcM ALANYAZIN VE KAVRAMSAL \u00c7ER\u00c7EVE 1.1. VER\u0130, ENFORMASYON, B\u0130LG\u0130, B\u0130LGEL\u0130K 1.2. VER\u0130 B\u0130L\u0130M EK\u0130B\u0130 1.3. ORGAN\u0130ZASYONEL D\u00dcZEYLER 1.4. \u0130NSAN<span class=\"excerpt-hellip\"> [\u2026]<\/span><\/p>\n","protected":false},"featured_media":0,"template":"","meta":{"_monsterinsights_skip_tracking":false,"_monsterinsights_sitenote_active":false,"_monsterinsights_sitenote_note":"","_monsterinsights_sitenote_category":0},"product_brand":[],"product_cat":[13005,37328],"product_tag":[],"class_list":{"0":"post-748745","1":"product","2":"type-product","3":"status-publish","5":"product_cat-bilim-muhendislik","6":"product_cat-diger-bilim-muhendislik","7":"pa_cilt-ciltsiz","8":"pa_tur-kitap","9":"pa_yayinevi-gazi-kitabevi","10":"pa_yazar-mahmut-ensar-goktas","12":"first","13":"instock","14":"sale","15":"shipping-taxable","16":"purchasable","17":"product-type-simple"},"_links":{"self":[{"href":"https:\/\/roveyayinevi.com.tr\/index.php\/wp-json\/wp\/v2\/product\/748745","targetHints":{"allow":["GET"]}}],"collection":[{"href":"https:\/\/roveyayinevi.com.tr\/index.php\/wp-json\/wp\/v2\/product"}],"about":[{"href":"https:\/\/roveyayinevi.com.tr\/index.php\/wp-json\/wp\/v2\/types\/product"}],"wp:attachment":[{"href":"https:\/\/roveyayinevi.com.tr\/index.php\/wp-json\/wp\/v2\/media?parent=748745"}],"wp:term":[{"taxonomy":"product_brand","embeddable":true,"href":"https:\/\/roveyayinevi.com.tr\/index.php\/wp-json\/wp\/v2\/product_brand?post=748745"},{"taxonomy":"product_cat","embeddable":true,"href":"https:\/\/roveyayinevi.com.tr\/index.php\/wp-json\/wp\/v2\/product_cat?post=748745"},{"taxonomy":"product_tag","embeddable":true,"href":"https:\/\/roveyayinevi.com.tr\/index.php\/wp-json\/wp\/v2\/product_tag?post=748745"}],"curies":[{"name":"wp","href":"https:\/\/api.w.org\/{rel}","templated":true}]}}