{"id":748742,"date":"2025-08-28T03:38:17","date_gmt":"2025-08-28T00:38:17","guid":{"rendered":"https:\/\/roveyayinevi.com.tr\/index.php\/urun\/calisma-yasaminda-yasa-dayali-ayrimcilik\/"},"modified":"2026-04-16T03:01:34","modified_gmt":"2026-04-16T00:01:34","slug":"calisma-yasaminda-yasa-dayali-ayrimcilik","status":"publish","type":"product","link":"https:\/\/roveyayinevi.com.tr\/index.php\/urun\/calisma-yasaminda-yasa-dayali-ayrimcilik\/","title":{"rendered":"\u00c7al\u0131\u015fma Ya\u015fam\u0131nda Ya\u015fa Dayal\u0131 Ayr\u0131mc\u0131l\u0131k"},"content":{"rendered":"<p>1.      YA\u015e AYRIMCILI\u011eINA \u0130L\u0130\u015eK\u0130N KAVRAMSAL \u00c7ER\u00c7EVE 2.      D\u00dcNYA\u2019DA VE T\u00dcRK\u0130YE\u2019DE DEMOGRAF\u0130K D\u00d6N\u00dc\u015e\u00dcM S\u00dcREC\u0130 VE \u0130ST\u0130HDAMA ETK\u0130S\u0130 3.      \u00c7ALI\u015eMA YA\u015eAMINDA YA\u015e AYRIMCILI\u011eI 4.      KONAKLAMA END\u00dcSTR\u0130S\u0130NDE YA\u015eA DAYALI AYRIMCILIK \u00dcZER\u0130NE B\u0130R SAHAARA\u015eTIRMASI: ARA\u015eTIRMANIN METODOLOJ\u0130S\u0130 5.      ARA\u015eTIRMA BULGULARININ ANAL\u0130Z\u0130 VE DE\u011eERLEND\u0130RMES\u0130 <\/p>\n","protected":false},"excerpt":{"rendered":"<p>1. YA\u015e AYRIMCILI\u011eINA \u0130L\u0130\u015eK\u0130N KAVRAMSAL \u00c7ER\u00c7EVE 2. D\u00dcNYA\u2019DA VE T\u00dcRK\u0130YE\u2019DE DEMOGRAF\u0130K D\u00d6N\u00dc\u015e\u00dcM S\u00dcREC\u0130 VE \u0130ST\u0130HDAMA ETK\u0130S\u0130 3. \u00c7ALI\u015eMA YA\u015eAMINDA YA\u015e AYRIMCILI\u011eI 4. KONAKLAMA END\u00dcSTR\u0130S\u0130NDE YA\u015eA DAYALI<span class=\"excerpt-hellip\"> [\u2026]<\/span><\/p>\n","protected":false},"featured_media":0,"template":"","meta":{"_monsterinsights_skip_tracking":false,"_monsterinsights_sitenote_active":false,"_monsterinsights_sitenote_note":"","_monsterinsights_sitenote_category":0},"product_brand":[],"product_cat":[12573,12566],"product_tag":[],"class_list":{"0":"post-748742","1":"product","2":"type-product","3":"status-publish","5":"product_cat-akademik-kitaplar","6":"product_cat-egitim","7":"pa_cilt-ciltsiz","8":"pa_tur-kitap","9":"pa_yayinevi-gazi-kitabevi","10":"pa_yazar-asiye-kamber-kivci","12":"first","13":"instock","14":"sale","15":"shipping-taxable","16":"purchasable","17":"product-type-simple"},"_links":{"self":[{"href":"https:\/\/roveyayinevi.com.tr\/index.php\/wp-json\/wp\/v2\/product\/748742","targetHints":{"allow":["GET"]}}],"collection":[{"href":"https:\/\/roveyayinevi.com.tr\/index.php\/wp-json\/wp\/v2\/product"}],"about":[{"href":"https:\/\/roveyayinevi.com.tr\/index.php\/wp-json\/wp\/v2\/types\/product"}],"wp:attachment":[{"href":"https:\/\/roveyayinevi.com.tr\/index.php\/wp-json\/wp\/v2\/media?parent=748742"}],"wp:term":[{"taxonomy":"product_brand","embeddable":true,"href":"https:\/\/roveyayinevi.com.tr\/index.php\/wp-json\/wp\/v2\/product_brand?post=748742"},{"taxonomy":"product_cat","embeddable":true,"href":"https:\/\/roveyayinevi.com.tr\/index.php\/wp-json\/wp\/v2\/product_cat?post=748742"},{"taxonomy":"product_tag","embeddable":true,"href":"https:\/\/roveyayinevi.com.tr\/index.php\/wp-json\/wp\/v2\/product_tag?post=748742"}],"curies":[{"name":"wp","href":"https:\/\/api.w.org\/{rel}","templated":true}]}}