{"id":748741,"date":"2025-08-28T03:38:16","date_gmt":"2025-08-28T00:38:16","guid":{"rendered":"https:\/\/roveyayinevi.com.tr\/index.php\/urun\/osmanlida-koleligin-sonu-1800-1909\/"},"modified":"2026-04-16T03:01:34","modified_gmt":"2026-04-16T00:01:34","slug":"osmanlida-koleligin-sonu-1800-1909","status":"publish","type":"product","link":"https:\/\/roveyayinevi.com.tr\/index.php\/urun\/osmanlida-koleligin-sonu-1800-1909\/","title":{"rendered":"Osmanl\u0131&#8217;da K\u00f6leli\u011fin Sonu 1800-1909"},"content":{"rendered":"<p>\u201cOsmanl\u0131 ve Avrupa kaynaklar\u0131na dayal\u0131 usta i\u015fi bir \u00e7al\u0131\u015fma olan bu kitap kar\u015f\u0131la\u015ft\u0131rmal\u0131 k\u00f6lelik ara\u015ft\u0131rmalar\u0131na b\u00fcy\u00fck bir katk\u0131. Erdem, Osmanl\u0131 k\u00f6lelik kurumunun ay\u0131rt edici \u00f6zelliklerini inceliyor, daha da ilginci, bunu k\u00f6lelerin kendi bak\u0131\u015f a\u00e7\u0131lar\u0131ndan yap\u0131yor. \u0130stanbul&#8217;daki azatl\u0131 k\u00f6le toplumunu ele al\u0131\u015f tarz\u0131 kitab\u0131n literat\u00fcre ana katk\u0131lar\u0131ndan biri&#8230; Erdem, Osmanl\u0131 k\u00f6leli\u011finin alt k\u00fclt\u00fcrlerinden birini daha geni\u015f olan Afrika k\u00f6leli\u011fi \u00e7al\u0131\u015fmalar\u0131yla ili\u015fkilendiriyor.\u201dEugene Rogan\u201c\u0130yi yaz\u0131lm\u0131\u015f ve iyi ara\u015ft\u0131r\u0131lm\u0131\u015f bir kitap&#8230; Konuyu dikkatle ve ikna edici bir \u015fekilde tart\u0131\u015f\u0131yor. Konuyu ku\u015fatan neredeyse tam bir toplu bellek kayb\u0131n\u0131 giderme yolunda, 19. y\u00fczy\u0131l Osmanl\u0131 \u0130mparatorlu\u011fu\u2019nda k\u00f6leli\u011fi ara\u015ft\u0131ran \u00e7al\u0131\u015fmalara \u00f6nemli katk\u0131lar\u0131 var.\u201dKate Fleet\u201cErdem\u2019in \u00e7al\u0131\u015fmas\u0131 Osmanl\u0131 k\u00f6leli\u011fi ve k\u00f6le ticaretinin bast\u0131r\u0131lmas\u0131 literat\u00fcr\u00fcne \u00f6nemli bir katk\u0131. K\u00f6leli\u011fin kar\u015f\u0131la\u015ft\u0131rmal\u0131 tarihiyle ilgilenen ara\u015ft\u0131rmac\u0131lar i\u00e7in \u00f6zellikle yararl\u0131.\u201dMary Ann Fay\u201cYazar\u0131n genel olarak 19. y\u00fczy\u0131l Osmanl\u0131 tarihine derin ve \u00f6zg\u00fcn bir yakla\u015f\u0131m\u0131 var. Bunu k\u00f6lelik \u00e7al\u0131\u015fmalar\u0131na uyguluyor ve \u00fczerinde d\u00fc\u015f\u00fcn\u00fclmesi gereken baz\u0131 uyar\u0131c\u0131 g\u00f6r\u00fc\u015fler \u00f6neriyor. Fakat Erdem&#8217;in projesinin belki de en \u00f6nemli noktas\u0131, T\u00fcrkiye&#8217;deki Osmanl\u0131 k\u00f6leli\u011fi \u00fczerine s\u00f6ylemin, daha geni\u015f Bat\u0131 k\u00f6lelik s\u00f6yleminin art\u0131k tam bir par\u00e7as\u0131 oldu\u011fu ger\u00e7e\u011fini peki\u015ftirmekte tart\u0131\u015f\u0131lmaz bir ba\u015far\u0131 g\u00f6stermesidir.\u201dEhud R.Toledano<\/p>\n","protected":false},"excerpt":{"rendered":"<p>\u201cOsmanl\u0131 ve Avrupa kaynaklar\u0131na dayal\u0131 usta i\u015fi bir \u00e7al\u0131\u015fma olan bu kitap kar\u015f\u0131la\u015ft\u0131rmal\u0131 k\u00f6lelik ara\u015ft\u0131rmalar\u0131na b\u00fcy\u00fck bir katk\u0131. Erdem, Osmanl\u0131 k\u00f6lelik kurumunun ay\u0131rt edici \u00f6zelliklerini inceliyor,<span class=\"excerpt-hellip\"> [\u2026]<\/span><\/p>\n","protected":false},"featured_media":0,"template":"","meta":{"_monsterinsights_skip_tracking":false,"_monsterinsights_sitenote_active":false,"_monsterinsights_sitenote_note":"","_monsterinsights_sitenote_category":0},"product_brand":[],"product_cat":[13517,12304],"product_tag":[],"class_list":{"0":"post-748741","1":"product","2":"type-product","3":"status-publish","5":"product_cat-osmanli-tarihi","6":"product_cat-tarih","7":"pa_cilt-ciltsiz","8":"pa_tur-kitap","9":"pa_yayinevi-timas-yayinlari","10":"pa_yazar-y-hakan-erdem","12":"first","13":"instock","14":"sale","15":"shipping-taxable","16":"purchasable","17":"product-type-simple"},"_links":{"self":[{"href":"https:\/\/roveyayinevi.com.tr\/index.php\/wp-json\/wp\/v2\/product\/748741","targetHints":{"allow":["GET"]}}],"collection":[{"href":"https:\/\/roveyayinevi.com.tr\/index.php\/wp-json\/wp\/v2\/product"}],"about":[{"href":"https:\/\/roveyayinevi.com.tr\/index.php\/wp-json\/wp\/v2\/types\/product"}],"wp:attachment":[{"href":"https:\/\/roveyayinevi.com.tr\/index.php\/wp-json\/wp\/v2\/media?parent=748741"}],"wp:term":[{"taxonomy":"product_brand","embeddable":true,"href":"https:\/\/roveyayinevi.com.tr\/index.php\/wp-json\/wp\/v2\/product_brand?post=748741"},{"taxonomy":"product_cat","embeddable":true,"href":"https:\/\/roveyayinevi.com.tr\/index.php\/wp-json\/wp\/v2\/product_cat?post=748741"},{"taxonomy":"product_tag","embeddable":true,"href":"https:\/\/roveyayinevi.com.tr\/index.php\/wp-json\/wp\/v2\/product_tag?post=748741"}],"curies":[{"name":"wp","href":"https:\/\/api.w.org\/{rel}","templated":true}]}}