{"id":748739,"date":"2025-08-28T03:38:14","date_gmt":"2025-08-28T00:38:14","guid":{"rendered":"https:\/\/roveyayinevi.com.tr\/index.php\/urun\/hristiyanlik-ve-imparatorluk\/"},"modified":"2026-04-16T03:01:34","modified_gmt":"2026-04-16T00:01:34","slug":"hristiyanlik-ve-imparatorluk","status":"publish","type":"product","link":"https:\/\/roveyayinevi.com.tr\/index.php\/urun\/hristiyanlik-ve-imparatorluk\/","title":{"rendered":"Hristiyanl\u0131k ve \u0130mparatorluk"},"content":{"rendered":"<p>Bug\u00fcn \u201cHristiyanl\u0131k\u201d diye tabir etti\u011fimiz inan\u00e7 sistemi, kendi me\u015fru zeminini, Hz. \u0130sa\u2019dan sonraki d\u00f6nemlerde Yahudi inanc\u0131na ba\u015fkald\u0131rarak kurmu\u015ftur. Ger\u00e7ekten d\u00fcnya tarihini etkileyen \u00f6nemli geli\u015fmelerden biri, Hristiyanl\u0131\u011f\u0131n do\u011fu\u015fu ve Hristiyanlar\u0131n d\u00f6neminin iki b\u00fcy\u00fck imparatorlu\u011fu olan Roma ve Sasani y\u00f6netimleriyle ili\u015fkileridir. Hristiyanlar, ilk \u00fc\u00e7 y\u00fczy\u0131ll\u0131k zaman zarf\u0131nda Decius veya Diocletianus gibi imparatorlar\u0131n y\u00f6netiminde bazen bask\u0131 g\u00f6r\u00fcp kovu\u015fturulmu\u015flar ve bazen de \u015fehitler vermi\u015flerdir. Fakat onlar, pagan Roma ve Mecusi Sasani y\u00f6netimleri alt\u0131nda \u00e7o\u011fu zaman elveri\u015fli ko\u015fullar alt\u0131nda kendi inan\u00e7lar\u0131n\u0131 \u00f6zg\u00fcrce ya\u015fama ve hatta yayma imk\u00e2n\u0131 bulmu\u015flard\u0131r.Zafer Duygu, Hristiyanl\u0131k ve \u0130mparatorluk adl\u0131 eserinde, Hristiyanl\u0131\u011f\u0131n kurumsal ifadesi olarak Antik\u00e7a\u011f\u2019da sivrilen kilisenin Roma ve Sasani y\u00f6netimleriyle ili\u015fkilerini, Hristiyanl\u0131\u011f\u0131n Roma \u0130mparatorlu\u011fu\u2019nun resm\u00ee dinine d\u00f6n\u00fc\u015fmesi ve devletin siyasal sistemiyle eklemlenmesi s\u00fcrecini anlatm\u0131\u015f, ayr\u0131ca Antik\u00e7a\u011f\u2019da ve Ge\u00e7 Antik\u00e7a\u011f\u2019da kilise b\u00fcnyesinde ya\u015fanan teolojik tart\u0131\u015fmalar\u0131n kristolojik arka plan\u0131na ve \u00e7arp\u0131c\u0131 sonu\u00e7lar\u0131na \u0131\u015f\u0131k tutmu\u015ftur.\u2022 Nas\u0131ral\u0131 \u0130sa \u201cHristiyanl\u0131k\u201d ad\u0131nda bir din kurmu\u015f muydu?\u2022 Roma \u0130mparatorlu\u011fu y\u00f6netimi, genellikle zannedildi\u011fi gibi erken y\u00fczy\u0131llarda Hristiyanlar\u0131 tamamen yok etmek ama\u00e7l\u0131 bir din politikas\u0131 m\u0131 izlemi\u015ftir?\u2022 B\u00fcy\u00fck kilise merkezleri aras\u0131nda y\u00fczy\u0131llar boyunca ya\u015fanan rekabet ve m\u00fccadeleler hangi sebeplerle ortaya \u00e7\u0131km\u0131\u015f, nas\u0131l bir arka plan bar\u0131nd\u0131rm\u0131\u015f ve ne gibi sonu\u00e7lar do\u011furmu\u015ftur?\u2022 Do\u011fu Hristiyanlar\u0131, \u0130slam fetihlerinin ya\u015fand\u0131\u011f\u0131 7\u2019nci y\u00fczy\u0131la nas\u0131l bir din\u00ee yap\u0131da gelmi\u015flerdir?Bunlar ve benzeri pek \u00e7ok sorunun cevab\u0131n\u0131 Zafer Duygu\u2019nun Hristiyanl\u0131k ve \u0130mparatorluk adl\u0131 eserinde bulacaks\u0131n\u0131z.<\/p>\n","protected":false},"excerpt":{"rendered":"<p>Bug\u00fcn \u201cHristiyanl\u0131k\u201d diye tabir etti\u011fimiz inan\u00e7 sistemi, kendi me\u015fru zeminini, Hz. \u0130sa\u2019dan sonraki d\u00f6nemlerde Yahudi inanc\u0131na ba\u015fkald\u0131rarak kurmu\u015ftur. Ger\u00e7ekten d\u00fcnya tarihini etkileyen \u00f6nemli geli\u015fmelerden biri, Hristiyanl\u0131\u011f\u0131n<span class=\"excerpt-hellip\"> [\u2026]<\/span><\/p>\n","protected":false},"featured_media":0,"template":"","meta":{"_monsterinsights_skip_tracking":false,"_monsterinsights_sitenote_active":false,"_monsterinsights_sitenote_note":"","_monsterinsights_sitenote_category":0},"product_brand":[],"product_cat":[12305,12304],"product_tag":[],"class_list":{"0":"post-748739","1":"product","2":"type-product","3":"status-publish","5":"product_cat-dunya-tarihi","6":"product_cat-tarih","7":"pa_cilt-ciltsiz","8":"pa_tur-kitap","9":"pa_yayinevi-timas-yayinlari","10":"pa_yazar-zafer-duygu","12":"first","13":"instock","14":"sale","15":"shipping-taxable","16":"purchasable","17":"product-type-simple"},"_links":{"self":[{"href":"https:\/\/roveyayinevi.com.tr\/index.php\/wp-json\/wp\/v2\/product\/748739","targetHints":{"allow":["GET"]}}],"collection":[{"href":"https:\/\/roveyayinevi.com.tr\/index.php\/wp-json\/wp\/v2\/product"}],"about":[{"href":"https:\/\/roveyayinevi.com.tr\/index.php\/wp-json\/wp\/v2\/types\/product"}],"wp:attachment":[{"href":"https:\/\/roveyayinevi.com.tr\/index.php\/wp-json\/wp\/v2\/media?parent=748739"}],"wp:term":[{"taxonomy":"product_brand","embeddable":true,"href":"https:\/\/roveyayinevi.com.tr\/index.php\/wp-json\/wp\/v2\/product_brand?post=748739"},{"taxonomy":"product_cat","embeddable":true,"href":"https:\/\/roveyayinevi.com.tr\/index.php\/wp-json\/wp\/v2\/product_cat?post=748739"},{"taxonomy":"product_tag","embeddable":true,"href":"https:\/\/roveyayinevi.com.tr\/index.php\/wp-json\/wp\/v2\/product_tag?post=748739"}],"curies":[{"name":"wp","href":"https:\/\/api.w.org\/{rel}","templated":true}]}}