{"id":748738,"date":"2025-08-28T03:38:13","date_gmt":"2025-08-28T00:38:13","guid":{"rendered":"https:\/\/roveyayinevi.com.tr\/index.php\/urun\/yalnizligima-dokun\/"},"modified":"2026-04-16T03:01:34","modified_gmt":"2026-04-16T00:01:34","slug":"yalnizligima-dokun","status":"publish","type":"product","link":"https:\/\/roveyayinevi.com.tr\/index.php\/urun\/yalnizligima-dokun\/","title":{"rendered":"Yaln\u0131zl\u0131\u011f\u0131ma Dokun"},"content":{"rendered":"<p>Harikad\u0131r \u015fimdi bizim oralar,Her manzara ayr\u0131 dilden konu\u015fur&#8230;Bahar c\u00fcmle sergisini a\u00e7m\u0131\u015ft\u0131r&#8230;G\u00f6kte u\u00e7an ku\u015flar ve akan sular,Mevsimin efsunu orda bulu\u015fur&#8230; K\u0131rlarda \u00e7i\u00e7ekler, dalda meyveler,Topra\u011f\u0131n ba\u011fr\u0131na d\u00fc\u015fen sebzeler,Do\u011fada s\u00fcz\u00fclen t\u00fcm kelebeklerVe hat\u0131ralar\u0131m\u0131n sindi\u011fi her yer.Do\u011fdu\u011fum o diyar beni konu\u015fur&#8230; Ahmed G\u00fcnbay Y\u0131ld\u0131z, eserleriyle nesilden nesle say\u0131s\u0131z insan\u0131n duygu ve d\u00fc\u015f\u00fcnce d\u00fcnyas\u0131n\u0131n \u015fekillenmesine katk\u0131da bulunmu\u015f, durmadan \u00fcretmi\u015f, T\u00fcrk edebiyat\u0131n\u0131n en \u00f6nemli kalemlerinden. Y\u0131ld\u0131z\u2019\u0131n hem yeni hem de uzun zamand\u0131r bask\u0131s\u0131 bulunmayan \u015fiirlerini bir araya getiren Yaln\u0131zl\u0131\u011f\u0131ma Dokun, en derinlerde saklanan duygular\u0131m\u0131za yolda\u015fl\u0131k edecek.<\/p>\n","protected":false},"excerpt":{"rendered":"<p>Harikad\u0131r \u015fimdi bizim oralar,Her manzara ayr\u0131 dilden konu\u015fur&#8230;Bahar c\u00fcmle sergisini a\u00e7m\u0131\u015ft\u0131r&#8230;G\u00f6kte u\u00e7an ku\u015flar ve akan sular,Mevsimin efsunu orda bulu\u015fur&#8230; K\u0131rlarda \u00e7i\u00e7ekler, dalda meyveler,Topra\u011f\u0131n ba\u011fr\u0131na d\u00fc\u015fen sebzeler,Do\u011fada<span class=\"excerpt-hellip\"> [\u2026]<\/span><\/p>\n","protected":false},"featured_media":0,"template":"","meta":{"_monsterinsights_skip_tracking":false,"_monsterinsights_sitenote_active":false,"_monsterinsights_sitenote_note":"","_monsterinsights_sitenote_category":0},"product_brand":[],"product_cat":[12291,12509],"product_tag":[],"class_list":{"0":"post-748738","1":"product","2":"type-product","3":"status-publish","5":"product_cat-edebiyat","6":"product_cat-siir","7":"pa_cilt-ciltsiz","8":"pa_tur-kitap","9":"pa_yayinevi-timas-yayinlari","10":"pa_yazar-ahmed-gunbay-yildiz","12":"first","13":"instock","14":"sale","15":"shipping-taxable","16":"purchasable","17":"product-type-simple"},"_links":{"self":[{"href":"https:\/\/roveyayinevi.com.tr\/index.php\/wp-json\/wp\/v2\/product\/748738","targetHints":{"allow":["GET"]}}],"collection":[{"href":"https:\/\/roveyayinevi.com.tr\/index.php\/wp-json\/wp\/v2\/product"}],"about":[{"href":"https:\/\/roveyayinevi.com.tr\/index.php\/wp-json\/wp\/v2\/types\/product"}],"wp:attachment":[{"href":"https:\/\/roveyayinevi.com.tr\/index.php\/wp-json\/wp\/v2\/media?parent=748738"}],"wp:term":[{"taxonomy":"product_brand","embeddable":true,"href":"https:\/\/roveyayinevi.com.tr\/index.php\/wp-json\/wp\/v2\/product_brand?post=748738"},{"taxonomy":"product_cat","embeddable":true,"href":"https:\/\/roveyayinevi.com.tr\/index.php\/wp-json\/wp\/v2\/product_cat?post=748738"},{"taxonomy":"product_tag","embeddable":true,"href":"https:\/\/roveyayinevi.com.tr\/index.php\/wp-json\/wp\/v2\/product_tag?post=748738"}],"curies":[{"name":"wp","href":"https:\/\/api.w.org\/{rel}","templated":true}]}}