{"id":748736,"date":"2025-08-28T03:38:09","date_gmt":"2025-08-28T00:38:09","guid":{"rendered":"https:\/\/roveyayinevi.com.tr\/index.php\/urun\/mimar-sinan-3\/"},"modified":"2026-04-16T03:01:34","modified_gmt":"2026-04-16T00:01:34","slug":"mimar-sinan-3","status":"publish","type":"product","link":"https:\/\/roveyayinevi.com.tr\/index.php\/urun\/mimar-sinan-3\/","title":{"rendered":"Mimar Sinan"},"content":{"rendered":"<p>Kayseri A\u011f\u0131rnas k\u00f6y\u00fcnden dev\u015firilen k\u00fc\u00e7\u00fck \u00e7ocuklar\u0131n aras\u0131nda yetenekli ve h\u0131rsl\u0131 bir delikanl\u0131&#8230;Yavuz Sultan Selim Han d\u00f6neminde, \u00c7ald\u0131ran\u2019da ba\u015flayan m\u00fccadele ve ulu hakanla birlikte girdi\u011fi sava\u015flar, gezdi\u011fi uzak ve mistik diyarlar&#8230;Sonra Kanuni Sultan S\u00fcleyman Han d\u00f6nemi. \u015ea\u015faal\u0131 seneler. \u015eehzade ve S\u00fcleymaniye camileri; mesle\u011finde elde etti\u011fi ba\u015far\u0131lar&#8230;Fitne tohumlar\u0131, dedikodular, k\u0131skan\u00e7l\u0131klar. \u0130\u00e7eriden ve d\u0131\u015far\u0131dan Sinan\u2019\u0131 ortadan kald\u0131rmak isteyenler&#8230;Dostu Sinan\u2019\u0131 korumak ve kollamak i\u00e7in her \u015feyi g\u00f6ze alan \u00c7elik Hilal&#8217;in lideri, \u00e7a\u015f\u0131tlarba\u015f\u0131 Casus Vehimi Orhun \u00c7elebi&#8230;Gizemli ge\u00e7itler, esrarl\u0131 kehanetler, gerilim dolu kovalamacalar ve tarihi de\u011fi\u015ftirecek s\u0131rlar&#8230;Ve a\u015fk&#8230; Sinan\u2019\u0131n b\u00fcy\u00fck ve imk\u00e2ns\u0131z a\u015fk\u0131 Mihrimah Sultan&#8230;B\u00fct\u00fcn hengamenin i\u00e7inde sanat\u0131na, i\u015fine ve hayallerine odaklanmaya \u00e7al\u0131\u015fan zeki bir \u00e2lim&#8230;Yap\u0131lan onca eser. II. Selim ve III. Murat Han\u2019larla ge\u00e7irilen, ac\u0131, hasret, ba\u015far\u0131, mutluluk ve zafer dolu seneler&#8230; Eserleri alt\u0131 dile \u00e7evrilen, T\u00fcrkiye\u2019nin en \u00e7ok okunan tarih\u00ee romanlar\u0131n\u0131n yazar\u0131, &#8220;g\u00fcn\u00fcm\u00fcz\u00fcn Peyami Safa&#8221;s\u0131 olarak an\u0131lan Okay Tiryakio\u011flu\u2019nun kaleminden yap\u0131tlar\u0131yla tarihe ad\u0131n\u0131 kaz\u0131yan Mimar Sinan&#8217;\u0131n heyecanl\u0131 ve derinlikli hik\u00e2yesi.<\/p>\n","protected":false},"excerpt":{"rendered":"<p>Kayseri A\u011f\u0131rnas k\u00f6y\u00fcnden dev\u015firilen k\u00fc\u00e7\u00fck \u00e7ocuklar\u0131n aras\u0131nda yetenekli ve h\u0131rsl\u0131 bir delikanl\u0131&#8230;Yavuz Sultan Selim Han d\u00f6neminde, \u00c7ald\u0131ran\u2019da ba\u015flayan m\u00fccadele ve ulu hakanla birlikte girdi\u011fi sava\u015flar, gezdi\u011fi<span class=\"excerpt-hellip\"> [\u2026]<\/span><\/p>\n","protected":false},"featured_media":0,"template":"","meta":{"_monsterinsights_skip_tracking":false,"_monsterinsights_sitenote_active":false,"_monsterinsights_sitenote_note":"","_monsterinsights_sitenote_category":0},"product_brand":[],"product_cat":[12291,12711],"product_tag":[],"class_list":{"0":"post-748736","1":"product","2":"type-product","3":"status-publish","5":"product_cat-edebiyat","6":"product_cat-roman-oyku","7":"pa_cilt-ciltsiz","8":"pa_tur-kitap","9":"pa_yayinevi-timas-yayinlari","10":"pa_yazar-okay-tiryakioglu","12":"first","13":"instock","14":"sale","15":"shipping-taxable","16":"purchasable","17":"product-type-simple"},"_links":{"self":[{"href":"https:\/\/roveyayinevi.com.tr\/index.php\/wp-json\/wp\/v2\/product\/748736","targetHints":{"allow":["GET"]}}],"collection":[{"href":"https:\/\/roveyayinevi.com.tr\/index.php\/wp-json\/wp\/v2\/product"}],"about":[{"href":"https:\/\/roveyayinevi.com.tr\/index.php\/wp-json\/wp\/v2\/types\/product"}],"wp:attachment":[{"href":"https:\/\/roveyayinevi.com.tr\/index.php\/wp-json\/wp\/v2\/media?parent=748736"}],"wp:term":[{"taxonomy":"product_brand","embeddable":true,"href":"https:\/\/roveyayinevi.com.tr\/index.php\/wp-json\/wp\/v2\/product_brand?post=748736"},{"taxonomy":"product_cat","embeddable":true,"href":"https:\/\/roveyayinevi.com.tr\/index.php\/wp-json\/wp\/v2\/product_cat?post=748736"},{"taxonomy":"product_tag","embeddable":true,"href":"https:\/\/roveyayinevi.com.tr\/index.php\/wp-json\/wp\/v2\/product_tag?post=748736"}],"curies":[{"name":"wp","href":"https:\/\/api.w.org\/{rel}","templated":true}]}}