{"id":748735,"date":"2025-08-28T03:38:08","date_gmt":"2025-08-28T00:38:08","guid":{"rendered":"https:\/\/roveyayinevi.com.tr\/index.php\/urun\/kar-havasi\/"},"modified":"2026-04-16T03:01:34","modified_gmt":"2026-04-16T00:01:34","slug":"kar-havasi","status":"publish","type":"product","link":"https:\/\/roveyayinevi.com.tr\/index.php\/urun\/kar-havasi\/","title":{"rendered":"Kar Havas\u0131"},"content":{"rendered":"<p>Bir anne ve k\u0131z\u0131 yurt d\u0131\u015f\u0131ndan Tokyo&#8217;da bulu\u015fmak \u00fczere yola \u00e7\u0131karlar: Burada sonbahar ak\u015famlar\u0131 boyunca kanallarda y\u00fcr\u00fcrler, tayfun ya\u011fmurlar\u0131ndan ka\u00e7arlar, k\u00fc\u00e7\u00fck kafe ve restoranlarda yemeklerini payla\u015f\u0131rlar ve \u015fehrin radikal modern sanat\u0131n\u0131 g\u00f6rmek i\u00e7in m\u00fczeleri ve galerileri ziyaret ederler. Bu s\u0131rada hava durumu, bur\u00e7lar, giysiler ve nesneler, aile, mesafe ve haf\u0131za hakk\u0131nda konu\u015furlar. Ancak belirsizlikler \u00e7oktur. Burada ger\u00e7ekten konu\u015fan kimdir \u2013sadece k\u0131z\u0131 m\u0131, yoksa anne mi? Ve bu eliptik, hatta belki de hayali yolculu\u011fun arkas\u0131ndaki ger\u00e7ek sebep nedir? Yal\u0131n ve derinlikli bir anlat\u0131 formunda, herhangi birimizin ortak bir dil konu\u015fup konu\u015fmad\u0131\u011f\u0131na, bir ili\u015fki denkleminde hangi boyutlar\u0131n sevgiye a\u00e7\u0131labilece\u011fine ve bir ba\u015fkas\u0131n\u0131n i\u00e7 d\u00fcnyas\u0131n\u0131 ger\u00e7ekten bilmek i\u00e7in nas\u0131l bir cesaret gerekti\u011fine dair zarif\u00e7e yaz\u0131lm\u0131\u015f bir roman&#8230; \u201cJessica Au\u2019nun k\u0131sac\u0131k roman\u0131 Kar Havas\u0131, nesilden nesile miras kalan ailevi \u00f6zellikleri ve bunlardan uzakla\u015fmay\u0131 ustaca bir bilin\u00e7 ak\u0131\u015f\u0131yla anlat\u0131yor.\u201d \u2014The New York Times\u201cBir kitap okurken nadiren duygulan\u0131r\u0131m. Kar Havas\u0131&#8217;n\u0131n sessiz g\u00fczelli\u011fi ve sakin sadeli\u011finin arkas\u0131nda yatan Jessica Au\u2019nun edeb\u00ee g\u00fcc\u00fc takdire \u015fayan.\u201d \u2014Eduard Louis\u201cAu\u2019nun sakin ve g\u00fc\u00e7l\u00fc odak noktas\u0131 daha uzun bir kitab\u0131 kapsayabilirdi \u2013ama bu roman zarif ve derin. Anlat\u0131c\u0131n\u0131n foto\u011fraf makinesinin diyafram a\u00e7\u0131kl\u0131\u011f\u0131na ince ayar yapmas\u0131 gibi, Au da \u00f6l\u00e7e\u011fimizi se\u00e7mekte, neye dikkat etmemiz gerekti\u011fi konusunda bizi y\u00f6nlendiriyor.\u201d \u2014The Guardian<\/p>\n","protected":false},"excerpt":{"rendered":"<p>Bir anne ve k\u0131z\u0131 yurt d\u0131\u015f\u0131ndan Tokyo&#8217;da bulu\u015fmak \u00fczere yola \u00e7\u0131karlar: Burada sonbahar ak\u015famlar\u0131 boyunca kanallarda y\u00fcr\u00fcrler, tayfun ya\u011fmurlar\u0131ndan ka\u00e7arlar, k\u00fc\u00e7\u00fck kafe ve restoranlarda yemeklerini payla\u015f\u0131rlar<span class=\"excerpt-hellip\"> [\u2026]<\/span><\/p>\n","protected":false},"featured_media":0,"template":"","meta":{"_monsterinsights_skip_tracking":false,"_monsterinsights_sitenote_active":false,"_monsterinsights_sitenote_note":"","_monsterinsights_sitenote_category":0},"product_brand":[],"product_cat":[12291,12711],"product_tag":[],"class_list":{"0":"post-748735","1":"product","2":"type-product","3":"status-publish","5":"product_cat-edebiyat","6":"product_cat-roman-oyku","7":"pa_cilt-ciltsiz","8":"pa_tur-kitap","9":"pa_yayinevi-timas-yayinlari","10":"pa_yazar-jessica-au","12":"first","13":"instock","14":"sale","15":"shipping-taxable","16":"purchasable","17":"product-type-simple"},"_links":{"self":[{"href":"https:\/\/roveyayinevi.com.tr\/index.php\/wp-json\/wp\/v2\/product\/748735","targetHints":{"allow":["GET"]}}],"collection":[{"href":"https:\/\/roveyayinevi.com.tr\/index.php\/wp-json\/wp\/v2\/product"}],"about":[{"href":"https:\/\/roveyayinevi.com.tr\/index.php\/wp-json\/wp\/v2\/types\/product"}],"wp:attachment":[{"href":"https:\/\/roveyayinevi.com.tr\/index.php\/wp-json\/wp\/v2\/media?parent=748735"}],"wp:term":[{"taxonomy":"product_brand","embeddable":true,"href":"https:\/\/roveyayinevi.com.tr\/index.php\/wp-json\/wp\/v2\/product_brand?post=748735"},{"taxonomy":"product_cat","embeddable":true,"href":"https:\/\/roveyayinevi.com.tr\/index.php\/wp-json\/wp\/v2\/product_cat?post=748735"},{"taxonomy":"product_tag","embeddable":true,"href":"https:\/\/roveyayinevi.com.tr\/index.php\/wp-json\/wp\/v2\/product_tag?post=748735"}],"curies":[{"name":"wp","href":"https:\/\/api.w.org\/{rel}","templated":true}]}}