{"id":748734,"date":"2025-08-28T03:38:07","date_gmt":"2025-08-28T00:38:07","guid":{"rendered":"https:\/\/roveyayinevi.com.tr\/index.php\/urun\/iktidar-anatomicisi\/"},"modified":"2026-04-16T03:01:34","modified_gmt":"2026-04-16T00:01:34","slug":"iktidar-anatomicisi","status":"publish","type":"product","link":"https:\/\/roveyayinevi.com.tr\/index.php\/urun\/iktidar-anatomicisi\/","title":{"rendered":"\u0130ktidar Anatomicisi"},"content":{"rendered":"<p>Franz Kafka\u2019n\u0131n eserleri \u00fczerine yap\u0131lan \u00e7al\u0131\u015fmalar son on y\u0131llarda giderek geni\u015fleyen bir ilgiyle s\u00fcrekli artt\u0131. Kaynaklar\u0131n\u0131n geni\u015fli\u011fi ve yorumunun cesaretiyle elinizdeki \u0130ktidar Anatomicisi: Franz Kafka ve Otorite Ele\u015ftirisi kitab\u0131 yirminci y\u00fczy\u0131l\u0131n en b\u00fcy\u00fck yazarlar\u0131ndan biri hakk\u0131nda gayet etkileyici ve  yeni bir bak\u0131\u015f sunuyor. Genel okuyucu kadar akademik okuyucunun da ilgisine hitap eden eser edebiyattan cinsiyet \u00e7al\u0131\u015fmalar\u0131na, Yahudi \u00e7al\u0131\u015fmalar\u0131na, modern tarihe ve siyasal teoriye kadar bir\u00e7ok disiplini kaps\u0131yor.   Her ne kadar Kafka uzun y\u0131llard\u0131r Bat\u0131 edebiyat\u0131n\u0131n parlayan y\u0131ld\u0131z\u0131 olsa ve yaz\u0131lar\u0131na ilgi giderek artsa da hen\u00fcz onun eserlerindeki iktidar ele\u015ftirisini yeterince oda\u011f\u0131na alan bir \u00e7al\u0131\u015fma yap\u0131lmam\u0131\u015ft\u0131r. Kafka eserlerinin kurumsal ele\u015ftiride uzun s\u00fcredir sessizlikle kar\u015f\u0131lanan anti-otoritaryen boyutu ilk defa bu kitapta inceleniyor.   Elinizdeki kitap, g\u00fcnl\u00fcklerinin dikkatli bir okumas\u0131n\u0131n iskeletinde Kafka\u2019n\u0131n 1909-1912 y\u0131llar\u0131 aras\u0131nda Pragl\u0131 anar\u015fist \u00e7evrelere aktif kat\u0131l\u0131m\u0131n\u0131 yeniden canland\u0131r\u0131yor. Onun anar\u015fist yazarlara y\u00f6nelik derin ilgisini, Rus Devrimi\u2019ne y\u00f6nelik \u015f\u00fcphecili\u011fini ve \u00dctopyac\u0131 Siyonizm ile ikircikli ili\u015fkisini ele al\u0131yor.<\/p>\n","protected":false},"excerpt":{"rendered":"<p>Franz Kafka\u2019n\u0131n eserleri \u00fczerine yap\u0131lan \u00e7al\u0131\u015fmalar son on y\u0131llarda giderek geni\u015fleyen bir ilgiyle s\u00fcrekli artt\u0131. Kaynaklar\u0131n\u0131n geni\u015fli\u011fi ve yorumunun cesaretiyle elinizdeki \u0130ktidar Anatomicisi: Franz Kafka ve<span class=\"excerpt-hellip\"> [\u2026]<\/span><\/p>\n","protected":false},"featured_media":0,"template":"","meta":{"_monsterinsights_skip_tracking":false,"_monsterinsights_sitenote_active":false,"_monsterinsights_sitenote_note":"","_monsterinsights_sitenote_category":0},"product_brand":[],"product_cat":[13590,12337],"product_tag":[],"class_list":{"0":"post-748734","1":"product","2":"type-product","3":"status-publish","5":"product_cat-arastirma-inceleme-politika-siyaset","6":"product_cat-politika-siyaset","7":"pa_cilt-ciltsiz","8":"pa_tur-kitap","9":"pa_yayinevi-sumer-yayin","10":"pa_yazar-costas-despiniadis","12":"first","13":"instock","14":"sale","15":"shipping-taxable","16":"purchasable","17":"product-type-simple"},"_links":{"self":[{"href":"https:\/\/roveyayinevi.com.tr\/index.php\/wp-json\/wp\/v2\/product\/748734","targetHints":{"allow":["GET"]}}],"collection":[{"href":"https:\/\/roveyayinevi.com.tr\/index.php\/wp-json\/wp\/v2\/product"}],"about":[{"href":"https:\/\/roveyayinevi.com.tr\/index.php\/wp-json\/wp\/v2\/types\/product"}],"wp:attachment":[{"href":"https:\/\/roveyayinevi.com.tr\/index.php\/wp-json\/wp\/v2\/media?parent=748734"}],"wp:term":[{"taxonomy":"product_brand","embeddable":true,"href":"https:\/\/roveyayinevi.com.tr\/index.php\/wp-json\/wp\/v2\/product_brand?post=748734"},{"taxonomy":"product_cat","embeddable":true,"href":"https:\/\/roveyayinevi.com.tr\/index.php\/wp-json\/wp\/v2\/product_cat?post=748734"},{"taxonomy":"product_tag","embeddable":true,"href":"https:\/\/roveyayinevi.com.tr\/index.php\/wp-json\/wp\/v2\/product_tag?post=748734"}],"curies":[{"name":"wp","href":"https:\/\/api.w.org\/{rel}","templated":true}]}}