{"id":748733,"date":"2025-08-28T03:38:06","date_gmt":"2025-08-28T00:38:06","guid":{"rendered":"https:\/\/roveyayinevi.com.tr\/index.php\/urun\/iyilestir-kalbini\/"},"modified":"2026-04-16T03:01:34","modified_gmt":"2026-04-16T00:01:34","slug":"iyilestir-kalbini","status":"publish","type":"product","link":"https:\/\/roveyayinevi.com.tr\/index.php\/urun\/iyilestir-kalbini\/","title":{"rendered":"\u0130yile\u015ftir Kalbini"},"content":{"rendered":"<p>Kalbimiz ni\u00e7in bu kadar \u00e7abuk k\u0131r\u0131l\u0131yor?Duydu\u011fumuz ac\u0131lar asl\u0131nda neyin i\u015fareti ve nas\u0131l yorumlanmal\u0131?Kalbimizin hassas ve savunmas\u0131z yarat\u0131lm\u0131\u015f olmas\u0131 ar\u0131nma yolculu\u011fumuzun bir par\u00e7as\u0131 olabilir mi?Her an mutlu olmak ger\u00e7ek\u00e7i bir beklenti de\u011filse ac\u0131 ve \u0131st\u0131raba bak\u0131\u015f\u0131m\u0131z nas\u0131l oldu\u011funda i\u00e7imizdeki bo\u015fluk hissi anlamla dolar?D\u00fcnya \u00e7ap\u0131nda konferanslar\u0131 milyonlar taraf\u0131ndan takip edilen Yasmin Mogahed, \u0130yile\u015ftir Kalbini adl\u0131 yeni kitab\u0131nda bizi kalbimizle y\u00fczle\u015ftirip ruhumuza do\u011fru bir yolculu\u011fa \u00e7\u0131kar\u0131yor ve i\u00e7imizde hissetti\u011fimiz bo\u015flu\u011fun nedenleri \u00fczerinde duruyor.\u0130nsan\u0131 \u00fczen, bo\u015flu\u011fa d\u00fc\u015f\u00fcren as\u0131l nedenin, hayat\u0131m\u0131z\u0131n ve kalbimizin merkezine Allah\u2019\u0131n sevgisini yerle\u015ftirmememiz oldu\u011funu anlatan Mogahed, \u00f6nceliklerimizi yarad\u0131l\u0131\u015f ger\u00e7e\u011fimize uygun hale getirdi\u011fimizde a\u00e7\u0131lacak yollar\u0131, i\u00e7inden ge\u00e7ti\u011fimiz imtihanlardan selim bir kalple \u00e7\u0131kabilmemiz i\u00e7in hat\u0131rda tutmam\u0131z gerekenleri payla\u015f\u0131yor.Duygusal ve ruhsal iyilik i\u00e7in bir rehber niteli\u011finde olan \u0130yile\u015ftir Kalbini, i\u00e7imizdeki bo\u015fluk hissini dolduracak kaynaklar\u0131, insanl\u0131k i\u00e7in apa\u00e7\u0131k bir rehber olan Kur\u2019an ayetlerinden ve Peygamberimizin hayat\u0131ndan \u00f6rneklerle sunuyor.<\/p>\n","protected":false},"excerpt":{"rendered":"<p>Kalbimiz ni\u00e7in bu kadar \u00e7abuk k\u0131r\u0131l\u0131yor?Duydu\u011fumuz ac\u0131lar asl\u0131nda neyin i\u015fareti ve nas\u0131l yorumlanmal\u0131?Kalbimizin hassas ve savunmas\u0131z yarat\u0131lm\u0131\u015f olmas\u0131 ar\u0131nma yolculu\u011fumuzun bir par\u00e7as\u0131 olabilir mi?Her an mutlu<span class=\"excerpt-hellip\"> [\u2026]<\/span><\/p>\n","protected":false},"featured_media":0,"template":"","meta":{"_monsterinsights_skip_tracking":false,"_monsterinsights_sitenote_active":false,"_monsterinsights_sitenote_note":"","_monsterinsights_sitenote_category":0},"product_brand":[],"product_cat":[13036,12718,12719],"product_tag":[],"class_list":{"0":"post-748733","1":"product","2":"type-product","3":"status-publish","5":"product_cat-arastirma-inceleme-islam","6":"product_cat-din","7":"product_cat-islam","8":"pa_cilt-ciltsiz","9":"pa_tur-kitap","10":"pa_yayinevi-timas-yayinlari","11":"pa_yazar-yasmin-mogahed","13":"first","14":"instock","15":"sale","16":"shipping-taxable","17":"purchasable","18":"product-type-simple"},"_links":{"self":[{"href":"https:\/\/roveyayinevi.com.tr\/index.php\/wp-json\/wp\/v2\/product\/748733","targetHints":{"allow":["GET"]}}],"collection":[{"href":"https:\/\/roveyayinevi.com.tr\/index.php\/wp-json\/wp\/v2\/product"}],"about":[{"href":"https:\/\/roveyayinevi.com.tr\/index.php\/wp-json\/wp\/v2\/types\/product"}],"wp:attachment":[{"href":"https:\/\/roveyayinevi.com.tr\/index.php\/wp-json\/wp\/v2\/media?parent=748733"}],"wp:term":[{"taxonomy":"product_brand","embeddable":true,"href":"https:\/\/roveyayinevi.com.tr\/index.php\/wp-json\/wp\/v2\/product_brand?post=748733"},{"taxonomy":"product_cat","embeddable":true,"href":"https:\/\/roveyayinevi.com.tr\/index.php\/wp-json\/wp\/v2\/product_cat?post=748733"},{"taxonomy":"product_tag","embeddable":true,"href":"https:\/\/roveyayinevi.com.tr\/index.php\/wp-json\/wp\/v2\/product_tag?post=748733"}],"curies":[{"name":"wp","href":"https:\/\/api.w.org\/{rel}","templated":true}]}}