{"id":748732,"date":"2025-08-28T03:38:04","date_gmt":"2025-08-28T00:38:04","guid":{"rendered":"https:\/\/roveyayinevi.com.tr\/index.php\/urun\/isabelle\/"},"modified":"2026-04-16T03:01:34","modified_gmt":"2026-04-16T00:01:34","slug":"isabelle","status":"publish","type":"product","link":"https:\/\/roveyayinevi.com.tr\/index.php\/urun\/isabelle\/","title":{"rendered":"Isabelle"},"content":{"rendered":"<p>Tez ara\u015ft\u0131rmas\u0131 i\u00e7in k\u00fct\u00fcphanesinden faydalanmak \u00fczere kasvetli Quartfourche \u015eatosu\u2019na davet edilen \u00fcniversite \u00f6\u011frencisi G\u00e9rard Lacase\u2019\u0131 bu tuhaf atmosferde s\u0131rlarla dolu romantik bir yolculuk beklemektedir. Ona rehberlik eden Ba\u015frahip ve ev sahiplerinin tav\u0131rlar\u0131 y\u00fcz\u00fcnden tam da Paris\u2019e d\u00f6nmeye karar vermi\u015fken, \u015fatonun k\u00fc\u00e7\u00fck sakini Casimir g\u00fczeller g\u00fczeli bir kad\u0131n\u0131n portresini g\u00f6sterir. Portreyi g\u00f6rd\u00fc\u011f\u00fc anda nutku tutulan G\u00e9rard, \u015fatoda kalmaya ve bu kad\u0131n\u0131n ard\u0131ndaki s\u0131rlarla dolu ger\u00e7e\u011fi \u00f6\u011frenmeye karar verir.Nobel \u00d6d\u00fcll\u00fc Andr\u00e9 Gide\u2019den on dokuzuncu y\u00fczy\u0131lda varl\u0131kl\u0131 bir ailenin hayaletlerle dolu ge\u00e7mi\u015fi \u00fczerinden b\u00fcy\u00fcleyen a\u015fka, ahlaki \u00e7\u00f6k\u00fc\u015fe, insan do\u011fas\u0131n\u0131n ikiy\u00fczl\u00fcl\u00fc\u011f\u00fcne dair hayalle ger\u00e7ek aras\u0131ndaki ince \u00e7izgide gidip gelen gizemli, \u015fiirsel ve s\u0131ra d\u0131\u015f\u0131 bir k\u0131sa roman\u2026<\/p>\n","protected":false},"excerpt":{"rendered":"<p>Tez ara\u015ft\u0131rmas\u0131 i\u00e7in k\u00fct\u00fcphanesinden faydalanmak \u00fczere kasvetli Quartfourche \u015eatosu\u2019na davet edilen \u00fcniversite \u00f6\u011frencisi G\u00e9rard Lacase\u2019\u0131 bu tuhaf atmosferde s\u0131rlarla dolu romantik bir yolculuk beklemektedir. Ona rehberlik<span class=\"excerpt-hellip\"> [\u2026]<\/span><\/p>\n","protected":false},"featured_media":0,"template":"","meta":{"_monsterinsights_skip_tracking":false,"_monsterinsights_sitenote_active":false,"_monsterinsights_sitenote_note":"","_monsterinsights_sitenote_category":0},"product_brand":[],"product_cat":[12291,12711],"product_tag":[],"class_list":{"0":"post-748732","1":"product","2":"type-product","3":"status-publish","5":"product_cat-edebiyat","6":"product_cat-roman-oyku","7":"pa_cilt-ciltsiz","8":"pa_tur-kitap","9":"pa_yayinevi-timas-yayinlari","10":"pa_yazar-andre-gide","12":"first","13":"instock","14":"sale","15":"shipping-taxable","16":"purchasable","17":"product-type-simple"},"_links":{"self":[{"href":"https:\/\/roveyayinevi.com.tr\/index.php\/wp-json\/wp\/v2\/product\/748732","targetHints":{"allow":["GET"]}}],"collection":[{"href":"https:\/\/roveyayinevi.com.tr\/index.php\/wp-json\/wp\/v2\/product"}],"about":[{"href":"https:\/\/roveyayinevi.com.tr\/index.php\/wp-json\/wp\/v2\/types\/product"}],"wp:attachment":[{"href":"https:\/\/roveyayinevi.com.tr\/index.php\/wp-json\/wp\/v2\/media?parent=748732"}],"wp:term":[{"taxonomy":"product_brand","embeddable":true,"href":"https:\/\/roveyayinevi.com.tr\/index.php\/wp-json\/wp\/v2\/product_brand?post=748732"},{"taxonomy":"product_cat","embeddable":true,"href":"https:\/\/roveyayinevi.com.tr\/index.php\/wp-json\/wp\/v2\/product_cat?post=748732"},{"taxonomy":"product_tag","embeddable":true,"href":"https:\/\/roveyayinevi.com.tr\/index.php\/wp-json\/wp\/v2\/product_tag?post=748732"}],"curies":[{"name":"wp","href":"https:\/\/api.w.org\/{rel}","templated":true}]}}