{"id":748731,"date":"2025-08-28T03:38:03","date_gmt":"2025-08-28T00:38:03","guid":{"rendered":"https:\/\/roveyayinevi.com.tr\/index.php\/urun\/insan-ve-peygamber-olarak-hz-muhammed-sav\/"},"modified":"2026-04-16T03:01:34","modified_gmt":"2026-04-16T00:01:34","slug":"insan-ve-peygamber-olarak-hz-muhammed-sav","status":"publish","type":"product","link":"https:\/\/roveyayinevi.com.tr\/index.php\/urun\/insan-ve-peygamber-olarak-hz-muhammed-sav\/","title":{"rendered":"\u0130nsan ve Peygamber olarak Hz. Muhammed (SAV)"},"content":{"rendered":"<p>Hz. Peygamber\u2019in(sav) ahlak\u0131 Kur\u2019an\u2019d\u0131.Hz. Peygamber\u2019in ahlak\u0131n\u0131nKur\u2019an ahlak\u0131 olmas\u0131 demek, Onun(sav) Kur\u2019an\u2019\u0131en ince detay\u0131na kadar ya\u015famas\u0131 demektir. O(sav), ilahi emirleri ve nehiyleri sadece tebli\u011f etmekle kalmam\u0131\u015f ayn\u0131 zamanda b\u00fcy\u00fck bir a\u015fkla \u00f6nc\u00fc ve \u00f6rnek olarak kendisi yerine getirmi\u015f ve engin bir takva duygusu ile haramlardan sak\u0131nm\u0131\u015ft\u0131r. Kur\u2019an\u2019\u0131n fazilet olarak sayd\u0131\u011f\u0131 s\u0131fatlar\u0131n hepsi bil\u00e2 istisna Onda(sav) mevcuttur ve O(sav) Kur\u2019an\u2019\u0131n nehyetti\u011fi her t\u00fcrl\u00fc karakter \u00f6zelli\u011finden ve davran\u0131\u015ftan uzakt\u0131r.Onun(sav) ahlak\u0131n\u0131n Kur\u2019an olmas\u0131 demek, yap\u0131 ta\u015flar\u0131n\u0131 Kur\u2019an\u2019\u0131n belirlemesi ve ahlak\u0131n\u0131n her c\u00fcz\u00fcn\u00fc ba\u015fka hi\u00e7bir \u015feye yer kalmayacak \u015fekilde Kur\u2019an\u2019\u0131n ruhunun doldurmas\u0131 ve donatmas\u0131 demektir.Peygamberimize tabi olmak, insana kurtulu\u015fu, Allah\u2019\u0131n rahmetini ve ayd\u0131nl\u0131\u011f\u0131nda y\u00fcr\u00fcyece\u011fi bir nuru kazand\u0131r\u0131r. Bu nur da o kimseyi karanl\u0131ktan ayd\u0131nl\u0131\u011fa sevk eder.\u0130nsan ve Peygamber olarak Hz. Muhammed(sav), Hz. Peygamber\u2019in(sav) insan ve peygamber y\u00f6nleriyle bir b\u00fct\u00fcn oldu\u011funu ispat ederken Efendimiz\u2019e hakk\u0131yla tabi olmaks\u0131z\u0131n s\u0131rat-\u0131 m\u00fcstakim \u00fczere olamayaca\u011f\u0131m\u0131z hakikatinden hareketle okurunu Hz. Peygamber \u00fczerinde yeniden ve derinlikli bir tefekk\u00fcre davet ediyor.<\/p>\n","protected":false},"excerpt":{"rendered":"<p>Hz. Peygamber\u2019in(sav) ahlak\u0131 Kur\u2019an\u2019d\u0131.Hz. Peygamber\u2019in ahlak\u0131n\u0131nKur\u2019an ahlak\u0131 olmas\u0131 demek, Onun(sav) Kur\u2019an\u2019\u0131en ince detay\u0131na kadar ya\u015famas\u0131 demektir. O(sav), ilahi emirleri ve nehiyleri sadece tebli\u011f etmekle kalmam\u0131\u015f ayn\u0131<span class=\"excerpt-hellip\"> [\u2026]<\/span><\/p>\n","protected":false},"featured_media":0,"template":"","meta":{"_monsterinsights_skip_tracking":false,"_monsterinsights_sitenote_active":false,"_monsterinsights_sitenote_note":"","_monsterinsights_sitenote_category":0},"product_brand":[],"product_cat":[13036,12718,12719],"product_tag":[],"class_list":{"0":"post-748731","1":"product","2":"type-product","3":"status-publish","5":"product_cat-arastirma-inceleme-islam","6":"product_cat-din","7":"product_cat-islam","8":"pa_cilt-ciltsiz","9":"pa_tur-kitap","10":"pa_yayinevi-timas-yayinlari","11":"pa_yazar-yasin-pisgin","13":"first","14":"instock","15":"sale","16":"shipping-taxable","17":"purchasable","18":"product-type-simple"},"_links":{"self":[{"href":"https:\/\/roveyayinevi.com.tr\/index.php\/wp-json\/wp\/v2\/product\/748731","targetHints":{"allow":["GET"]}}],"collection":[{"href":"https:\/\/roveyayinevi.com.tr\/index.php\/wp-json\/wp\/v2\/product"}],"about":[{"href":"https:\/\/roveyayinevi.com.tr\/index.php\/wp-json\/wp\/v2\/types\/product"}],"wp:attachment":[{"href":"https:\/\/roveyayinevi.com.tr\/index.php\/wp-json\/wp\/v2\/media?parent=748731"}],"wp:term":[{"taxonomy":"product_brand","embeddable":true,"href":"https:\/\/roveyayinevi.com.tr\/index.php\/wp-json\/wp\/v2\/product_brand?post=748731"},{"taxonomy":"product_cat","embeddable":true,"href":"https:\/\/roveyayinevi.com.tr\/index.php\/wp-json\/wp\/v2\/product_cat?post=748731"},{"taxonomy":"product_tag","embeddable":true,"href":"https:\/\/roveyayinevi.com.tr\/index.php\/wp-json\/wp\/v2\/product_tag?post=748731"}],"curies":[{"name":"wp","href":"https:\/\/api.w.org\/{rel}","templated":true}]}}