{"id":748730,"date":"2025-08-28T03:38:01","date_gmt":"2025-08-28T00:38:01","guid":{"rendered":"https:\/\/roveyayinevi.com.tr\/index.php\/urun\/iyi-ki-varsin-2\/"},"modified":"2026-04-16T03:01:34","modified_gmt":"2026-04-16T00:01:34","slug":"iyi-ki-varsin-2","status":"publish","type":"product","link":"https:\/\/roveyayinevi.com.tr\/index.php\/urun\/iyi-ki-varsin-2\/","title":{"rendered":"\u0130yi ki Vars\u0131n"},"content":{"rendered":"<p>Cafer T\u00fcrkseven\u2019in duygu sesini ve bizim s\u00f6ylemek isteyip s\u00f6yleyemediklerimizi \u015fiirlerinde hissederiz. Biraz yal\u0131n, biraz sade g\u00f6r\u00fcnse de, \u015fiirlerindeki samimi atmosfer, bu \u015fiirlerin sevilmesine neden oluyor. Cafer T\u00fcrkseven\u2019in yazd\u0131klar\u0131n\u0131, bu g\u00f6zle okursan\u0131z bana hak vereceksiniz. Son derece sanatk\u00e2rane, son derece estetik ve sanatsal \u00f6gelerle dolu olarak ortaya konan pek \u00e7ok \u00fcnl\u00fc \u015fairlerin \u015fiirlerinden daha kal\u0131c\u0131, cana yak\u0131n ve  i\u00e7ten olan Cafer T\u00fcrkseven\u2019in \u015fiirleri, ben inan\u0131yorum ki sevilecektir. Bu \u015fiirleri bizlere sevdirecek olan, samimiyet, ortak insani de\u011ferler ile milli duygulard\u0131r. Cafer T\u00fcrkseven, Ticaret Lisesinde, K\u00fclt\u00fcr-Edebiyat Kolu Ba\u015fkan\u0131 iken \u015fiirler yaz\u0131yordu. Hayat m\u00fccadelesi i\u00e7inde \u015fiir yazmaya uzun s\u00fcre ara veren T\u00fcrkseven; edebiyatla, edebi \u00fcr\u00fcnlerle ve T\u00fcrk k\u00fclt\u00fcr\u00fcyle ilgili kitaplar\u0131 okumakla ilgisini katiyen kesmedi. Hatta; \u015fiir ve edebiyatla ilgili yay\u0131n yapan baz\u0131 radyolarda, y\u00f6netmen ve yap\u0131mc\u0131 olarak canl\u0131 yay\u0131nlar ger\u00e7ekle\u015ftirdi. \u201cAn\u0131lara Yolculuk\u201d, \u201cUnutulmayanlar\u201d gibi programlar\u0131 haz\u0131rlad\u0131 ve sundu. Y\u0131llar sonra yeniden \u015fiir yazmaya ba\u015flad\u0131. \u015eiirlerinin baz\u0131lar\u0131 de\u011fi\u015fik gazetelerde ve sanat dergilerinde yay\u0131mland\u0131. Yay\u0131mlanan \u015fiirlerinin baz\u0131lar\u0131 bestelendi, seslendirildi; gazetelerde k\u00f6\u015fe yaz\u0131lar\u0131 yazd\u0131. \u00d6zellikle \u015fiir konusunda ortaya koydu\u011fu d\u00fc\u015f\u00fcnceler takdir toplad\u0131. Cafer T\u00fcrkseven\u2019in bu kitab\u0131, onun \u015fiir konusunda yay\u0131mlad\u0131\u011f\u0131 ilk kitab\u0131d\u0131r. Benim kadim dostum, sevdi\u011fim karde\u015fim Cafer T\u00fcrkseven\u2019i kutluyor, ona uzun, sa\u011fl\u0131kl\u0131, mutlu bir ya\u015fam diliyor, \u015fiir d\u00fcnyas\u0131na yeniden d\u00f6nd\u00fc\u011f\u00fcne seviniyor ve &#8220;ho\u015f geldin&#8221; diyorum. Sayg\u0131lar\u0131mla&#8230;  Prof. Dr. Hayrettin \u0130VG\u0130N Halk Bilim Ara\u015ft\u0131rmac\u0131s\u0131-Yazar<\/p>\n","protected":false},"excerpt":{"rendered":"<p>Cafer T\u00fcrkseven\u2019in duygu sesini ve bizim s\u00f6ylemek isteyip s\u00f6yleyemediklerimizi \u015fiirlerinde hissederiz. Biraz yal\u0131n, biraz sade g\u00f6r\u00fcnse de, \u015fiirlerindeki samimi atmosfer, bu \u015fiirlerin sevilmesine neden oluyor. Cafer<span class=\"excerpt-hellip\"> [\u2026]<\/span><\/p>\n","protected":false},"featured_media":0,"template":"","meta":{"_monsterinsights_skip_tracking":false,"_monsterinsights_sitenote_active":false,"_monsterinsights_sitenote_note":"","_monsterinsights_sitenote_category":0},"product_brand":[],"product_cat":[12291,12509],"product_tag":[],"class_list":{"0":"post-748730","1":"product","2":"type-product","3":"status-publish","5":"product_cat-edebiyat","6":"product_cat-siir","7":"pa_cilt-ciltsiz","8":"pa_tur-kitap","9":"pa_yayinevi-kultur-ajans-yayinlari","10":"pa_yazar-cafer-turkseven","12":"first","13":"instock","14":"sale","15":"shipping-taxable","16":"purchasable","17":"product-type-simple"},"_links":{"self":[{"href":"https:\/\/roveyayinevi.com.tr\/index.php\/wp-json\/wp\/v2\/product\/748730","targetHints":{"allow":["GET"]}}],"collection":[{"href":"https:\/\/roveyayinevi.com.tr\/index.php\/wp-json\/wp\/v2\/product"}],"about":[{"href":"https:\/\/roveyayinevi.com.tr\/index.php\/wp-json\/wp\/v2\/types\/product"}],"wp:attachment":[{"href":"https:\/\/roveyayinevi.com.tr\/index.php\/wp-json\/wp\/v2\/media?parent=748730"}],"wp:term":[{"taxonomy":"product_brand","embeddable":true,"href":"https:\/\/roveyayinevi.com.tr\/index.php\/wp-json\/wp\/v2\/product_brand?post=748730"},{"taxonomy":"product_cat","embeddable":true,"href":"https:\/\/roveyayinevi.com.tr\/index.php\/wp-json\/wp\/v2\/product_cat?post=748730"},{"taxonomy":"product_tag","embeddable":true,"href":"https:\/\/roveyayinevi.com.tr\/index.php\/wp-json\/wp\/v2\/product_tag?post=748730"}],"curies":[{"name":"wp","href":"https:\/\/api.w.org\/{rel}","templated":true}]}}