{"id":748729,"date":"2025-08-28T03:38:00","date_gmt":"2025-08-28T00:38:00","guid":{"rendered":"https:\/\/roveyayinevi.com.tr\/index.php\/urun\/gunluk-2\/"},"modified":"2026-04-16T03:01:34","modified_gmt":"2026-04-16T00:01:34","slug":"gunluk-2","status":"publish","type":"product","link":"https:\/\/roveyayinevi.com.tr\/index.php\/urun\/gunluk-2\/","title":{"rendered":"G\u00fcnl\u00fck 2"},"content":{"rendered":"<p>T\u00fcrk edebiyat\u0131nda en uzun s\u00fcre g\u00fcnl\u00fck tutan kad\u0131n yazar unvan\u0131na sahip \u015eair Nig\u00e2r Han\u0131m\u2019\u0131n g\u00fcnl\u00fc\u011f\u00fcn\u00fcn ilk sekiz defteri, Zeynep Berkta\u015f\u2019\u0131n titiz \u00e7al\u0131\u015fmas\u0131 ve Nazan Bekiro\u011flu\u2019nun \u00f6ns\u00f6z ve notlar\u0131yla g\u00fcn y\u00fcz\u00fcne \u00e7\u0131kt\u0131\u011f\u0131nda geriye kalan defterlerle ilgili \u00e7al\u0131\u015fman\u0131n da k\u0131sa s\u00fcre sonra okurla bulu\u015faca\u011f\u0131 vurgulanm\u0131\u015ft\u0131. Elinizde tuttu\u011funuz eserle mevcut g\u00fcnl\u00fcklerin yay\u0131n\u0131 tamamlan\u0131yor. Nig\u00e2r Han\u0131m\u2019\u0131n son d\u00f6nem g\u00fcnl\u00fckleri olarak niteleyebilece\u011fimiz G\u00fcnl\u00fck II, 20 Ocak 1894 il\u00e2 19 Mart 1918 tarihleri aras\u0131nda tutulmu\u015f be\u015f defteri ihtiva ediyor.G\u00fcnl\u00fc\u011f\u00fcn tamam\u0131n\u0131 te\u015fkil eden malzeme -eksik defterlere, kopar\u0131lan sayfalara, karart\u0131lan sat\u0131rlara ra\u011fmen- hem Nig\u00e2r Han\u0131m\u2019\u0131n hayat\u0131 hem de ya\u015fad\u0131\u011f\u0131 d\u00f6nemi ku\u015fatan meseleler hakk\u0131nda \u00f6nemli bilgiler i\u00e7ermektedir. Bu eser sadece bir g\u00fcnl\u00fck olarak de\u011fil, bir roman gibi de okunabilir. \u00c7\u00fcnk\u00fc bir yandan Nig\u00e2r Han\u0131m kendi i\u00e7 roman\u0131n\u0131 yazm\u0131\u015ft\u0131r. Bu g\u00fcnl\u00fckler sayesinde onun ruhunun en mahrem yerlerinde dola\u015fma imk\u00e2n\u0131 buluruz. Di\u011fer yandan Nig\u00e2r Han\u0131m sayfalar boyunca sadece kendi hayat\u0131n\u0131 anlatmam\u0131\u015f, devirle ilgili meseleleri de kendi penceresinden g\u00f6zlemlemi\u015f ve yaz\u0131ya d\u00f6km\u00fc\u015ft\u00fcr. Zengin bir cemiyet hayat\u0131 ya\u015fayan Nig\u00e2r Han\u0131m \u0130stanbul\u2019un se\u00e7kin muhitlerinden Saray \u00e7evresine kadar a\u00e7\u0131lan bir yelpazede \u015fehrin sosyal hayat\u0131n\u0131 ve \u00fcnl\u00fc simalar\u0131n\u0131 takip etme imk\u00e2n\u0131n\u0131 da vermektedir. \u00d6zellikle ikinci cilt okundu\u011funda Nig\u00e2r Han\u0131m\u2019\u0131n g\u00f6zlem g\u00fcc\u00fc yan\u0131nda sa\u011flam bir nesir diline de sahip oldu\u011fu g\u00f6r\u00fclecektir.\u0130kinci cildi te\u015fkil eden g\u00fcnl\u00fcklere konu olan en \u00f6nemli mesele sava\u015ft\u0131r. Bu ciltte, pe\u015f pe\u015fe ya\u015fanan, devlet ve toplum hayat\u0131m\u0131zda b\u00fcy\u00fck hasarlar b\u0131rakan Trablusgarp, Balkan ve I. D\u00fcnya Sava\u015flar\u0131n\u0131n yans\u0131malar\u0131n\u0131 Nig\u00e2r Han\u0131m\u2019\u0131n kaleminden okuma imk\u00e2n\u0131 buluruz. Vatanla ilgili meselelerde \u00e7ok hassas olan Nig\u00e2r Han\u0131m sava\u015fa dair endi\u015felerini dile getirir, yard\u0131m cemiyetlerinde faaliyet g\u00f6sterir. Pe\u015f pe\u015fe gelen sava\u015flar\u0131n etkisiyle ya\u015fanan maddi s\u0131k\u0131nt\u0131lar, k\u0131tl\u0131k, kesintiye u\u011frayan gelirler, g\u00f6\u00e7lerle kalabal\u0131kla\u015fan ve ya\u015fanmas\u0131 daha zor hale gelen \u0130stanbul, hastal\u0131klar ve yaln\u0131zl\u0131k bu cildin en dikkat \u00e7ekici temalar\u0131d\u0131r. Ancak b\u00fct\u00fcn bu zorluklara mukabil, Nig\u00e2r Han\u0131m\u2019\u0131n s\u00fcrd\u00fcrmeye gayret etti\u011fi hareketli sosyal hayat, sal\u0131 toplant\u0131lar\u0131, hanedan \u00fcyeleri ve d\u00f6nemin se\u00e7kin isimleriyle ge\u00e7irilen vakitler ve edebiyat\u0131n yan\u0131 s\u0131ra musiki tutkusu da g\u00fcnl\u00fc\u011f\u00fcn \u00f6ne \u00e7\u0131kan unsurlar\u0131d\u0131r.Nig\u00e2r Han\u0131m\u2019\u0131n g\u00fcnl\u00fc\u011f\u00fc T\u00fcrk edebiyat\u0131n\u0131n bir kad\u0131n kaleminden \u00e7\u0131km\u0131\u015f en hacimli g\u00fcnl\u00fc\u011f\u00fcd\u00fcr ve ilham verici zengin muhtevas\u0131 sebebiyle ba\u015fta kad\u0131nlar olmak \u00fczere okuyuculara s\u00f6yleyece\u011fi \u00e7ok \u015fey vard\u0131r.<\/p>\n","protected":false},"excerpt":{"rendered":"<p>T\u00fcrk edebiyat\u0131nda en uzun s\u00fcre g\u00fcnl\u00fck tutan kad\u0131n yazar unvan\u0131na sahip \u015eair Nig\u00e2r Han\u0131m\u2019\u0131n g\u00fcnl\u00fc\u011f\u00fcn\u00fcn ilk sekiz defteri, Zeynep Berkta\u015f\u2019\u0131n titiz \u00e7al\u0131\u015fmas\u0131 ve Nazan Bekiro\u011flu\u2019nun \u00f6ns\u00f6z<span class=\"excerpt-hellip\"> [\u2026]<\/span><\/p>\n","protected":false},"featured_media":0,"template":"","meta":{"_monsterinsights_skip_tracking":false,"_monsterinsights_sitenote_active":false,"_monsterinsights_sitenote_note":"","_monsterinsights_sitenote_category":0},"product_brand":[],"product_cat":[14009,12291],"product_tag":[],"class_list":{"0":"post-748729","1":"product","2":"type-product","3":"status-publish","5":"product_cat-biyografi-otobiyografi-edebiyat","6":"product_cat-edebiyat","7":"pa_cilt-ciltsiz","8":"pa_tur-kitap","9":"pa_yayinevi-timas-yayinlari","10":"pa_yazar-sair-nigar-hanim","12":"first","13":"instock","14":"sale","15":"shipping-taxable","16":"purchasable","17":"product-type-simple"},"_links":{"self":[{"href":"https:\/\/roveyayinevi.com.tr\/index.php\/wp-json\/wp\/v2\/product\/748729","targetHints":{"allow":["GET"]}}],"collection":[{"href":"https:\/\/roveyayinevi.com.tr\/index.php\/wp-json\/wp\/v2\/product"}],"about":[{"href":"https:\/\/roveyayinevi.com.tr\/index.php\/wp-json\/wp\/v2\/types\/product"}],"wp:attachment":[{"href":"https:\/\/roveyayinevi.com.tr\/index.php\/wp-json\/wp\/v2\/media?parent=748729"}],"wp:term":[{"taxonomy":"product_brand","embeddable":true,"href":"https:\/\/roveyayinevi.com.tr\/index.php\/wp-json\/wp\/v2\/product_brand?post=748729"},{"taxonomy":"product_cat","embeddable":true,"href":"https:\/\/roveyayinevi.com.tr\/index.php\/wp-json\/wp\/v2\/product_cat?post=748729"},{"taxonomy":"product_tag","embeddable":true,"href":"https:\/\/roveyayinevi.com.tr\/index.php\/wp-json\/wp\/v2\/product_tag?post=748729"}],"curies":[{"name":"wp","href":"https:\/\/api.w.org\/{rel}","templated":true}]}}