{"id":748727,"date":"2025-08-28T03:37:57","date_gmt":"2025-08-28T00:37:57","guid":{"rendered":"https:\/\/roveyayinevi.com.tr\/index.php\/urun\/sigmund-freud-2\/"},"modified":"2026-04-16T03:01:34","modified_gmt":"2026-04-16T00:01:34","slug":"sigmund-freud-2","status":"publish","type":"product","link":"https:\/\/roveyayinevi.com.tr\/index.php\/urun\/sigmund-freud-2\/","title":{"rendered":"Sigmund Freud"},"content":{"rendered":"<p>\u201cFreud\u2019un bireysel d\u00fczlemde ge\u00e7erli olan psikanalitik kuram\u0131 hakk\u0131nda okuyucunun kolayl\u0131kla bulabilece\u011fi \u00e7ok say\u0131da \u00e7eviri ve telif yay\u0131n bulunmaktad\u0131r. Ancak sosyal teori alan\u0131nda Freud\u2019un \u00f6zellikle din, ahlak ve uygarl\u0131\u011f\u0131n k\u00f6kleri ile kitle psikolojisine ili\u015fkin g\u00f6r\u00fc\u015flerini a\u00e7\u0131klad\u0131\u011f\u0131 temel eserlerin ele\u015ftirel de\u011ferlendirmesine ili\u015fkin T\u00fcrk\u00e7e kaynak bulmak o kadar kolay de\u011fildir. Bu kitapta \u00f6zellikle Freud\u2019un \u00fclkemizde daha az bilinen bu sosyal filozof y\u00f6n\u00fcn\u00fc tan\u0131tman\u0131n \u00f6nemli bir sorumluluk oldu\u011fu d\u00fc\u015f\u00fcncesi ile bu konuya \u00f6zellikle yer verdim.\u201d  Prof. Dr. Cengiz G\u00dcLE\u00c7   Freud, 20. y\u00fczy\u0131lda ortaya \u00e7\u0131kan bir\u00e7ok kuram ve \u00f6\u011fretinin geli\u015fmesinde \u00f6nc\u00fc rol oynam\u0131\u015f, terapi k\u00fclt\u00fcr\u00fcn\u00fcn bilimsel temellere dayand\u0131r\u0131lmas\u0131 ve yayg\u0131nla\u015fmas\u0131n\u0131n mimar\u0131 olmu\u015ftur. Y\u00fczy\u0131l\u0131 a\u015fk\u0131n s\u00fcredir a\u011f\u0131r ele\u015ftirilere maruz kalm\u0131\u015f ama t\u00fcm olumsuzluklara ra\u011fmen g\u00f6r\u00fc\u015fleri ve kuram\u0131 ile bilim ve d\u00fc\u015f\u00fcnce tarihinde son derece \u00f6nemli bir yere sahip olmay\u0131 ba\u015faran ender fikir insanlar\u0131ndan biri olarak hak etti\u011fi ilgiyi g\u00f6rm\u00fc\u015f ve say\u0131s\u0131z kitaba konu olmu\u015ftur.   Psikiyatr ve Psikoterapist Prof. Dr. Cengiz G\u00fcle\u00e7, Bilin\u00e7d\u0131\u015f\u0131n\u0131n K\u00e2\u015fifi ve Psikanalizin Mucidi Sigmund Freud\u2019un ya\u015fam \u00f6yk\u00fcs\u00fcn\u00fc, ili\u015fkilerini ve \u00f6\u011fretisini psikanalitik a\u00e7\u0131dan anlatt\u0131\u011f\u0131 bu eserde onun dehas\u0131n\u0131 \u00e7arp\u0131c\u0131 \u00f6rneklerle g\u00f6zler \u00f6n\u00fcne seriyor. Ayr\u0131ca Freud\u2019un din, ahlak, uygarl\u0131\u011f\u0131n k\u00f6kleri ve kitle psikolojisine ili\u015fkin g\u00f6r\u00fc\u015flerine yer vererek onun sosyal filozof y\u00f6n\u00fcn\u00fc tan\u0131t\u0131yor. <\/p>\n","protected":false},"excerpt":{"rendered":"<p>\u201cFreud\u2019un bireysel d\u00fczlemde ge\u00e7erli olan psikanalitik kuram\u0131 hakk\u0131nda okuyucunun kolayl\u0131kla bulabilece\u011fi \u00e7ok say\u0131da \u00e7eviri ve telif yay\u0131n bulunmaktad\u0131r. Ancak sosyal teori alan\u0131nda Freud\u2019un \u00f6zellikle din, ahlak<span class=\"excerpt-hellip\"> [\u2026]<\/span><\/p>\n","protected":false},"featured_media":0,"template":"","meta":{"_monsterinsights_skip_tracking":false,"_monsterinsights_sitenote_active":false,"_monsterinsights_sitenote_note":"","_monsterinsights_sitenote_category":0},"product_brand":[],"product_cat":[12357],"product_tag":[],"class_list":{"0":"post-748727","1":"product","2":"type-product","3":"status-publish","5":"product_cat-psikoloji","6":"pa_cilt-ciltsiz","7":"pa_tur-kitap","8":"pa_yayinevi-pusula-yayinevi-ankara","9":"pa_yazar-cengiz-gulec","11":"first","12":"instock","13":"sale","14":"shipping-taxable","15":"purchasable","16":"product-type-simple"},"_links":{"self":[{"href":"https:\/\/roveyayinevi.com.tr\/index.php\/wp-json\/wp\/v2\/product\/748727","targetHints":{"allow":["GET"]}}],"collection":[{"href":"https:\/\/roveyayinevi.com.tr\/index.php\/wp-json\/wp\/v2\/product"}],"about":[{"href":"https:\/\/roveyayinevi.com.tr\/index.php\/wp-json\/wp\/v2\/types\/product"}],"wp:attachment":[{"href":"https:\/\/roveyayinevi.com.tr\/index.php\/wp-json\/wp\/v2\/media?parent=748727"}],"wp:term":[{"taxonomy":"product_brand","embeddable":true,"href":"https:\/\/roveyayinevi.com.tr\/index.php\/wp-json\/wp\/v2\/product_brand?post=748727"},{"taxonomy":"product_cat","embeddable":true,"href":"https:\/\/roveyayinevi.com.tr\/index.php\/wp-json\/wp\/v2\/product_cat?post=748727"},{"taxonomy":"product_tag","embeddable":true,"href":"https:\/\/roveyayinevi.com.tr\/index.php\/wp-json\/wp\/v2\/product_tag?post=748727"}],"curies":[{"name":"wp","href":"https:\/\/api.w.org\/{rel}","templated":true}]}}