{"id":748724,"date":"2025-08-28T03:37:52","date_gmt":"2025-08-28T00:37:52","guid":{"rendered":"https:\/\/roveyayinevi.com.tr\/index.php\/urun\/isilti-4-ignis\/"},"modified":"2026-04-16T03:01:34","modified_gmt":"2026-04-16T00:01:34","slug":"isilti-4-ignis","status":"publish","type":"product","link":"https:\/\/roveyayinevi.com.tr\/index.php\/urun\/isilti-4-ignis\/","title":{"rendered":"I\u015f\u0131lt\u0131 4 &#8211; \u0130gnis"},"content":{"rendered":"<p>I\u015f\u0131lt\u0131 serisi kald\u0131\u011f\u0131 yerden, t\u00fcm heyecan\u0131yla devam ediyor!   Walter, bedeninde kalmak i\u00e7in verdi\u011fi m\u00fccadeleden \u00e7ok daha fazlas\u0131n\u0131, bedeninin geri \u00e7ekilmesini \u00f6nlemek i\u00e7in veriyordu.    \u201cBence bu kadar sald\u0131rgan olman pek de iyilik g\u00f6stergesi de\u011fil Lucinda. T\u0131pk\u0131 benim prenslerim gibi davran\u0131yorsun. Senin iyi tarafta oldu\u011funu san\u0131yordum!\u201d dedi ve gerginli\u011fini saklamak i\u00e7in bir kahkaha att\u0131.   \u201cSana iyili\u011fin pasif, korkak ve savunmada olmak anlam\u0131na geldi\u011fini kim s\u00f6ylediyse yalan s\u00f6ylemi\u015f! \u0130yilik de k\u00f6t\u00fcl\u00fck kadar aktif, cesur ve sald\u0131rgan olmad\u0131\u011f\u0131 s\u00fcrece, karanl\u0131\u011f\u0131 ayd\u0131nlatamaz!\u201d dedi Luce ve onun yan\u0131ndan ge\u00e7ip evin y\u0131k\u0131nt\u0131lar\u0131ndan a\u015fa\u011f\u0131 do\u011fru y\u00fcr\u00fcd\u00fc.   Walter pe\u015finden gidip onun kar\u015f\u0131s\u0131nda daha da g\u00fc\u00e7s\u00fcz g\u00f6r\u00fcnmek istemiyordu, ama i\u00e7indeki d\u00fcrt\u00fcye dayanamad\u0131 ve onu takip etti. Paul da Walter\u2019\u0131n pe\u015finden onlar\u0131 takip etmeye ba\u015flad\u0131\u011f\u0131nda, Walter kendini kapana k\u0131s\u0131lm\u0131\u015f gibi hissediyordu.<\/p>\n","protected":false},"excerpt":{"rendered":"<p>I\u015f\u0131lt\u0131 serisi kald\u0131\u011f\u0131 yerden, t\u00fcm heyecan\u0131yla devam ediyor! Walter, bedeninde kalmak i\u00e7in verdi\u011fi m\u00fccadeleden \u00e7ok daha fazlas\u0131n\u0131, bedeninin geri \u00e7ekilmesini \u00f6nlemek i\u00e7in veriyordu. \u201cBence bu kadar<span class=\"excerpt-hellip\"> [\u2026]<\/span><\/p>\n","protected":false},"featured_media":0,"template":"","meta":{"_monsterinsights_skip_tracking":false,"_monsterinsights_sitenote_active":false,"_monsterinsights_sitenote_note":"","_monsterinsights_sitenote_category":0},"product_brand":[],"product_cat":[12291,12711],"product_tag":[],"class_list":{"0":"post-748724","1":"product","2":"type-product","3":"status-publish","5":"product_cat-edebiyat","6":"product_cat-roman-oyku","7":"pa_cilt-ciltsiz","8":"pa_tur-kitap","9":"pa_yayinevi-luna-yayinlari","10":"pa_yazar-ozler-suder","12":"first","13":"instock","14":"sale","15":"shipping-taxable","16":"purchasable","17":"product-type-simple"},"_links":{"self":[{"href":"https:\/\/roveyayinevi.com.tr\/index.php\/wp-json\/wp\/v2\/product\/748724","targetHints":{"allow":["GET"]}}],"collection":[{"href":"https:\/\/roveyayinevi.com.tr\/index.php\/wp-json\/wp\/v2\/product"}],"about":[{"href":"https:\/\/roveyayinevi.com.tr\/index.php\/wp-json\/wp\/v2\/types\/product"}],"wp:attachment":[{"href":"https:\/\/roveyayinevi.com.tr\/index.php\/wp-json\/wp\/v2\/media?parent=748724"}],"wp:term":[{"taxonomy":"product_brand","embeddable":true,"href":"https:\/\/roveyayinevi.com.tr\/index.php\/wp-json\/wp\/v2\/product_brand?post=748724"},{"taxonomy":"product_cat","embeddable":true,"href":"https:\/\/roveyayinevi.com.tr\/index.php\/wp-json\/wp\/v2\/product_cat?post=748724"},{"taxonomy":"product_tag","embeddable":true,"href":"https:\/\/roveyayinevi.com.tr\/index.php\/wp-json\/wp\/v2\/product_tag?post=748724"}],"curies":[{"name":"wp","href":"https:\/\/api.w.org\/{rel}","templated":true}]}}