{"id":748721,"date":"2025-08-28T03:37:48","date_gmt":"2025-08-28T00:37:48","guid":{"rendered":"https:\/\/roveyayinevi.com.tr\/index.php\/urun\/dus-pesime\/"},"modified":"2026-04-16T03:01:34","modified_gmt":"2026-04-16T00:01:34","slug":"dus-pesime","status":"publish","type":"product","link":"https:\/\/roveyayinevi.com.tr\/index.php\/urun\/dus-pesime\/","title":{"rendered":"D\u00fc\u015f Pe\u015fime"},"content":{"rendered":"<p>Ve beklenen g\u00fcn geldi. Yumurtalarda hareketlenme ba\u015flad\u0131. Derken, HOOP birinci yumurta \u00e7atlad\u0131. \u0130kinci, \u00fc\u00e7\u00fcnc\u00fc ve sonuncu&#8230; Son civciv di\u011ferlerinden biraz farkl\u0131yd\u0131! \u00dcstelik sadece fiziksel olarak de\u011fil. O \u00e7ok merakl\u0131yd\u0131! Gece uyurken, annesinin kanatlar\u0131 aras\u0131ndan \u00e7\u0131k\u0131p, \u00e7iftli\u011fin d\u0131\u015f\u0131na ka\u00e7acak kadar&#8230; D\u0131\u015far\u0131da koskocaman bir d\u00fcnya vard\u0131. Peki bu d\u00fcnya, annesinin anlatt\u0131\u011f\u0131 kadar tehlikeli miydi?   Suna \u0130bi\u015fo\u011flu\u2019ndan farkl\u0131l\u0131klar, \u00f6n yarg\u0131lar ve ke\u015ffetmek \u00fczerine, keyif dolu bir hik\u00e2ye! <\/p>\n","protected":false},"excerpt":{"rendered":"<p>Ve beklenen g\u00fcn geldi. Yumurtalarda hareketlenme ba\u015flad\u0131. Derken, HOOP birinci yumurta \u00e7atlad\u0131. \u0130kinci, \u00fc\u00e7\u00fcnc\u00fc ve sonuncu&#8230; Son civciv di\u011ferlerinden biraz farkl\u0131yd\u0131! \u00dcstelik sadece fiziksel olarak de\u011fil.<span class=\"excerpt-hellip\"> [\u2026]<\/span><\/p>\n","protected":false},"featured_media":0,"template":"","meta":{"_monsterinsights_skip_tracking":false,"_monsterinsights_sitenote_active":false,"_monsterinsights_sitenote_note":"","_monsterinsights_sitenote_category":0},"product_brand":[],"product_cat":[12274,12284],"product_tag":[],"class_list":{"0":"post-748721","1":"product","2":"type-product","3":"status-publish","5":"product_cat-cocuk-ve-genclik-kitaplari","6":"product_cat-hikayeler","7":"pa_cilt-ciltsiz","8":"pa_tur-kitap","9":"pa_yayinevi-luna-cocuk-yayinlari","10":"pa_yazar-suna-ibisoglu","12":"first","13":"instock","14":"sale","15":"shipping-taxable","16":"purchasable","17":"product-type-simple"},"_links":{"self":[{"href":"https:\/\/roveyayinevi.com.tr\/index.php\/wp-json\/wp\/v2\/product\/748721","targetHints":{"allow":["GET"]}}],"collection":[{"href":"https:\/\/roveyayinevi.com.tr\/index.php\/wp-json\/wp\/v2\/product"}],"about":[{"href":"https:\/\/roveyayinevi.com.tr\/index.php\/wp-json\/wp\/v2\/types\/product"}],"wp:attachment":[{"href":"https:\/\/roveyayinevi.com.tr\/index.php\/wp-json\/wp\/v2\/media?parent=748721"}],"wp:term":[{"taxonomy":"product_brand","embeddable":true,"href":"https:\/\/roveyayinevi.com.tr\/index.php\/wp-json\/wp\/v2\/product_brand?post=748721"},{"taxonomy":"product_cat","embeddable":true,"href":"https:\/\/roveyayinevi.com.tr\/index.php\/wp-json\/wp\/v2\/product_cat?post=748721"},{"taxonomy":"product_tag","embeddable":true,"href":"https:\/\/roveyayinevi.com.tr\/index.php\/wp-json\/wp\/v2\/product_tag?post=748721"}],"curies":[{"name":"wp","href":"https:\/\/api.w.org\/{rel}","templated":true}]}}