{"id":748720,"date":"2025-08-28T03:37:46","date_gmt":"2025-08-28T00:37:46","guid":{"rendered":"https:\/\/roveyayinevi.com.tr\/index.php\/urun\/tahtina-oturmus-cumleler\/"},"modified":"2026-04-16T03:01:34","modified_gmt":"2026-04-16T00:01:34","slug":"tahtina-oturmus-cumleler","status":"publish","type":"product","link":"https:\/\/roveyayinevi.com.tr\/index.php\/urun\/tahtina-oturmus-cumleler\/","title":{"rendered":"Taht\u0131na Oturmu\u015f C\u00fcmleler"},"content":{"rendered":"<p>Dervi\u015f heybesinde ne oldu\u011funu bilir ama heybesine ne olaca\u011f\u0131n\u0131 bilemez. G\u00f6r\u00fcn\u00fc\u015f\u00fcne, mal\u0131na, m\u00fclk\u00fcne g\u00fcvenme. Ne olaca\u011f\u0131 bilinmez.<\/p>\n","protected":false},"excerpt":{"rendered":"<p>Dervi\u015f heybesinde ne oldu\u011funu bilir ama heybesine ne olaca\u011f\u0131n\u0131 bilemez. G\u00f6r\u00fcn\u00fc\u015f\u00fcne, mal\u0131na, m\u00fclk\u00fcne g\u00fcvenme. Ne olaca\u011f\u0131 bilinmez.<\/p>\n","protected":false},"featured_media":0,"template":"","meta":{"_monsterinsights_skip_tracking":false,"_monsterinsights_sitenote_active":false,"_monsterinsights_sitenote_note":"","_monsterinsights_sitenote_category":0},"product_brand":[],"product_cat":[75065,12291],"product_tag":[],"class_list":{"0":"post-748720","1":"product","2":"type-product","3":"status-publish","5":"product_cat-aforizmalar","6":"product_cat-edebiyat","7":"pa_cilt-ciltsiz","8":"pa_tur-kitap","9":"pa_yayinevi-luna-yayinlari","10":"pa_yazar-mehmet-umut-uzun","12":"first","13":"instock","14":"sale","15":"shipping-taxable","16":"purchasable","17":"product-type-simple"},"_links":{"self":[{"href":"https:\/\/roveyayinevi.com.tr\/index.php\/wp-json\/wp\/v2\/product\/748720","targetHints":{"allow":["GET"]}}],"collection":[{"href":"https:\/\/roveyayinevi.com.tr\/index.php\/wp-json\/wp\/v2\/product"}],"about":[{"href":"https:\/\/roveyayinevi.com.tr\/index.php\/wp-json\/wp\/v2\/types\/product"}],"wp:attachment":[{"href":"https:\/\/roveyayinevi.com.tr\/index.php\/wp-json\/wp\/v2\/media?parent=748720"}],"wp:term":[{"taxonomy":"product_brand","embeddable":true,"href":"https:\/\/roveyayinevi.com.tr\/index.php\/wp-json\/wp\/v2\/product_brand?post=748720"},{"taxonomy":"product_cat","embeddable":true,"href":"https:\/\/roveyayinevi.com.tr\/index.php\/wp-json\/wp\/v2\/product_cat?post=748720"},{"taxonomy":"product_tag","embeddable":true,"href":"https:\/\/roveyayinevi.com.tr\/index.php\/wp-json\/wp\/v2\/product_tag?post=748720"}],"curies":[{"name":"wp","href":"https:\/\/api.w.org\/{rel}","templated":true}]}}