{"id":748719,"date":"2025-08-28T03:37:44","date_gmt":"2025-08-28T00:37:44","guid":{"rendered":"https:\/\/roveyayinevi.com.tr\/index.php\/urun\/kesik-hatiralar\/"},"modified":"2026-04-16T03:01:34","modified_gmt":"2026-04-16T00:01:34","slug":"kesik-hatiralar","status":"publish","type":"product","link":"https:\/\/roveyayinevi.com.tr\/index.php\/urun\/kesik-hatiralar\/","title":{"rendered":"Kesik Hat\u0131ralar"},"content":{"rendered":"<p>Alt\u0131 arkada\u015f. Bir \u00fcniversite bulu\u015fmas\u0131. \u00c7\u00f6z\u00fclmemi\u015f bir cinayet.   Alt\u0131 arkada\u015f, kendilerinden bile saklad\u0131klar\u0131 karanl\u0131k s\u0131rlarla on y\u0131l sonra bir araya gelir.   Jessica Miller, Duquette \u00dcniversitesi\u2019ndeki bulu\u015fmaya muzaffer bir edayla kat\u0131l\u0131r; ne de olsa Heather\u2019\u0131n \u00f6l\u00fcm\u00fcnden sonra okulun en g\u00fczel k\u0131z\u0131 olarak \u00f6n plana \u00e7\u0131km\u0131\u015ft\u0131r: kendine g\u00fcvenen, alt\u0131 arkada\u015f\u0131 birbirine s\u0131k\u0131ca ba\u011flayan bir k\u00f6pr\u00fcd\u00fcr.   Fakat bulu\u015fmada, Heather\u2019\u0131n \u00f6ld\u00fcr\u00fcld\u00fc\u011f\u00fc geceyle y\u00fczle\u015fmek zorunda kalacaklar ve s\u0131rlar\u0131n\u0131 saklamak i\u00e7in ellerinden geleni yapacaklard\u0131r.   Karanl\u0131k bir kamp\u00fcs ortam\u0131, dostluk, a\u015fk, tak\u0131nt\u0131 ve h\u0131rs hakk\u0131nda, ikili zaman \u00e7izelgesiyle anlat\u0131lan Kesik Hat\u0131ralar\u2019\u0131 elinizden b\u0131rakamayacaks\u0131n\u0131z.     Amazon Ay\u0131n En \u0130yi Kitab\u0131 Apple Ay\u0131n En \u0130yi Kitab\u0131 Library Journal\u2019\u0131n 2021\u2019de en iyi \u00e7\u0131k\u0131\u015f yapan kitab\u0131 <\/p>\n","protected":false},"excerpt":{"rendered":"<p>Alt\u0131 arkada\u015f. Bir \u00fcniversite bulu\u015fmas\u0131. \u00c7\u00f6z\u00fclmemi\u015f bir cinayet. Alt\u0131 arkada\u015f, kendilerinden bile saklad\u0131klar\u0131 karanl\u0131k s\u0131rlarla on y\u0131l sonra bir araya gelir. Jessica Miller, Duquette \u00dcniversitesi\u2019ndeki bulu\u015fmaya<span class=\"excerpt-hellip\"> [\u2026]<\/span><\/p>\n","protected":false},"featured_media":0,"template":"","meta":{"_monsterinsights_skip_tracking":false,"_monsterinsights_sitenote_active":false,"_monsterinsights_sitenote_note":"","_monsterinsights_sitenote_category":0},"product_brand":[],"product_cat":[12291,12711],"product_tag":[],"class_list":{"0":"post-748719","1":"product","2":"type-product","3":"status-publish","5":"product_cat-edebiyat","6":"product_cat-roman-oyku","7":"pa_cilt-ciltsiz","8":"pa_tur-kitap","9":"pa_yayinevi-sms-yayinlari","10":"pa_yazar-ashley-winstead","12":"first","13":"instock","14":"sale","15":"shipping-taxable","16":"purchasable","17":"product-type-simple"},"_links":{"self":[{"href":"https:\/\/roveyayinevi.com.tr\/index.php\/wp-json\/wp\/v2\/product\/748719","targetHints":{"allow":["GET"]}}],"collection":[{"href":"https:\/\/roveyayinevi.com.tr\/index.php\/wp-json\/wp\/v2\/product"}],"about":[{"href":"https:\/\/roveyayinevi.com.tr\/index.php\/wp-json\/wp\/v2\/types\/product"}],"wp:attachment":[{"href":"https:\/\/roveyayinevi.com.tr\/index.php\/wp-json\/wp\/v2\/media?parent=748719"}],"wp:term":[{"taxonomy":"product_brand","embeddable":true,"href":"https:\/\/roveyayinevi.com.tr\/index.php\/wp-json\/wp\/v2\/product_brand?post=748719"},{"taxonomy":"product_cat","embeddable":true,"href":"https:\/\/roveyayinevi.com.tr\/index.php\/wp-json\/wp\/v2\/product_cat?post=748719"},{"taxonomy":"product_tag","embeddable":true,"href":"https:\/\/roveyayinevi.com.tr\/index.php\/wp-json\/wp\/v2\/product_tag?post=748719"}],"curies":[{"name":"wp","href":"https:\/\/api.w.org\/{rel}","templated":true}]}}