{"id":748718,"date":"2025-08-28T03:37:43","date_gmt":"2025-08-28T00:37:43","guid":{"rendered":"https:\/\/roveyayinevi.com.tr\/index.php\/urun\/dolandiricilar-okulu\/"},"modified":"2026-04-11T14:17:48","modified_gmt":"2026-04-11T11:17:48","slug":"dolandiricilar-okulu","status":"publish","type":"product","link":"https:\/\/roveyayinevi.com.tr\/index.php\/urun\/dolandiricilar-okulu\/","title":{"rendered":"Doland\u0131r\u0131c\u0131lar Okulu"},"content":{"rendered":"<p>Doland\u0131r\u0131c\u0131lar\u0131n Okulu Vale Salonu\u2019na ho\u015f geldiniz! Brynn Hilder, her \u015feyden so\u011fudu\u011fu bir d\u00f6nemde Vale\u2019ye se\u00e7ilir ve b\u00f6ylece annesinin zavall\u0131 erkek arkada\u015f\u0131n\u0131n zorbal\u0131\u011f\u0131ndan ve y\u0131k\u0131k d\u00f6k\u00fck mahallesinden uzakta, hayata yeniden ba\u015flamak i\u00e7in bir \u015fans yakalar. Ancak \u00e7ok ge\u00e7meden anla\u015f\u0131l\u0131r ki Vale\u2019ye se\u00e7ilen \u00f6\u011frenciler akademik becerilerinden \u00e7ok, kuzey k\u0131y\u0131s\u0131n\u0131n zengin \u00e7ocuklar\u0131n\u0131 doland\u0131rmak gibi e\u011fitim d\u0131\u015f\u0131 yeteneklerinden dolay\u0131 buradad\u0131rlar.   Brynn, ya\u015fad\u0131\u011f\u0131 \u015fehri yolsuzluk yapan devlet g\u00f6revlilerinden temizleme konusunda okula yard\u0131m edece\u011fi i\u00e7in \u00e7ok memnundur. Kendisine verilen hedef, bir senat\u00f6r\u00fcn o\u011fludur. Hedefine ilerlemek ad\u0131na her yolu denemesi gerekti\u011fini \u00f6\u011frenip okul m\u00fcd\u00fcr\u00fcn\u00fcn s\u0131rlar\u0131n\u0131 ke\u015ffettik\u00e7e bu memnuniyet birtak\u0131m \u015f\u00fcphelere d\u00f6n\u00fc\u015f\u00fcr.   Do\u011fru ve yanl\u0131\u015f aras\u0131ndaki \u00e7izgi netli\u011fini kaybettik\u00e7e Brynn, boyundan b\u00fcy\u00fck bir i\u015fe kalk\u0131\u015ft\u0131\u011f\u0131n\u0131 d\u00fc\u015f\u00fcnmeye ba\u015flar\u2026 <\/p>\n","protected":false},"excerpt":{"rendered":"<p>Doland\u0131r\u0131c\u0131lar\u0131n Okulu Vale Salonu\u2019na ho\u015f geldiniz! Brynn Hilder, her \u015feyden so\u011fudu\u011fu bir d\u00f6nemde Vale\u2019ye se\u00e7ilir ve b\u00f6ylece annesinin zavall\u0131 erkek arkada\u015f\u0131n\u0131n zorbal\u0131\u011f\u0131ndan ve y\u0131k\u0131k d\u00f6k\u00fck mahallesinden<span class=\"excerpt-hellip\"> [\u2026]<\/span><\/p>\n","protected":false},"featured_media":0,"template":"","meta":{"_monsterinsights_skip_tracking":false,"_monsterinsights_sitenote_active":false,"_monsterinsights_sitenote_note":"","_monsterinsights_sitenote_category":0},"product_brand":[],"product_cat":[12291,12711],"product_tag":[],"class_list":{"0":"post-748718","1":"product","2":"type-product","3":"status-publish","5":"product_cat-edebiyat","6":"product_cat-roman-oyku","7":"pa_cilt-ciltsiz","8":"pa_tur-kitap","9":"pa_yayinevi-sms-yayinlari","10":"pa_yazar-kristen-simmons","12":"first","13":"instock","14":"sale","15":"shipping-taxable","16":"purchasable","17":"product-type-simple"},"_links":{"self":[{"href":"https:\/\/roveyayinevi.com.tr\/index.php\/wp-json\/wp\/v2\/product\/748718","targetHints":{"allow":["GET"]}}],"collection":[{"href":"https:\/\/roveyayinevi.com.tr\/index.php\/wp-json\/wp\/v2\/product"}],"about":[{"href":"https:\/\/roveyayinevi.com.tr\/index.php\/wp-json\/wp\/v2\/types\/product"}],"wp:attachment":[{"href":"https:\/\/roveyayinevi.com.tr\/index.php\/wp-json\/wp\/v2\/media?parent=748718"}],"wp:term":[{"taxonomy":"product_brand","embeddable":true,"href":"https:\/\/roveyayinevi.com.tr\/index.php\/wp-json\/wp\/v2\/product_brand?post=748718"},{"taxonomy":"product_cat","embeddable":true,"href":"https:\/\/roveyayinevi.com.tr\/index.php\/wp-json\/wp\/v2\/product_cat?post=748718"},{"taxonomy":"product_tag","embeddable":true,"href":"https:\/\/roveyayinevi.com.tr\/index.php\/wp-json\/wp\/v2\/product_tag?post=748718"}],"curies":[{"name":"wp","href":"https:\/\/api.w.org\/{rel}","templated":true}]}}