{"id":748714,"date":"2025-08-28T03:37:36","date_gmt":"2025-08-28T00:37:36","guid":{"rendered":"https:\/\/roveyayinevi.com.tr\/index.php\/urun\/eymi\/"},"modified":"2026-04-16T03:01:34","modified_gmt":"2026-04-16T00:01:34","slug":"eymi","status":"publish","type":"product","link":"https:\/\/roveyayinevi.com.tr\/index.php\/urun\/eymi\/","title":{"rendered":"Eymi"},"content":{"rendered":"<p>Elma Yay\u0131nevi ve \u00f6zel gereksinimli \u00e7ocuklar\u0131n kendi ayaklar\u0131 \u00fczerinde duran, ba\u011f\u0131ms\u0131z ve \u00fcretici bireyler olmas\u0131 amac\u0131ya \u00e7al\u0131\u015fmalar yapan Zihinsel Yetersiz \u00c7ocuklar\u0131 Yeti\u015ftirme ve Koruma Vakf\u0131 (Z\u0130\u00c7EV) \u00e7ocuklar i\u00e7in el ele verdi. Bu \u00f6nemli i\u015f birli\u011finin meyvesi Eymi  raflarda yerini ald\u0131, okurlar\u0131n\u0131 bekliyor.   ***   Eymi duygular\u0131yla tan\u0131\u015f\u0131yor. Heyecanlan\u0131yor, korkuyor, utan\u0131yor, \u00fcz\u00fcl\u00fcyor, k\u0131r\u0131l\u0131yor, \u00f6fkeleniyor\u2026 T\u00fcm bunlar\u0131 ya\u015farken duygular\u0131n\u0131 yok saym\u0131yor, gizlemiyor; aksine onlar\u0131 fark ediyor ve kabul ediyor. \u00dcZG\u00dcN, KIRGIN ya da \u00d6FKEL\u0130 olman\u0131n ona nas\u0131l hissettirdi\u011fini anlamaya \u00e7al\u0131\u015f\u0131yor. Eymi bu yo\u011fun ve g\u00fc\u00e7l\u00fc duygularla ba\u015fa \u00e7\u0131karken yaln\u0131z de\u011fil. Ona rehberlik eden \u00e7ok \u00f6zel biri var\u2026  K\u0130TAPTAN O gu\u0308n bamba\u015fka bir g\u00fcnd\u00fc.Eymi en sevdi\u011fi arkada\u015flar\u0131yla bulu\u015facakt\u0131. Uzun zamand\u0131r bu an\u0131 bekliyordu.   ***     \u00c7ok ge\u00e7meden Eymi kendini yerde buluverdi. Yanaklar\u0131 al al olmu\u015f, UTANMI\u015et\u0131. Tabii can\u0131 da yanm\u0131\u015ft\u0131.   *** \u201cDuygular\u0131n da b\u00f6yledir. Bazen \u00dcZG\u00dcN, KIRGIN ya da \u00d6FKEL\u0130 hissedebilirsin. Bu \u00e7ok do\u011fald\u0131r. Ama bil ki hi\u00e7bir duygu kal\u0131c\u0131 de\u011fildir. Bulutlar gibi onlar da gelip ge\u00e7erler.\u201d   ***   A\u011fa\u00e7 ekledi: \u201cYa\u011fmur ya\u011fsa da, \u015fim\u015fek \u00e7aksa da, g\u00f6k gu\u0308rlese de bir su\u0308re sonra ya\u011fmur diner, \u015fim\u015fek \u00e7akmaz ve g\u00f6k gu\u0308ru\u0308ltu\u0308su\u0308 sona erer. Ard\u0131ndan gu\u0308ne\u015f a\u00e7ar. Is\u0131t\u0131r ve ayd\u0131nlat\u0131r. T\u0131pk\u0131 hava durumu gibi duygular\u0131n da de\u011fi\u015fir Eymi.\u201d <\/p>\n","protected":false},"excerpt":{"rendered":"<p>Elma Yay\u0131nevi ve \u00f6zel gereksinimli \u00e7ocuklar\u0131n kendi ayaklar\u0131 \u00fczerinde duran, ba\u011f\u0131ms\u0131z ve \u00fcretici bireyler olmas\u0131 amac\u0131ya \u00e7al\u0131\u015fmalar yapan Zihinsel Yetersiz \u00c7ocuklar\u0131 Yeti\u015ftirme ve Koruma Vakf\u0131 (Z\u0130\u00c7EV)<span class=\"excerpt-hellip\"> [\u2026]<\/span><\/p>\n","protected":false},"featured_media":0,"template":"","meta":{"_monsterinsights_skip_tracking":false,"_monsterinsights_sitenote_active":false,"_monsterinsights_sitenote_note":"","_monsterinsights_sitenote_category":0},"product_brand":[],"product_cat":[12274,12284],"product_tag":[],"class_list":{"0":"post-748714","1":"product","2":"type-product","3":"status-publish","5":"product_cat-cocuk-ve-genclik-kitaplari","6":"product_cat-hikayeler","7":"pa_cilt-ciltsiz","8":"pa_tur-kitap","9":"pa_yayinevi-turta-kitap","10":"pa_yazar-ozlem-satir-tascioglu","12":"first","13":"instock","14":"sale","15":"shipping-taxable","16":"purchasable","17":"product-type-simple"},"_links":{"self":[{"href":"https:\/\/roveyayinevi.com.tr\/index.php\/wp-json\/wp\/v2\/product\/748714","targetHints":{"allow":["GET"]}}],"collection":[{"href":"https:\/\/roveyayinevi.com.tr\/index.php\/wp-json\/wp\/v2\/product"}],"about":[{"href":"https:\/\/roveyayinevi.com.tr\/index.php\/wp-json\/wp\/v2\/types\/product"}],"wp:attachment":[{"href":"https:\/\/roveyayinevi.com.tr\/index.php\/wp-json\/wp\/v2\/media?parent=748714"}],"wp:term":[{"taxonomy":"product_brand","embeddable":true,"href":"https:\/\/roveyayinevi.com.tr\/index.php\/wp-json\/wp\/v2\/product_brand?post=748714"},{"taxonomy":"product_cat","embeddable":true,"href":"https:\/\/roveyayinevi.com.tr\/index.php\/wp-json\/wp\/v2\/product_cat?post=748714"},{"taxonomy":"product_tag","embeddable":true,"href":"https:\/\/roveyayinevi.com.tr\/index.php\/wp-json\/wp\/v2\/product_tag?post=748714"}],"curies":[{"name":"wp","href":"https:\/\/api.w.org\/{rel}","templated":true}]}}