{"id":748713,"date":"2025-08-28T03:37:35","date_gmt":"2025-08-28T00:37:35","guid":{"rendered":"https:\/\/roveyayinevi.com.tr\/index.php\/urun\/beklenen-yeryuzu-kipir-kipir\/"},"modified":"2026-04-16T03:01:34","modified_gmt":"2026-04-16T00:01:34","slug":"beklenen-yeryuzu-kipir-kipir","status":"publish","type":"product","link":"https:\/\/roveyayinevi.com.tr\/index.php\/urun\/beklenen-yeryuzu-kipir-kipir\/","title":{"rendered":"Beklenen &#8211; Yery\u00fcz\u00fc K\u0131p\u0131r K\u0131p\u0131r"},"content":{"rendered":"<p>Yery\u00fcz\u00fc k\u0131p\u0131r k\u0131p\u0131rd\u0131. Ku\u015flar\u0131yla, a\u011fa\u00e7lar\u0131yla, kelebekleriyle, kuzular\u0131yla, insanlar\u0131yla\u2026 K\u0131saca t\u00fcm varl\u0131\u011f\u0131 ve kalbiyle. \u00c7\u00fcnk\u00fc y\u00fczlerce y\u0131ld\u0131r hasretle birini beklemekteydi.<\/p>\n","protected":false},"excerpt":{"rendered":"<p>Yery\u00fcz\u00fc k\u0131p\u0131r k\u0131p\u0131rd\u0131. Ku\u015flar\u0131yla, a\u011fa\u00e7lar\u0131yla, kelebekleriyle, kuzular\u0131yla, insanlar\u0131yla\u2026 K\u0131saca t\u00fcm varl\u0131\u011f\u0131 ve kalbiyle. \u00c7\u00fcnk\u00fc y\u00fczlerce y\u0131ld\u0131r hasretle birini beklemekteydi.<\/p>\n","protected":false},"featured_media":0,"template":"","meta":{"_monsterinsights_skip_tracking":false,"_monsterinsights_sitenote_active":false,"_monsterinsights_sitenote_note":"","_monsterinsights_sitenote_category":0},"product_brand":[],"product_cat":[12274,12284],"product_tag":[],"class_list":{"0":"post-748713","1":"product","2":"type-product","3":"status-publish","5":"product_cat-cocuk-ve-genclik-kitaplari","6":"product_cat-hikayeler","7":"pa_cilt-ciltsiz","8":"pa_tur-kitap","9":"pa_yayinevi-nesil-cocuk-yayinlari","10":"pa_yazar-ilknur-koc-aytac","12":"first","13":"instock","14":"sale","15":"shipping-taxable","16":"purchasable","17":"product-type-simple"},"_links":{"self":[{"href":"https:\/\/roveyayinevi.com.tr\/index.php\/wp-json\/wp\/v2\/product\/748713","targetHints":{"allow":["GET"]}}],"collection":[{"href":"https:\/\/roveyayinevi.com.tr\/index.php\/wp-json\/wp\/v2\/product"}],"about":[{"href":"https:\/\/roveyayinevi.com.tr\/index.php\/wp-json\/wp\/v2\/types\/product"}],"wp:attachment":[{"href":"https:\/\/roveyayinevi.com.tr\/index.php\/wp-json\/wp\/v2\/media?parent=748713"}],"wp:term":[{"taxonomy":"product_brand","embeddable":true,"href":"https:\/\/roveyayinevi.com.tr\/index.php\/wp-json\/wp\/v2\/product_brand?post=748713"},{"taxonomy":"product_cat","embeddable":true,"href":"https:\/\/roveyayinevi.com.tr\/index.php\/wp-json\/wp\/v2\/product_cat?post=748713"},{"taxonomy":"product_tag","embeddable":true,"href":"https:\/\/roveyayinevi.com.tr\/index.php\/wp-json\/wp\/v2\/product_tag?post=748713"}],"curies":[{"name":"wp","href":"https:\/\/api.w.org\/{rel}","templated":true}]}}