{"id":748711,"date":"2025-08-28T03:37:33","date_gmt":"2025-08-28T00:37:33","guid":{"rendered":"https:\/\/roveyayinevi.com.tr\/index.php\/urun\/gelecek-pandemileri-nasil-onleriz\/"},"modified":"2026-04-16T03:01:34","modified_gmt":"2026-04-16T00:01:34","slug":"gelecek-pandemileri-nasil-onleriz","status":"publish","type":"product","link":"https:\/\/roveyayinevi.com.tr\/index.php\/urun\/gelecek-pandemileri-nasil-onleriz\/","title":{"rendered":"Gelecek Pandemileri Nas\u0131l \u00d6nleriz"},"content":{"rendered":"<p>Hastal\u0131klar her zaman insanlar aras\u0131nda yay\u0131lm\u0131\u015ft\u0131r ancak k\u00fcresel felaketlere d\u00f6n\u00fc\u015fmeleri gerekmez. Bu kitap; h\u00fck\u00fcmetler, bilim insanlar\u0131 ve bireylerin, salg\u0131nlar\u0131n pandemiye d\u00f6n\u00fc\u015fmesini engelleyecek bir sistemi nas\u0131l in\u015fa edecekleri hakk\u0131ndad\u0131r. Hepimizin bildi\u011fi gibi, bunu bug\u00fcn yapmak i\u00e7in her zamankinden daha fazla bir kitle g\u00fcc\u00fc mevcuttur. COVID s\u00fcrecini ya\u015fayan birinin onu unutmas\u0131 m\u00fcmk\u00fcn de\u011fil. \u0130kinci D\u00fcnya Sava\u015f\u0131, ebeveynlerimin d\u00fcnyaya bak\u0131\u015f\u0131n\u0131 nas\u0131l de\u011fi\u015ftirdiyse COVID de bizim d\u00fcnyaya bak\u0131\u015f\u0131m\u0131z\u0131 de\u011fi\u015ftirdi. Buna ra\u011fmen yeni bir pandeminin korkusuyla ya\u015famak zorunda de\u011filiz. Herkese temel sa\u011fl\u0131k hizmetlerini sunabilir, ortaya \u00e7\u0131kan herhangi bir hastal\u0131\u011fa kar\u015f\u0131 \u00f6nlem almaya ve onu kontrol alt\u0131nda tutmaya haz\u0131r hale gelebiliriz.   Bu kitaptaki her b\u00f6l\u00fcm, bahsi ge\u00e7en s\u00fcre\u00e7lere haz\u0131rlanmak i\u00e7in atmam\u0131z gereken ad\u0131mlardan birini a\u00e7\u0131kl\u0131yor. Bu ad\u0131mlar hep birlikte, pandemiyi insanl\u0131k i\u00e7in bir tehdit olmaktan \u00e7\u0131karmaya ve yeni bir COVID ya\u015fama ihtimalini azaltmaya y\u00f6nelik bir plan i\u00e7eriyor. -BILL GATES <\/p>\n","protected":false},"excerpt":{"rendered":"<p>Hastal\u0131klar her zaman insanlar aras\u0131nda yay\u0131lm\u0131\u015ft\u0131r ancak k\u00fcresel felaketlere d\u00f6n\u00fc\u015fmeleri gerekmez. Bu kitap; h\u00fck\u00fcmetler, bilim insanlar\u0131 ve bireylerin, salg\u0131nlar\u0131n pandemiye d\u00f6n\u00fc\u015fmesini engelleyecek bir sistemi nas\u0131l in\u015fa<span class=\"excerpt-hellip\"> [\u2026]<\/span><\/p>\n","protected":false},"featured_media":0,"template":"","meta":{"_monsterinsights_skip_tracking":false,"_monsterinsights_sitenote_active":false,"_monsterinsights_sitenote_note":"","_monsterinsights_sitenote_category":0},"product_brand":[],"product_cat":[13366,13365],"product_tag":[],"class_list":{"0":"post-748711","1":"product","2":"type-product","3":"status-publish","5":"product_cat-diger-saglik","6":"product_cat-saglik","7":"pa_cilt-ciltsiz","8":"pa_tur-kitap","9":"pa_yayinevi-dogan-kitap","10":"pa_yazar-bill-gates","12":"first","13":"instock","14":"sale","15":"shipping-taxable","16":"purchasable","17":"product-type-simple"},"_links":{"self":[{"href":"https:\/\/roveyayinevi.com.tr\/index.php\/wp-json\/wp\/v2\/product\/748711","targetHints":{"allow":["GET"]}}],"collection":[{"href":"https:\/\/roveyayinevi.com.tr\/index.php\/wp-json\/wp\/v2\/product"}],"about":[{"href":"https:\/\/roveyayinevi.com.tr\/index.php\/wp-json\/wp\/v2\/types\/product"}],"wp:attachment":[{"href":"https:\/\/roveyayinevi.com.tr\/index.php\/wp-json\/wp\/v2\/media?parent=748711"}],"wp:term":[{"taxonomy":"product_brand","embeddable":true,"href":"https:\/\/roveyayinevi.com.tr\/index.php\/wp-json\/wp\/v2\/product_brand?post=748711"},{"taxonomy":"product_cat","embeddable":true,"href":"https:\/\/roveyayinevi.com.tr\/index.php\/wp-json\/wp\/v2\/product_cat?post=748711"},{"taxonomy":"product_tag","embeddable":true,"href":"https:\/\/roveyayinevi.com.tr\/index.php\/wp-json\/wp\/v2\/product_tag?post=748711"}],"curies":[{"name":"wp","href":"https:\/\/api.w.org\/{rel}","templated":true}]}}