{"id":748710,"date":"2025-08-28T03:37:32","date_gmt":"2025-08-28T00:37:32","guid":{"rendered":"https:\/\/roveyayinevi.com.tr\/index.php\/urun\/ya-iliskiler-hakkinda-bildikleriniz-yanlissa\/"},"modified":"2026-04-16T03:01:34","modified_gmt":"2026-04-16T00:01:34","slug":"ya-iliskiler-hakkinda-bildikleriniz-yanlissa","status":"publish","type":"product","link":"https:\/\/roveyayinevi.com.tr\/index.php\/urun\/ya-iliskiler-hakkinda-bildikleriniz-yanlissa\/","title":{"rendered":"Ya \u0130li\u015fkiler Hakk\u0131nda Bildikleriniz Yanl\u0131\u015fsa?"},"content":{"rendered":"<p>\u201cA\u015fk\u0131n g\u00f6z\u00fc k\u00f6rd\u00fcr\u201d deyi\u015fini duymu\u015fsunuzdur. Pek\u00e2l\u00e2, i\u015fin asl\u0131, a\u015fk sa\u011f\u0131r ve aptal da olabilir. Ama yine de kimse a\u015fktan kaynaklanan k\u00f6rl\u00fc\u011f\u00fc kabul etmek istemez; yani merak etmeyin, yaln\u0131z de\u011filsiniz\u2026 \u0130ki ki\u015fi aras\u0131ndaki \u00e7ekim g\u00fcc\u00fc ba\u015flad\u0131\u011f\u0131 gibi gitmez, zaman i\u00e7inde \u00e7e\u015fitli dalgalanmalardan, labirentlerden ge\u00e7erek ilerleyen ili\u015fki zay\u0131flayabilir, hatta engelleyici hale gelebilir. \u015eunu duymak ho\u015funuza gitmeyecektir; iyi niyetinize ra\u011fmen ve fark\u0131nda olmaks\u0131z\u0131n ili\u015fkinizin en b\u00fcy\u00fck d\u00fc\u015fman\u0131 siz olabilirsiniz. \u00c7\u00fcnk\u00fc sizin de k\u00f6r noktalar\u0131n\u0131z; sormad\u0131\u011f\u0131n\u0131z kilit sorular, ka\u00e7\u0131rd\u0131\u011f\u0131n\u0131z sinyaller, g\u00f6rmedi\u011finiz i\u015faretler, hak etmedi\u011fi halde de\u011fer verdi\u011finiz veya yanl\u0131\u015f yorumlad\u0131\u011f\u0131n\u0131z \u015feyler var. \u015eunu kabul etmemiz gerekir; ili\u015fkiler ger\u00e7ekten akla ve sa\u011fduyuya dayansayd\u0131 m\u00fckemmel e\u015fi ve mutlulu\u011fu bulmak kolay olurdu. Oysa b\u00f6yle olmad\u0131\u011f\u0131n\u0131 biliyoruz. Psikoloji profes\u00f6r\u00fc Gary W. Lewandowski Jr. etkileyici \u00f6rnekler ve hik\u00e2yelerle harmanlayarak a\u015fk hayat\u0131m\u0131z\u0131, ili\u015fkimizi sabote eden, zora sokan en \u00f6nemli on konuyu ele al\u0131yor. Sevmenin ve sevilmenin ne anlama geldi\u011fine farkl\u0131 ve geleneksel kalplar\u0131n d\u0131\u015f\u0131ndan yakla\u015f\u0131yor. \u0130\u015fin s\u0131rr\u0131 zaman\u0131n\u0131z\u0131 vermeye de\u011fecek ili\u015fkiyi bulup geli\u015ftirmektedir. Bu kitap arzu etti\u011finiz ili\u015fkiyi bulmaya veya ili\u015fkinizi arzu etti\u011finiz noktaya ta\u015f\u0131maya yard\u0131mc\u0131 olacakt\u0131r. <\/p>\n","protected":false},"excerpt":{"rendered":"<p>\u201cA\u015fk\u0131n g\u00f6z\u00fc k\u00f6rd\u00fcr\u201d deyi\u015fini duymu\u015fsunuzdur. Pek\u00e2l\u00e2, i\u015fin asl\u0131, a\u015fk sa\u011f\u0131r ve aptal da olabilir. Ama yine de kimse a\u015fktan kaynaklanan k\u00f6rl\u00fc\u011f\u00fc kabul etmek istemez; yani merak<span class=\"excerpt-hellip\"> [\u2026]<\/span><\/p>\n","protected":false},"featured_media":0,"template":"","meta":{"_monsterinsights_skip_tracking":false,"_monsterinsights_sitenote_active":false,"_monsterinsights_sitenote_note":"","_monsterinsights_sitenote_category":0},"product_brand":[],"product_cat":[12364,12376],"product_tag":[],"class_list":{"0":"post-748710","1":"product","2":"type-product","3":"status-publish","5":"product_cat-genel-konular","6":"product_cat-kisisel-gelisim","7":"pa_cilt-ciltsiz","8":"pa_tur-kitap","9":"pa_yayinevi-kuraldisi-yayinevi","10":"pa_yazar-gary-w-lewandowski-jr","12":"first","13":"instock","14":"sale","15":"shipping-taxable","16":"purchasable","17":"product-type-simple"},"_links":{"self":[{"href":"https:\/\/roveyayinevi.com.tr\/index.php\/wp-json\/wp\/v2\/product\/748710","targetHints":{"allow":["GET"]}}],"collection":[{"href":"https:\/\/roveyayinevi.com.tr\/index.php\/wp-json\/wp\/v2\/product"}],"about":[{"href":"https:\/\/roveyayinevi.com.tr\/index.php\/wp-json\/wp\/v2\/types\/product"}],"wp:attachment":[{"href":"https:\/\/roveyayinevi.com.tr\/index.php\/wp-json\/wp\/v2\/media?parent=748710"}],"wp:term":[{"taxonomy":"product_brand","embeddable":true,"href":"https:\/\/roveyayinevi.com.tr\/index.php\/wp-json\/wp\/v2\/product_brand?post=748710"},{"taxonomy":"product_cat","embeddable":true,"href":"https:\/\/roveyayinevi.com.tr\/index.php\/wp-json\/wp\/v2\/product_cat?post=748710"},{"taxonomy":"product_tag","embeddable":true,"href":"https:\/\/roveyayinevi.com.tr\/index.php\/wp-json\/wp\/v2\/product_tag?post=748710"}],"curies":[{"name":"wp","href":"https:\/\/api.w.org\/{rel}","templated":true}]}}