{"id":748709,"date":"2025-08-28T03:37:30","date_gmt":"2025-08-28T00:37:30","guid":{"rendered":"https:\/\/roveyayinevi.com.tr\/index.php\/urun\/mayisin-ucuncu-haftasi\/"},"modified":"2026-04-16T03:01:34","modified_gmt":"2026-04-16T00:01:34","slug":"mayisin-ucuncu-haftasi","status":"publish","type":"product","link":"https:\/\/roveyayinevi.com.tr\/index.php\/urun\/mayisin-ucuncu-haftasi\/","title":{"rendered":"May\u0131s\u0131n \u00dc\u00e7\u00fcnc\u00fc Haftas\u0131"},"content":{"rendered":"<p>Canavar efsaneleri, \u00e7ocuklu\u011fun gizemi! \u0130lk roman\u0131 A\u015fa\u011f\u0130stanbul\u2019la \u00e7ok sevilen Melis Sena Y\u0131lmaz, yeni kitab\u0131nda yine soluksuz bir macera sunuyor. Gizemli bir tekerlemenin yol a\u00e7t\u0131\u011f\u0131 tuhafl\u0131klar\u0131n izini s\u00fcren iki \u00e7ocuk, kendilerini tekinsiz bir ka\u00e7\u0131\u015fta buluverir. \u0130\u00e7imizdeki iyiyle k\u00f6t\u00fcn\u00fcn ezeli \u00e7at\u0131\u015fmas\u0131n\u0131 mizahi \u00fcslubuyla yorumlayan yazar, bazen bir canavara d\u00f6n\u00fc\u015fmemek i\u00e7in g\u00f6sterilen \u00e7abay\u0131 ve arkada\u015fl\u0131\u011f\u0131n g\u00fcc\u00fcn\u00fc ne\u015feli bir dille anlat\u0131yor. Bir sahaf\u0131n raflar\u0131ndan k\u00fclt\u00fcr tarihimizin derinliklerine uzanan macera, felsefi g\u00f6ndermeleriyle etkileyici bir okuma olana\u011f\u0131 sunuyor. Antalya tatili plan\u0131 suya d\u00fc\u015fen Cenk, y\u0131llard\u0131r g\u00f6rmedi\u011fi b\u00fcy\u00fckhalas\u0131n\u0131n Bozcaada\u2019daki oteline g\u00f6nderilir. Otelin s\u00fcrprizli odalar\u0131n\u0131, \u00fcrpertici Bah\u00e7\u0131van H\u00fcsn\u00fc\u2019y\u00fc, g\u00fcle\u00e7 A\u015f\u00e7\u0131 Birol\u2019u ve tuhaf Necla Hala\u2019y\u0131 ilgin\u00e7 bulur. Ancak, daha ilk g\u00fcn temizlik yapmas\u0131 istenince bozulur. Akl\u0131 fikri y\u00fczmektedir. Hem de, adadaki gizemli tekerlemeye ra\u011fmen. Sahilde neye u\u011frad\u0131\u011f\u0131n\u0131 \u015fa\u015f\u0131ran Cenk, yeni arkada\u015f\u0131 B\u00fc\u015fra\u2019n\u0131n da yard\u0131m\u0131yla esrarengiz bodrumun, tepetaklak adam\u0131n ve bat\u00e7\u0131k ku\u015flar\u0131n\u0131n s\u0131rr\u0131n\u0131 \u00e7\u00f6zmeye \u00e7al\u0131\u015f\u0131r&#8230;<\/p>\n","protected":false},"excerpt":{"rendered":"<p>Canavar efsaneleri, \u00e7ocuklu\u011fun gizemi! \u0130lk roman\u0131 A\u015fa\u011f\u0130stanbul\u2019la \u00e7ok sevilen Melis Sena Y\u0131lmaz, yeni kitab\u0131nda yine soluksuz bir macera sunuyor. Gizemli bir tekerlemenin yol a\u00e7t\u0131\u011f\u0131 tuhafl\u0131klar\u0131n izini<span class=\"excerpt-hellip\"> [\u2026]<\/span><\/p>\n","protected":false},"featured_media":0,"template":"","meta":{"_monsterinsights_skip_tracking":false,"_monsterinsights_sitenote_active":false,"_monsterinsights_sitenote_note":"","_monsterinsights_sitenote_category":0},"product_brand":[],"product_cat":[12689,12274],"product_tag":[],"class_list":{"0":"post-748709","1":"product","2":"type-product","3":"status-publish","5":"product_cat-cizgi-roman-cocuk-ve-genclik-kitaplari","6":"product_cat-cocuk-ve-genclik-kitaplari","7":"pa_cilt-ciltsiz","8":"pa_tur-kitap","9":"pa_yayinevi-gunisigi-kitapligi","10":"pa_yazar-melis-sena-yilmaz","12":"first","13":"instock","14":"sale","15":"shipping-taxable","16":"purchasable","17":"product-type-simple"},"_links":{"self":[{"href":"https:\/\/roveyayinevi.com.tr\/index.php\/wp-json\/wp\/v2\/product\/748709","targetHints":{"allow":["GET"]}}],"collection":[{"href":"https:\/\/roveyayinevi.com.tr\/index.php\/wp-json\/wp\/v2\/product"}],"about":[{"href":"https:\/\/roveyayinevi.com.tr\/index.php\/wp-json\/wp\/v2\/types\/product"}],"wp:attachment":[{"href":"https:\/\/roveyayinevi.com.tr\/index.php\/wp-json\/wp\/v2\/media?parent=748709"}],"wp:term":[{"taxonomy":"product_brand","embeddable":true,"href":"https:\/\/roveyayinevi.com.tr\/index.php\/wp-json\/wp\/v2\/product_brand?post=748709"},{"taxonomy":"product_cat","embeddable":true,"href":"https:\/\/roveyayinevi.com.tr\/index.php\/wp-json\/wp\/v2\/product_cat?post=748709"},{"taxonomy":"product_tag","embeddable":true,"href":"https:\/\/roveyayinevi.com.tr\/index.php\/wp-json\/wp\/v2\/product_tag?post=748709"}],"curies":[{"name":"wp","href":"https:\/\/api.w.org\/{rel}","templated":true}]}}