{"id":748708,"date":"2025-08-28T03:37:29","date_gmt":"2025-08-28T00:37:29","guid":{"rendered":"https:\/\/roveyayinevi.com.tr\/index.php\/urun\/enola-holmes-4\/"},"modified":"2026-04-16T03:01:33","modified_gmt":"2026-04-16T00:01:33","slug":"enola-holmes-4","status":"publish","type":"product","link":"https:\/\/roveyayinevi.com.tr\/index.php\/urun\/enola-holmes-4\/","title":{"rendered":"Enola Holmes 4"},"content":{"rendered":"<p>\u201cDikkatli ol. \u0130zleniyoruz.\u201d Arkada\u015f\u0131 Leydi Cecily\u2019nin pembe yelpazesini kullanarak Enola Holmes\u2019a verdi\u011fi tehlike mesaj\u0131d\u0131r bu. Enola, berbat bir yetimhaneye hapsedilmi\u015f olan Cecily\u2019yi kurtarmal\u0131d\u0131r. E\u011fer kurtar\u0131lmazsa Cecily bedbaht bir evlili\u011fe zorlanacakt\u0131r! Enola\u2019n\u0131n a\u011fabeyi Sherlock yard\u0131m edebilecek tek ki\u015fidir. Enola, e\u011fer Sherlock ile g\u00fc\u00e7lerini birle\u015ftirirse \u00f6zg\u00fcrl\u00fc\u011f\u00fcn\u00fc riske atacakt\u0131r ancak bunu yapmazsa da Leydi Cecily\u2019yi k\u00f6t\u00fc bir son beklemektedir.   En \u0130yi Gen\u00e7 Yeti\u015fkin Roman dal\u0131nda Edgar \u00d6d\u00fcl\u00fc ve En \u0130yi \u00c7ocuk Kitab\u0131 dal\u0131nda Edgar \u00d6d\u00fcl\u00fc ve James Tiptree Jr. \u00d6d\u00fcl\u00fc alan yazar Nancy Springer\u2019\u0131n alt\u0131 kitapl\u0131k Enola Holmes Gizemi serisinden Netflix, iki film yaparak seyirciyle bulu\u015fturdu.<\/p>\n","protected":false},"excerpt":{"rendered":"<p>\u201cDikkatli ol. \u0130zleniyoruz.\u201d Arkada\u015f\u0131 Leydi Cecily\u2019nin pembe yelpazesini kullanarak Enola Holmes\u2019a verdi\u011fi tehlike mesaj\u0131d\u0131r bu. Enola, berbat bir yetimhaneye hapsedilmi\u015f olan Cecily\u2019yi kurtarmal\u0131d\u0131r. E\u011fer kurtar\u0131lmazsa Cecily<span class=\"excerpt-hellip\"> [\u2026]<\/span><\/p>\n","protected":false},"featured_media":0,"template":"","meta":{"_monsterinsights_skip_tracking":false,"_monsterinsights_sitenote_active":false,"_monsterinsights_sitenote_note":"","_monsterinsights_sitenote_category":0},"product_brand":[],"product_cat":[12291,12711],"product_tag":[],"class_list":{"0":"post-748708","1":"product","2":"type-product","3":"status-publish","5":"product_cat-edebiyat","6":"product_cat-roman-oyku","7":"pa_cilt-ciltsiz","8":"pa_tur-kitap","9":"pa_yayinevi-eksik-parca-yayinlari","10":"pa_yazar-nancy-springer","12":"first","13":"instock","14":"sale","15":"shipping-taxable","16":"purchasable","17":"product-type-simple"},"_links":{"self":[{"href":"https:\/\/roveyayinevi.com.tr\/index.php\/wp-json\/wp\/v2\/product\/748708","targetHints":{"allow":["GET"]}}],"collection":[{"href":"https:\/\/roveyayinevi.com.tr\/index.php\/wp-json\/wp\/v2\/product"}],"about":[{"href":"https:\/\/roveyayinevi.com.tr\/index.php\/wp-json\/wp\/v2\/types\/product"}],"wp:attachment":[{"href":"https:\/\/roveyayinevi.com.tr\/index.php\/wp-json\/wp\/v2\/media?parent=748708"}],"wp:term":[{"taxonomy":"product_brand","embeddable":true,"href":"https:\/\/roveyayinevi.com.tr\/index.php\/wp-json\/wp\/v2\/product_brand?post=748708"},{"taxonomy":"product_cat","embeddable":true,"href":"https:\/\/roveyayinevi.com.tr\/index.php\/wp-json\/wp\/v2\/product_cat?post=748708"},{"taxonomy":"product_tag","embeddable":true,"href":"https:\/\/roveyayinevi.com.tr\/index.php\/wp-json\/wp\/v2\/product_tag?post=748708"}],"curies":[{"name":"wp","href":"https:\/\/api.w.org\/{rel}","templated":true}]}}