{"id":748707,"date":"2025-08-28T03:37:27","date_gmt":"2025-08-28T00:37:27","guid":{"rendered":"https:\/\/roveyayinevi.com.tr\/index.php\/urun\/dunyaya-sevgilerle-butun-siirleri\/"},"modified":"2026-04-16T03:01:33","modified_gmt":"2026-04-16T00:01:33","slug":"dunyaya-sevgilerle-butun-siirleri","status":"publish","type":"product","link":"https:\/\/roveyayinevi.com.tr\/index.php\/urun\/dunyaya-sevgilerle-butun-siirleri\/","title":{"rendered":"D\u00fcnyaya Sevgilerle B\u00fct\u00fcn \u015eiirleri"},"content":{"rendered":"<p>\u015eair, tiyatro ve sinema oyuncusu K\u00e2mran S. Y\u00fcce\u2019nin B\u00fct\u00fcn \u015eiirleri D\u00fcnyaya Sevgilerle yay\u0131mland\u0131. \u0130lk d\u00f6nemlerinde bireysel konular\u0131 ele alan Y\u00fcce, zaman i\u00e7erisinde \u2018emek\u2019 gibi toplumsal konular\u0131 da ele al\u0131r.   D\u00f6neminin hi\u00e7bir ak\u0131m\u0131na ba\u011fl\u0131 kalmayan Y\u00fcce, Hilmi Yavuz\u2019un da belirtti\u011fi gibi \u201cne o ne de \u00f6teki\u201d olmayan, \u00f6zg\u00fcn bir \u015fiir d\u00fcnyas\u0131na sahiptir. Ya\u015fam\u0131 boyunca \u015fiirle i\u00e7 i\u00e7e olmu\u015f Y\u00fcce\u2019nin dizeleri, her daim yal\u0131n ve duyarl\u0131d\u0131r.   &#8212;&#8212;&#8212;&#8212;&#8212;&#8212;&#8212;&#8212;&#8212;&#8212;&#8212;&#8212;&#8212;&#8212;&#8212;&#8212;&#8212;&#8212;&#8212;&#8212;&#8212;&#8212;&#8212;&#8212;&#8212;&#8212;&#8212;&#8212;&#8212;&#8212;&#8212;&#8212;&#8211; G\u00fcbrelerde ar\u0131yoruz ya\u015famam\u0131z\u0131 ayaklar\u0131m\u0131zla e\u015fiyoruz ellerimiz bo\u015f o en g\u00fczel ne da\u011flardan gelen r\u00fczg\u00e2r\u0131n ne suyun g\u00f6lgelerde akan o ellerimiz serin ve g\u00fczel duvarlar\u0131 ba\u015fkalar\u0131 yap\u0131yor   o bulutlar ki ya\u011fmur i\u00e7in tutup karart\u0131yoruz tutup karart\u0131yoruz dakikalar\u0131 kuyularda \u00fc\u015f\u00fcyor yank\u0131s\u0131z biraz g\u00f6\u011ferse toprak biraz y\u0131kansa ellerimiz duvarlar\u0131 hep ba\u015fkalar\u0131 yap\u0131yor <\/p>\n","protected":false},"excerpt":{"rendered":"<p>\u015eair, tiyatro ve sinema oyuncusu K\u00e2mran S. Y\u00fcce\u2019nin B\u00fct\u00fcn \u015eiirleri D\u00fcnyaya Sevgilerle yay\u0131mland\u0131. \u0130lk d\u00f6nemlerinde bireysel konular\u0131 ele alan Y\u00fcce, zaman i\u00e7erisinde \u2018emek\u2019 gibi toplumsal konular\u0131<span class=\"excerpt-hellip\"> [\u2026]<\/span><\/p>\n","protected":false},"featured_media":0,"template":"","meta":{"_monsterinsights_skip_tracking":false,"_monsterinsights_sitenote_active":false,"_monsterinsights_sitenote_note":"","_monsterinsights_sitenote_category":0},"product_brand":[],"product_cat":[12291,12509],"product_tag":[],"class_list":{"0":"post-748707","1":"product","2":"type-product","3":"status-publish","5":"product_cat-edebiyat","6":"product_cat-siir","7":"pa_cilt-ciltsiz","8":"pa_tur-kitap","9":"pa_yayinevi-everest-yayinlari","10":"pa_yazar-kamran-s-yuce","12":"first","13":"instock","14":"sale","15":"shipping-taxable","16":"purchasable","17":"product-type-simple"},"_links":{"self":[{"href":"https:\/\/roveyayinevi.com.tr\/index.php\/wp-json\/wp\/v2\/product\/748707","targetHints":{"allow":["GET"]}}],"collection":[{"href":"https:\/\/roveyayinevi.com.tr\/index.php\/wp-json\/wp\/v2\/product"}],"about":[{"href":"https:\/\/roveyayinevi.com.tr\/index.php\/wp-json\/wp\/v2\/types\/product"}],"wp:attachment":[{"href":"https:\/\/roveyayinevi.com.tr\/index.php\/wp-json\/wp\/v2\/media?parent=748707"}],"wp:term":[{"taxonomy":"product_brand","embeddable":true,"href":"https:\/\/roveyayinevi.com.tr\/index.php\/wp-json\/wp\/v2\/product_brand?post=748707"},{"taxonomy":"product_cat","embeddable":true,"href":"https:\/\/roveyayinevi.com.tr\/index.php\/wp-json\/wp\/v2\/product_cat?post=748707"},{"taxonomy":"product_tag","embeddable":true,"href":"https:\/\/roveyayinevi.com.tr\/index.php\/wp-json\/wp\/v2\/product_tag?post=748707"}],"curies":[{"name":"wp","href":"https:\/\/api.w.org\/{rel}","templated":true}]}}