{"id":748705,"date":"2025-08-28T03:37:24","date_gmt":"2025-08-28T00:37:24","guid":{"rendered":"https:\/\/roveyayinevi.com.tr\/index.php\/urun\/farkindalik-kitabi\/"},"modified":"2026-04-03T03:03:36","modified_gmt":"2026-04-03T00:03:36","slug":"farkindalik-kitabi","status":"publish","type":"product","link":"https:\/\/roveyayinevi.com.tr\/index.php\/urun\/farkindalik-kitabi\/","title":{"rendered":"Fark\u0131ndal\u0131k Kitab\u0131"},"content":{"rendered":"<p>FARKINDALIK VE \u00c7A\u011eDA\u015e PS\u0130KOLOJ\u0130N\u0130N B\u0130RLE\u015eT\u0130\u011e\u0130 TEMEL UYGULAMALAR Daha huzurlu ve odakl\u0131 bir zihne ula\u015fmak istiyorsan\u0131z Fark\u0131ndal\u0131k Kitab\u0131\u2019n\u0131n etkisi zaman i\u00e7inde test edilmi\u015f y\u00f6ntemleri tam size g\u00f6re! Fark\u0131ndal\u0131k uygulamas\u0131n\u0131n arkas\u0131ndaki temel fikirlere geri d\u00f6nerek fark\u0131ndal\u0131\u011f\u0131 nas\u0131l uygulanaca\u011f\u0131n\u0131za dair \u00f6zl\u00fc ve pratik yakla\u015f\u0131mlar\u0131 bu kitapta bulacaks\u0131n\u0131z.   MARTYN NEWMAN, duygusal zek\u00e2 (EQ) ve fark\u0131ndal\u0131k alan\u0131nda uzman olarak uluslararas\u0131 \u00fcne sahip bir klinik psikologdur. Sky, ExxonMobil ve Boeing gibi \u015firketlerde \u00fcst d\u00fczey y\u00f6neticilere fark\u0131ndal\u0131k e\u011fitimleri vermi\u015f olan Newman, Dalai Lama taraf\u0131ndan onaylanan ve Dr. Paul Ekman ile Dr. B. Alan Wallace taraf\u0131ndan verilen \u201cCultivating Emotional Balance Teacher Training\u201d (Duygusal Denge Alan\u0131nda \u00d6\u011fretmen E\u011fitimi) program\u0131n\u0131 bitirmi\u015ftir.   \u201cBu, fark\u0131ndal\u0131k \u00fczerine yaz\u0131lm\u0131\u015f ola\u011fan\u00fcst\u00fc bir kitap! Martyn, gelenekten gelen bilgelik ile bili\u015fsel psikolojiden gelen i\u00e7g\u00f6r\u00fcleri son derece anla\u015f\u0131l\u0131r ve pratik bir rehberde bir araya getirmi\u015f.\u201d \u2013Tracey Waters \u201cMartyn, \u00e7al\u0131\u015fma hayat\u0131n\u0131n karma\u015fas\u0131 ve i\u015fyerinin stresi i\u00e7erisinde kendinizi koruyup g\u00f6zetmenin yollar\u0131n\u0131 anlamas\u0131 ve uygulamas\u0131 kolay bir \u015fekilde ele alm\u0131\u015f. Onun bilgi derinli\u011fi, bizim almam\u0131z gereken bir hediyedir.\u201d \u2013Sian Evans \u201cKendinizi y\u00fcksek performansl\u0131 liderli\u011fe ta\u015f\u0131yabilmeniz i\u00e7in fark\u0131ndal\u0131\u011f\u0131n \u00f6z\u00fcne ve uygulamas\u0131na m\u00fckemmel bir giri\u015f!\u201d \u2013Stephanie Sturges <\/p>\n","protected":false},"excerpt":{"rendered":"<p>FARKINDALIK VE \u00c7A\u011eDA\u015e PS\u0130KOLOJ\u0130N\u0130N B\u0130RLE\u015eT\u0130\u011e\u0130 TEMEL UYGULAMALAR Daha huzurlu ve odakl\u0131 bir zihne ula\u015fmak istiyorsan\u0131z Fark\u0131ndal\u0131k Kitab\u0131\u2019n\u0131n etkisi zaman i\u00e7inde test edilmi\u015f y\u00f6ntemleri tam size g\u00f6re!<span class=\"excerpt-hellip\"> [\u2026]<\/span><\/p>\n","protected":false},"featured_media":0,"template":"","meta":{"_monsterinsights_skip_tracking":false,"_monsterinsights_sitenote_active":false,"_monsterinsights_sitenote_note":"","_monsterinsights_sitenote_category":0},"product_brand":[],"product_cat":[12364,12376],"product_tag":[],"class_list":{"0":"post-748705","1":"product","2":"type-product","3":"status-publish","5":"product_cat-genel-konular","6":"product_cat-kisisel-gelisim","7":"pa_cilt-ciltsiz","8":"pa_tur-kitap","9":"pa_yayinevi-mona-kitap","10":"pa_yazar-martyn-newman","12":"first","13":"instock","14":"sale","15":"shipping-taxable","16":"purchasable","17":"product-type-simple"},"_links":{"self":[{"href":"https:\/\/roveyayinevi.com.tr\/index.php\/wp-json\/wp\/v2\/product\/748705","targetHints":{"allow":["GET"]}}],"collection":[{"href":"https:\/\/roveyayinevi.com.tr\/index.php\/wp-json\/wp\/v2\/product"}],"about":[{"href":"https:\/\/roveyayinevi.com.tr\/index.php\/wp-json\/wp\/v2\/types\/product"}],"wp:attachment":[{"href":"https:\/\/roveyayinevi.com.tr\/index.php\/wp-json\/wp\/v2\/media?parent=748705"}],"wp:term":[{"taxonomy":"product_brand","embeddable":true,"href":"https:\/\/roveyayinevi.com.tr\/index.php\/wp-json\/wp\/v2\/product_brand?post=748705"},{"taxonomy":"product_cat","embeddable":true,"href":"https:\/\/roveyayinevi.com.tr\/index.php\/wp-json\/wp\/v2\/product_cat?post=748705"},{"taxonomy":"product_tag","embeddable":true,"href":"https:\/\/roveyayinevi.com.tr\/index.php\/wp-json\/wp\/v2\/product_tag?post=748705"}],"curies":[{"name":"wp","href":"https:\/\/api.w.org\/{rel}","templated":true}]}}