{"id":748704,"date":"2025-08-28T03:37:23","date_gmt":"2025-08-28T00:37:23","guid":{"rendered":"https:\/\/roveyayinevi.com.tr\/index.php\/urun\/spor-bilimleri-arastirmalari\/"},"modified":"2026-04-16T03:01:33","modified_gmt":"2026-04-16T00:01:33","slug":"spor-bilimleri-arastirmalari","status":"publish","type":"product","link":"https:\/\/roveyayinevi.com.tr\/index.php\/urun\/spor-bilimleri-arastirmalari\/","title":{"rendered":"Spor Bilimleri Ara\u015ft\u0131rmalar\u0131"},"content":{"rendered":"<p>B\u00f6l\u00fcm 1 Beden E\u011fitimi ve Spor \u00d6\u011fretmenli\u011finde Mentorluk B\u00f6l\u00fcm 2 Beden E\u011fitimi ve Sporda Yarat\u0131c\u0131 Drama B\u00f6l\u00fcm 3 T\u00fcrkiye\u2019de Do\u011fa Sporlar\u0131: Sistematik Derleme \u00c7al\u0131\u015fmas\u0131 B\u00f6l\u00fcm 4 Dijital Pazarlama ve Spor B\u00f6l\u00fcm 5 Fiziksel Okuryazarl\u0131k B\u00f6l\u00fcm 6 Kas Hipertrofisi ve Protein B\u00f6l\u00fcm 7 Masa Tenisinde Uzun Vadeli Sporcu Geli\u015fim Modeli B\u00f6l\u00fcm 8 Masa Tenisinde G\u00f6r\u00fclen Spor Yaralanmalar\u0131 B\u00f6l\u00fcm 9 Rekreasyon Y\u00f6netimi B\u00f6l\u00fcm 10 Spor ve Narsizm B\u00f6l\u00fcm 11 Spor ve Sinizm B\u00f6l\u00fcm 12 T\u00fcrkiye\u2019de Tenis: Sistematik Derleme \u00c7al\u0131\u015fmas\u0131 B\u00f6l\u00fcm 13 Spor Etkinliklerinin Sigara Ba\u011f\u0131ml\u0131l\u0131\u011f\u0131n\u0131 Engellemeye Etkileri ve Yap\u0131lan \u00c7al\u0131\u015fmalar\u0131n De\u011ferlendirilmesi B\u00f6l\u00fcm 14 Basketbolda Psikolojik Performans ve Karar Verme<\/p>\n","protected":false},"excerpt":{"rendered":"<p>B\u00f6l\u00fcm 1 Beden E\u011fitimi ve Spor \u00d6\u011fretmenli\u011finde Mentorluk B\u00f6l\u00fcm 2 Beden E\u011fitimi ve Sporda Yarat\u0131c\u0131 Drama B\u00f6l\u00fcm 3 T\u00fcrkiye\u2019de Do\u011fa Sporlar\u0131: Sistematik Derleme \u00c7al\u0131\u015fmas\u0131 B\u00f6l\u00fcm 4<span class=\"excerpt-hellip\"> [\u2026]<\/span><\/p>\n","protected":false},"featured_media":0,"template":"","meta":{"_monsterinsights_skip_tracking":false,"_monsterinsights_sitenote_active":false,"_monsterinsights_sitenote_note":"","_monsterinsights_sitenote_category":0},"product_brand":[],"product_cat":[15563,15564],"product_tag":[],"class_list":{"0":"post-748704","1":"product","2":"type-product","3":"status-publish","5":"product_cat-hobi","6":"product_cat-spor","7":"pa_cilt-ciltsiz","8":"pa_tur-kitap","9":"pa_yayinevi-gazi-kitabevi","10":"pa_yazar-kolektif","12":"first","13":"instock","14":"sale","15":"shipping-taxable","16":"purchasable","17":"product-type-simple"},"_links":{"self":[{"href":"https:\/\/roveyayinevi.com.tr\/index.php\/wp-json\/wp\/v2\/product\/748704","targetHints":{"allow":["GET"]}}],"collection":[{"href":"https:\/\/roveyayinevi.com.tr\/index.php\/wp-json\/wp\/v2\/product"}],"about":[{"href":"https:\/\/roveyayinevi.com.tr\/index.php\/wp-json\/wp\/v2\/types\/product"}],"wp:attachment":[{"href":"https:\/\/roveyayinevi.com.tr\/index.php\/wp-json\/wp\/v2\/media?parent=748704"}],"wp:term":[{"taxonomy":"product_brand","embeddable":true,"href":"https:\/\/roveyayinevi.com.tr\/index.php\/wp-json\/wp\/v2\/product_brand?post=748704"},{"taxonomy":"product_cat","embeddable":true,"href":"https:\/\/roveyayinevi.com.tr\/index.php\/wp-json\/wp\/v2\/product_cat?post=748704"},{"taxonomy":"product_tag","embeddable":true,"href":"https:\/\/roveyayinevi.com.tr\/index.php\/wp-json\/wp\/v2\/product_tag?post=748704"}],"curies":[{"name":"wp","href":"https:\/\/api.w.org\/{rel}","templated":true}]}}