{"id":748702,"date":"2025-08-28T03:37:21","date_gmt":"2025-08-28T00:37:21","guid":{"rendered":"https:\/\/roveyayinevi.com.tr\/index.php\/urun\/isletmeler-ve-is-gorenler-acisindan-sirnak\/"},"modified":"2026-04-16T03:01:33","modified_gmt":"2026-04-16T00:01:33","slug":"isletmeler-ve-is-gorenler-acisindan-sirnak","status":"publish","type":"product","link":"https:\/\/roveyayinevi.com.tr\/index.php\/urun\/isletmeler-ve-is-gorenler-acisindan-sirnak\/","title":{"rendered":"\u0130\u015fletmeler ve \u0130\u015f G\u00f6renler A\u00e7\u0131s\u0131ndan \u015eIRNAK"},"content":{"rendered":"<p>B\u00d6L\u00dcM I 1. \u0130\u015eLETME VE \u00c7E\u015e\u0130TLER\u0130. 2. \u0130\u015eG\u00dcC\u00dc VE \u0130\u015eG\u00dcC\u00dc P\u0130YASASI KAVRAMLARI 3. D\u0130J\u0130TALLE\u015eME VE \u00c7ALI\u015eMA YA\u015eAMI 4. PANDEM\u0130 D\u00d6NEM\u0130 VE \u00c7ALI\u015eMA HAYATI 5. T\u00dcRK\u0130YE \u0130\u015eG\u00dcC\u00dc P\u0130YASASI GENEL \u00d6ZELL\u0130KLER\u0130   B\u00d6L\u00dcM II \u015eIRNAK \u0130L\u0130 VE \u0130L\u00c7ELER\u0130 1. \u015eIRNAK \u0130L\u0130 2. C\u0130ZRE \u0130L\u00c7ES\u0130 3. S\u0130LOP\u0130 \u0130L\u00c7ES\u0130 4. \u0130D\u0130L \u0130L\u00c7ES\u0130 5. ULUDERE \u0130L\u00c7ES\u0130 6. BEYT\u00dc\u015e\u015eEBAP \u0130L\u00c7ES\u0130 7. G\u00dc\u00c7L\u00dcKONAK \u0130L\u00c7ES\u0130   B\u00d6L\u00dcM III \u015eIRNAK \u0130L\u0130 \u00c7ALI\u015eMA YA\u015eAMI 1. \u015eIRNAK \u0130L\u0130 \u0130\u015e G\u00dcC\u00dc P\u0130YASASI \u00d6ZELL\u0130KLER\u0130 1.1. \u015eIRNAK \u0130L\u0130 YILLAR \u0130T\u0130BARIYLA SEKT\u00d6RLERE G\u00d6RE A\u00c7IK \u0130\u015eLER 1.2. \u015eIRNAK \u0130L\u0130 2021 YILI \u0130T\u0130BARIYLA SGK VER\u0130LER\u0130  1.3. \u015eIRNAK \u0130L\u0130 YILLAR \u0130T\u0130BARIYLA \u0130L BAZINDA G\u0130R\u0130\u015e\u0130MC\u0130L\u0130K  1.4. \u015eIRNAK \u0130L\u0130 YILLAR \u0130T\u0130BARIYLA \u0130\u015eE YERLE\u015eT\u0130RME 1.5. \u015eIRNAK \u0130L\u0130 YILLAR \u0130T\u0130BARIYLA TEM\u0130N\u0130NDE G\u00dc\u00c7L\u00dcK \u00c7EK\u0130LEN SEKT\u00d6RLER (K\u0130\u015e\u0130 SAYISI) 1.6. \u015eIRNAK \u0130L\u0130 SEKT\u00d6RLER \u0130T\u0130BARIYLA Y\u00d6NET\u0130C\u0130LER\u0130N \u0130ST\u0130HDAM ARTI\u015eI BEKLENT\u0130LER\u0130 1.7. \u015eIRNAK \u0130L\u0130 Y\u00d6NET\u0130C\u0130LER\u0130N \u0130\u015e G\u00d6RENLERDEN BEKLED\u0130\u011e\u0130 BECER\u0130LER 1.8. \u0130\u015eLER\u0130N ARANMA YOLLARI 1.9. \u015eIRNAK \u0130L\u0130 \u00c7ALI\u015eAN SAYISINA G\u00d6RE \u0130\u015eYER\u0130 B\u0130LG\u0130LER\u0130 1.10. \u015eIRNAK \u0130L\u0130 YILLAR \u0130T\u0130BARIYLA \u0130\u015eLETMELER\u0130N SEKT\u00d6REL DA\u011eILIMI 1.11. GELECEK D\u00d6NEMDE (B\u0130R YIL \u0130\u00c7\u0130NDE) YATIRIM YAPMAYI PLANLAYAN \u0130\u015eLETMELER 1.12. \u015eIRNAK \u0130L\u0130 YILLAR \u0130T\u0130BARIYLA EN FAZLA \u0130\u015eE YERLE\u015eT\u0130R\u0130LEN MESLEKLER 1.13. YILLAR \u0130T\u0130BARIYLA KAYITLI \u0130\u015eS\u0130ZL\u0130K 1.14. C\u0130NS\u0130YET A\u00c7ISINDAN SEKT\u00d6RLERDE \u00c7ALI\u015eAN \u0130\u015e G\u00d6RENLER 1.15. \u0130\u015eLETMELER\u0130N A\u00c7IK \u0130\u015eLER \u0130\u00c7\u0130N TALEP ETT\u0130\u011e\u0130 E\u011e\u0130T\u0130M D\u00dcZEY\u0130 1.16. \u0130\u015e G\u00d6REN TEM\u0130N ETMEDE G\u00dc\u00c7L\u00dcK \u00c7EKME NEDENLER\u0130. 1.17. YILLAR \u0130T\u0130BARIYLA TRC3 B\u00d6LGES\u0130 \u0130\u015eS\u0130ZL\u0130K ORANLARI   B\u00d6L\u00dcM IV SEKT\u00d6REL ANAL\u0130Z 1. \u015eIRNAK \u0130L\u0130 \u00dcRET\u0130M\/\u0130MALAT SEKT\u00d6R\u00dc VE \u0130\u015eLETMELER\u0130 2. \u015eIRNAK \u0130L\u0130 TARIM-HAYVANCILIK SEKT\u00d6R\u00dc VE \u0130\u015eLETMELER\u0130 3. \u015eIRNAK \u0130L\u0130 TUR\u0130ZM SEKT\u00d6R\u00dc VE \u0130\u015eLETMELER\u0130 4. \u015eIRNAK \u0130L\u0130 ENERJ\u0130-MADENC\u0130L\u0130K SEKT\u00d6R\u00dc VE \u0130\u015eLETMELER\u0130 5. \u015eIRNAK \u0130L\u0130 LOJ\u0130ST\u0130K SEKT\u00d6R\u00dc VE \u0130\u015eLETMELER\u0130 6. \u015eIRNAK \u0130L\u0130 E\u011e\u0130T\u0130M SEKT\u00d6R\u00dc VE \u0130\u015eLETMELER\u0130   B\u00d6L\u00dcM V 1. HABUR SINIR KAPISI, \u0130\u015eLETMELER VE \u0130\u015eG\u00dcC\u00dc 2. GE\u00c7\u0130C\u0130 MEVS\u0130ML\u0130K TARIM \u0130\u015e\u00c7\u0130LER\u0130 3. \u0130\u015eKUR VE \u0130\u015eLETMELER B\u00d6L\u00dcM VI KOB\u0130LERDE ELEKTRON\u0130K-\u0130\u015eE ALIM VE \u0130NSAN KAYNAKLARI Y\u00d6NET\u0130M\u0130 UYGULAMALARINI BEL\u0130RLEMEYE Y\u00d6NEL\u0130K B\u0130R UYGULAMA: \u015eIRNAK \u0130L\u0130 \u00d6RNE\u011e\u0130   B\u00d6L\u00dcM VII SONU\u00c7 KAYNAK\u00c7A <\/p>\n","protected":false},"excerpt":{"rendered":"<p>B\u00d6L\u00dcM I 1. \u0130\u015eLETME VE \u00c7E\u015e\u0130TLER\u0130. 2. \u0130\u015eG\u00dcC\u00dc VE \u0130\u015eG\u00dcC\u00dc P\u0130YASASI KAVRAMLARI 3. D\u0130J\u0130TALLE\u015eME VE \u00c7ALI\u015eMA YA\u015eAMI 4. PANDEM\u0130 D\u00d6NEM\u0130 VE \u00c7ALI\u015eMA HAYATI 5. T\u00dcRK\u0130YE \u0130\u015eG\u00dcC\u00dc<span class=\"excerpt-hellip\"> [\u2026]<\/span><\/p>\n","protected":false},"featured_media":0,"template":"","meta":{"_monsterinsights_skip_tracking":false,"_monsterinsights_sitenote_active":false,"_monsterinsights_sitenote_note":"","_monsterinsights_sitenote_category":0},"product_brand":[],"product_cat":[20333,13043],"product_tag":[],"class_list":{"0":"post-748702","1":"product","2":"type-product","3":"status-publish","5":"product_cat-diger-ekonomi","6":"product_cat-ekonomi","7":"pa_cilt-ciltsiz","8":"pa_tur-kitap","9":"pa_yayinevi-gazi-kitabevi","10":"pa_yazar-ramazan-vedat-sonmez","12":"first","13":"instock","14":"sale","15":"shipping-taxable","16":"purchasable","17":"product-type-simple"},"_links":{"self":[{"href":"https:\/\/roveyayinevi.com.tr\/index.php\/wp-json\/wp\/v2\/product\/748702","targetHints":{"allow":["GET"]}}],"collection":[{"href":"https:\/\/roveyayinevi.com.tr\/index.php\/wp-json\/wp\/v2\/product"}],"about":[{"href":"https:\/\/roveyayinevi.com.tr\/index.php\/wp-json\/wp\/v2\/types\/product"}],"wp:attachment":[{"href":"https:\/\/roveyayinevi.com.tr\/index.php\/wp-json\/wp\/v2\/media?parent=748702"}],"wp:term":[{"taxonomy":"product_brand","embeddable":true,"href":"https:\/\/roveyayinevi.com.tr\/index.php\/wp-json\/wp\/v2\/product_brand?post=748702"},{"taxonomy":"product_cat","embeddable":true,"href":"https:\/\/roveyayinevi.com.tr\/index.php\/wp-json\/wp\/v2\/product_cat?post=748702"},{"taxonomy":"product_tag","embeddable":true,"href":"https:\/\/roveyayinevi.com.tr\/index.php\/wp-json\/wp\/v2\/product_tag?post=748702"}],"curies":[{"name":"wp","href":"https:\/\/api.w.org\/{rel}","templated":true}]}}