{"id":748699,"date":"2025-08-28T03:37:18","date_gmt":"2025-08-28T00:37:18","guid":{"rendered":"https:\/\/roveyayinevi.com.tr\/index.php\/urun\/nasil-yasarsak-oyle-oluruz\/"},"modified":"2026-04-13T03:07:27","modified_gmt":"2026-04-13T00:07:27","slug":"nasil-yasarsak-oyle-oluruz","status":"publish","type":"product","link":"https:\/\/roveyayinevi.com.tr\/index.php\/urun\/nasil-yasarsak-oyle-oluruz\/","title":{"rendered":"Nas\u0131l Ya\u015farsak \u00d6yle \u00d6l\u00fcr\u00fcz"},"content":{"rendered":"<p>Ne kadar ink\u00e2r edersek edelim, her \u015feyin bir sonu vard\u0131r. Hayat\u0131m\u0131z\u0131n her an\u0131na bu biti\u015fler ve yeniden ba\u015flang\u0131\u00e7lar damga vurur: G\u00fcn biter ve yeniden ba\u015flar; bir ili\u015fki biter ve ba\u015fka bir ili\u015fki ba\u015flar; \u00f6m\u00fcr biter ve sonra yeniden ba\u015flar. Biti\u015fler ve ba\u015flang\u0131\u00e7lardan olu\u015fan ya\u015fam d\u00f6ng\u00fcm\u00fcz, bar\u0131nd\u0131rd\u0131\u011f\u0131 daimi de\u011fi\u015fim ve belirsizlik sebebiyle kimi zaman bize korkutucu gelebilir. Hat\u0131rlamam\u0131z gereken ise \u015fudur: Ancak \u00f6l\u00fcm\u00fc anlarsak, ya\u015fam\u0131m\u0131z\u0131n anlam\u0131n\u0131 ke\u015ffedebiliriz. Her \u015feyi kontrol edebilece\u011fimiz yan\u0131lsamas\u0131 i\u00e7erisinde ya\u015farken neleri ka\u00e7\u0131rd\u0131\u011f\u0131m\u0131za ve de\u011fi\u015fim ve belirsizli\u011fi kabul ile birlikte gelen arma\u011fanlara dair bilgelikle dolu bu kitapta PemaCh\u00f6dr\u00f6n, okurlara, ge\u00e7icili\u011fin hayat\u0131n her an\u0131na sirayet eden varl\u0131\u011f\u0131n\u0131 hat\u0131rlat\u0131yor ve okuru, bardolar\u0131n derin d\u00fcnyas\u0131na do\u011fru, \u015fefkatli ve \u00e7arp\u0131c\u0131 bir yolculu\u011fa \u00e7\u0131kar\u0131yor: Nas\u0131l ya\u015farsak \u00f6yle \u00f6l\u00fcr\u00fcz. Bana g\u00f6re bardo \u00f6\u011fretilerinin en temel mesaj\u0131 budur. \u015eu an kar\u015f\u0131la\u015ft\u0131\u011f\u0131m\u0131z k\u00fc\u00e7\u00fck de\u011fi\u015fimlerle nas\u0131l ba\u015f etti\u011fimiz, daha sonraki b\u00fcy\u00fck de\u011fi\u015fimlerle nas\u0131l ba\u015f edece\u011fimizin i\u015faretidir. Ba\u015f edemedi\u011fimiz \u015feylerle kurdu\u011fumuz ili\u015fki, \u00f6ld\u00fckten sonra ba\u015f edemedi\u011fimiz \u015feylerle kuraca\u011f\u0131m\u0131z ili\u015fkinin habercisidir. Nas\u0131l Ya\u015farsak \u00d6yle \u00d6l\u00fcr\u00fcz kitab\u0131, okurlar\u0131na, de\u011fi\u015fim ve belirsizli\u011fin bizde uyand\u0131rd\u0131\u011f\u0131 duygular\u0131 \u015fefkatle kucaklaman\u0131n ve hayat\u0131n d\u00f6ng\u00fcsel do\u011fas\u0131n\u0131 anlaman\u0131n yollar\u0131n\u0131 sunuyor. Pema Ch\u00f6dr\u00f6n\u2019\u00fcn \u015fefkatli e\u015fli\u011finde \u00f6l\u00fcm\u00fcn ve de\u011fi\u015fimin g\u00f6lgesinde hayat\u0131 tam ve \u015fefkatle ya\u015faman\u0131n yeni yollar\u0131n\u0131 \u00f6\u011frenebilir, hayat\u0131n i\u00e7indeki biti\u015fleri ve ba\u015flang\u0131\u00e7lar\u0131, hayat-\u00f6l\u00fcm-hayat d\u00f6ng\u00fcs\u00fcn\u00fcn do\u011fas\u0131n\u0131 ke\u015ffedebilir ve kim bilir, belki de de\u011fi\u015fim ve belirsizli\u011fe kar\u015f\u0131 tatl\u0131 bir merak duymaya ba\u015flayabilirsiniz. <\/p>\n","protected":false},"excerpt":{"rendered":"<p>Ne kadar ink\u00e2r edersek edelim, her \u015feyin bir sonu vard\u0131r. Hayat\u0131m\u0131z\u0131n her an\u0131na bu biti\u015fler ve yeniden ba\u015flang\u0131\u00e7lar damga vurur: G\u00fcn biter ve yeniden ba\u015flar; bir<span class=\"excerpt-hellip\"> [\u2026]<\/span><\/p>\n","protected":false},"featured_media":0,"template":"","meta":{"_monsterinsights_skip_tracking":false,"_monsterinsights_sitenote_active":false,"_monsterinsights_sitenote_note":"","_monsterinsights_sitenote_category":0},"product_brand":[],"product_cat":[12364,12376],"product_tag":[],"class_list":{"0":"post-748699","1":"product","2":"type-product","3":"status-publish","5":"product_cat-genel-konular","6":"product_cat-kisisel-gelisim","7":"pa_cilt-ciltsiz","8":"pa_tur-kitap","9":"pa_yayinevi-omega","10":"pa_yazar-pema-chodron","12":"first","13":"instock","14":"sale","15":"shipping-taxable","16":"purchasable","17":"product-type-simple"},"_links":{"self":[{"href":"https:\/\/roveyayinevi.com.tr\/index.php\/wp-json\/wp\/v2\/product\/748699","targetHints":{"allow":["GET"]}}],"collection":[{"href":"https:\/\/roveyayinevi.com.tr\/index.php\/wp-json\/wp\/v2\/product"}],"about":[{"href":"https:\/\/roveyayinevi.com.tr\/index.php\/wp-json\/wp\/v2\/types\/product"}],"wp:attachment":[{"href":"https:\/\/roveyayinevi.com.tr\/index.php\/wp-json\/wp\/v2\/media?parent=748699"}],"wp:term":[{"taxonomy":"product_brand","embeddable":true,"href":"https:\/\/roveyayinevi.com.tr\/index.php\/wp-json\/wp\/v2\/product_brand?post=748699"},{"taxonomy":"product_cat","embeddable":true,"href":"https:\/\/roveyayinevi.com.tr\/index.php\/wp-json\/wp\/v2\/product_cat?post=748699"},{"taxonomy":"product_tag","embeddable":true,"href":"https:\/\/roveyayinevi.com.tr\/index.php\/wp-json\/wp\/v2\/product_tag?post=748699"}],"curies":[{"name":"wp","href":"https:\/\/api.w.org\/{rel}","templated":true}]}}