{"id":748698,"date":"2025-08-28T03:37:17","date_gmt":"2025-08-28T00:37:17","guid":{"rendered":"https:\/\/roveyayinevi.com.tr\/index.php\/urun\/gazetecilikte-ucuncu-goz-drone-gazeteciligi\/"},"modified":"2026-04-16T03:01:33","modified_gmt":"2026-04-16T00:01:33","slug":"gazetecilikte-ucuncu-goz-drone-gazeteciligi","status":"publish","type":"product","link":"https:\/\/roveyayinevi.com.tr\/index.php\/urun\/gazetecilikte-ucuncu-goz-drone-gazeteciligi\/","title":{"rendered":"Gazetecilikte \u00dc\u00e7\u00fcnc\u00fc G\u00f6z: Drone Gazetecili\u011fi"},"content":{"rendered":"<p>\u00d6ns\u00f6z Giri\u015f 1 Drone ve Drone Gazetecili\u011finin Tan\u0131m\u0131 2 Drone Gazetecili\u011finin \u00d6zellikleri 3 Drone Gazetecili\u011finin Haber De\u011ferleri 4 D\u00fcnyada Drone Gazetecili\u011fi 5 T\u00fcrkiye\u2019de Drone Gazetecili\u011fi 6 Uygulama \u0130kilemi: \u015eeffafl\u0131k m\u0131 yoksa G\u00f6zetim mi? 7 Etik Kayg\u0131lar 8 Drone Gazetecili\u011finin Gelece\u011fi Sonu\u00e7 Kaynak\u00e7a<\/p>\n","protected":false},"excerpt":{"rendered":"<p>\u00d6ns\u00f6z Giri\u015f 1 Drone ve Drone Gazetecili\u011finin Tan\u0131m\u0131 2 Drone Gazetecili\u011finin \u00d6zellikleri 3 Drone Gazetecili\u011finin Haber De\u011ferleri 4 D\u00fcnyada Drone Gazetecili\u011fi 5 T\u00fcrkiye\u2019de Drone Gazetecili\u011fi 6<span class=\"excerpt-hellip\"> [\u2026]<\/span><\/p>\n","protected":false},"featured_media":0,"template":"","meta":{"_monsterinsights_skip_tracking":false,"_monsterinsights_sitenote_active":false,"_monsterinsights_sitenote_note":"","_monsterinsights_sitenote_category":0},"product_brand":[],"product_cat":[22061,13488],"product_tag":[],"class_list":{"0":"post-748698","1":"product","2":"type-product","3":"status-publish","5":"product_cat-sosyal-medya-ve-iletisim","6":"product_cat-toplum-ve-insan","7":"pa_cilt-ciltsiz","8":"pa_tur-kitap","9":"pa_yayinevi-gazi-kitabevi","10":"pa_yazar-tuba-livberber","12":"first","13":"instock","14":"sale","15":"shipping-taxable","16":"purchasable","17":"product-type-simple"},"_links":{"self":[{"href":"https:\/\/roveyayinevi.com.tr\/index.php\/wp-json\/wp\/v2\/product\/748698","targetHints":{"allow":["GET"]}}],"collection":[{"href":"https:\/\/roveyayinevi.com.tr\/index.php\/wp-json\/wp\/v2\/product"}],"about":[{"href":"https:\/\/roveyayinevi.com.tr\/index.php\/wp-json\/wp\/v2\/types\/product"}],"wp:attachment":[{"href":"https:\/\/roveyayinevi.com.tr\/index.php\/wp-json\/wp\/v2\/media?parent=748698"}],"wp:term":[{"taxonomy":"product_brand","embeddable":true,"href":"https:\/\/roveyayinevi.com.tr\/index.php\/wp-json\/wp\/v2\/product_brand?post=748698"},{"taxonomy":"product_cat","embeddable":true,"href":"https:\/\/roveyayinevi.com.tr\/index.php\/wp-json\/wp\/v2\/product_cat?post=748698"},{"taxonomy":"product_tag","embeddable":true,"href":"https:\/\/roveyayinevi.com.tr\/index.php\/wp-json\/wp\/v2\/product_tag?post=748698"}],"curies":[{"name":"wp","href":"https:\/\/api.w.org\/{rel}","templated":true}]}}